{"id":69611,"date":"2024-03-22T16:25:35","date_gmt":"2024-03-22T15:25:35","guid":{"rendered":"https:\/\/abinox-chr-clim.com\/index.php\/product\/vitrine-libre-service-chauffante-slim-buffalo\/"},"modified":"2026-04-02T09:46:56","modified_gmt":"2026-04-02T07:46:56","slug":"vitrine-libre-service-chauffante-slim-buffalo","status":"publish","type":"product","link":"https:\/\/abinox-chr-clim.com\/index.php\/product\/vitrine-libre-service-chauffante-slim-buffalo\/","title":{"rendered":"Vitrine libre-service chauffante slim Buffalo"},"content":{"rendered":"<p>Conception incurv\u00e9e \u00e9l\u00e9gante, compacte et spacieuse, avec c\u00f4t\u00e9s en verre et fa\u00e7ade ouverte pour encourager les achats impulsifs. Les \u00e9tag\u00e8res comportent des supports d&rsquo;\u00e9tiquettes. Les produits peuvent \u00e9galement \u00eatre dispos\u00e9s au niveau inf\u00e9rieur pour b\u00e9n\u00e9ficier d&rsquo;une capacit\u00e9 suppl\u00e9mentaire. Sur roulettes pour faciliter la mise en place.<br \/>Eclairage int\u00e9rieur LED pour mettre en valeur les produits. Contr\u00f4leur num\u00e9rique et affichage de la temp\u00e9rature. 3 \u00e9tag\u00e8res et emplacement en partie basse. R\u00e9f\u00e9rence soumise \u00e0 une Eco-participation mobilier de 4.19\u20ac par unit\u00e9 vendue. Roulettes avec frein pour faciliter le positionnement.  Plage de temp\u00e9rature 30-80\u00b0C. Eclairage int\u00e9rieur LED pour mettre en valeur les produits.<\/p>\n<p>Caract\u00e9ristiques :<br \/> Dimensions : 1742(H) x 494(L) x 600(P) mm.<br \/> Mati\u00e8re : Inox et verre.<br \/> Voltage : 230V.<br \/> Couleur : Noir et acier inoxydable.<\/p>\n","protected":false},"excerpt":{"rendered":"<div><img decoding=\"async\" src=\"https:\/\/abinox-chr-clim.com\/wp-content\/uploads\/2024\/03\/abinox-garantie-1-an.webp\" width=\"150px\"\/><\/div>\n<p>Vitrine libre-service chauffante slim Buffalo<\/p>\n","protected":false},"featured_media":103128,"comment_status":"closed","ping_status":"closed","template":"","meta":[],"product_brand":[],"product_cat":[1199,1160,1296,1197],"product_tag":[],"class_list":{"0":"post-69611","1":"product","2":"type-product","3":"status-publish","4":"has-post-thumbnail","6":"product_cat-buffet-chaud","7":"product_cat-materiel-electrique-et-de-cuisson","8":"product_cat-palettisable","9":"product_cat-service-presentation","11":"first","12":"instock","13":"featured","14":"taxable","15":"shipping-taxable","16":"purchasable","17":"product-type-simple"},"_links":{"self":[{"href":"https:\/\/abinox-chr-clim.com\/index.php\/wp-json\/wp\/v2\/product\/69611","targetHints":{"allow":["GET"]}}],"collection":[{"href":"https:\/\/abinox-chr-clim.com\/index.php\/wp-json\/wp\/v2\/product"}],"about":[{"href":"https:\/\/abinox-chr-clim.com\/index.php\/wp-json\/wp\/v2\/types\/product"}],"replies":[{"embeddable":true,"href":"https:\/\/abinox-chr-clim.com\/index.php\/wp-json\/wp\/v2\/comments?post=69611"}],"wp:featuredmedia":[{"embeddable":true,"href":"https:\/\/abinox-chr-clim.com\/index.php\/wp-json\/wp\/v2\/media\/103128"}],"wp:attachment":[{"href":"https:\/\/abinox-chr-clim.com\/index.php\/wp-json\/wp\/v2\/media?parent=69611"}],"wp:term":[{"taxonomy":"product_brand","embeddable":true,"href":"https:\/\/abinox-chr-clim.com\/index.php\/wp-json\/wp\/v2\/product_brand?post=69611"},{"taxonomy":"product_cat","embeddable":true,"href":"https:\/\/abinox-chr-clim.com\/index.php\/wp-json\/wp\/v2\/product_cat?post=69611"},{"taxonomy":"product_tag","embeddable":true,"href":"https:\/\/abinox-chr-clim.com\/index.php\/wp-json\/wp\/v2\/product_tag?post=69611"}],"curies":[{"name":"wp","href":"https:\/\/api.w.org\/{rel}","templated":true}]}}