{"id":69610,"date":"2024-03-22T16:25:35","date_gmt":"2024-03-22T15:25:35","guid":{"rendered":"https:\/\/abinox-chr-clim.com\/index.php\/product\/buffet-central-chauffant-buffalo\/"},"modified":"2026-04-02T09:53:07","modified_gmt":"2026-04-02T07:53:07","slug":"buffet-central-chauffant-buffalo","status":"publish","type":"product","link":"https:\/\/abinox-chr-clim.com\/index.php\/product\/buffet-central-chauffant-buffalo\/","title":{"rendered":"Buffet central chauffant Buffalo"},"content":{"rendered":"<p>Buffet central \u00e9l\u00e9gant avec une construction en bois attrayante. Grande capacit\u00e9 pour faire face aux services et aux \u00e9v\u00e9nements tr\u00e8s fr\u00e9quent\u00e9s. Les roulettes facilitent la mobilit\u00e9 de l&rsquo;unit\u00e9. Le pare-haleine avec \u00e9clairage LED permet de mettre en valeur la pr\u00e9sentation des aliments et satisfaire les clients.<br \/>Capacit\u00e9 : 4x GN 1\/1. Profondeur maximale pour les bacs GN 150 mm. Avec \u00e9tag\u00e8res et roulettes pour un positionnement facile. R\u00e9f\u00e9rence soumise \u00e0 une Eco-participation mobilier de 5.24\u20ac par unit\u00e9 vendue. Pare-haleine \u00e9clair\u00e9. Le pare-haleine peut \u00eatre r\u00e9tract\u00e9 lorsqu&rsquo;il n&rsquo;est pas utilis\u00e9. Commandes et affichage num\u00e9riques conviviaux.Cuve en acier inoxydable facile \u00e0 nettoyer. Capacit\u00e9 : 4x GN 1\/1.<\/p>\n<p>Caract\u00e9ristiques :<br \/> Dimensions : 1338(H) x 1490(L) x 766(P) mm.<br \/> Mati\u00e8re : .<br \/> Voltage : 220-240V.<br \/> Couleur : Bois clair.<br \/> Bac GN : GN 1\/1XY.<\/p>\n","protected":false},"excerpt":{"rendered":"<div><img decoding=\"async\" src=\"https:\/\/abinox-chr-clim.com\/wp-content\/uploads\/2024\/03\/abinox-garantie-1-an.webp\" width=\"150px\"\/><\/div>\n<p>Buffet central chauffant Buffalo<\/p>\n","protected":false},"featured_media":85693,"comment_status":"closed","ping_status":"closed","template":"","meta":[],"product_brand":[],"product_cat":[1199,1160,1296,1197],"product_tag":[],"class_list":{"0":"post-69610","1":"product","2":"type-product","3":"status-publish","4":"has-post-thumbnail","6":"product_cat-buffet-chaud","7":"product_cat-materiel-electrique-et-de-cuisson","8":"product_cat-palettisable","9":"product_cat-service-presentation","11":"first","12":"instock","13":"featured","14":"taxable","15":"shipping-taxable","16":"purchasable","17":"product-type-simple"},"_links":{"self":[{"href":"https:\/\/abinox-chr-clim.com\/index.php\/wp-json\/wp\/v2\/product\/69610","targetHints":{"allow":["GET"]}}],"collection":[{"href":"https:\/\/abinox-chr-clim.com\/index.php\/wp-json\/wp\/v2\/product"}],"about":[{"href":"https:\/\/abinox-chr-clim.com\/index.php\/wp-json\/wp\/v2\/types\/product"}],"replies":[{"embeddable":true,"href":"https:\/\/abinox-chr-clim.com\/index.php\/wp-json\/wp\/v2\/comments?post=69610"}],"wp:featuredmedia":[{"embeddable":true,"href":"https:\/\/abinox-chr-clim.com\/index.php\/wp-json\/wp\/v2\/media\/85693"}],"wp:attachment":[{"href":"https:\/\/abinox-chr-clim.com\/index.php\/wp-json\/wp\/v2\/media?parent=69610"}],"wp:term":[{"taxonomy":"product_brand","embeddable":true,"href":"https:\/\/abinox-chr-clim.com\/index.php\/wp-json\/wp\/v2\/product_brand?post=69610"},{"taxonomy":"product_cat","embeddable":true,"href":"https:\/\/abinox-chr-clim.com\/index.php\/wp-json\/wp\/v2\/product_cat?post=69610"},{"taxonomy":"product_tag","embeddable":true,"href":"https:\/\/abinox-chr-clim.com\/index.php\/wp-json\/wp\/v2\/product_tag?post=69610"}],"curies":[{"name":"wp","href":"https:\/\/api.w.org\/{rel}","templated":true}]}}