{"id":69609,"date":"2024-03-22T16:25:34","date_gmt":"2024-03-22T15:25:34","guid":{"rendered":"https:\/\/abinox-chr-clim.com\/index.php\/product\/vitrine-chauffante-de-comptoir-buffalo-554mm\/"},"modified":"2026-04-02T09:24:31","modified_gmt":"2026-04-02T07:24:31","slug":"vitrine-chauffante-de-comptoir-buffalo-554mm","status":"publish","type":"product","link":"https:\/\/abinox-chr-clim.com\/index.php\/product\/vitrine-chauffante-de-comptoir-buffalo-554mm\/","title":{"rendered":"Vitrine chauffante de comptoir Buffalo 554mm"},"content":{"rendered":"<p>Vitrine chauffante \u00e9l\u00e9gante et compacte avec vitre avant incurv\u00e9e. La porte arri\u00e8re \u00e0 charni\u00e8re permet de mettre facilement en place vos tourtes, quiches, tartes, pizzas et autres sp\u00e9cialit\u00e9s chaudes. R\u00e9servoir d&rsquo;eau interne cr\u00e9ant l&rsquo;humidit\u00e9 parfaite pour la conservation et le service.<br \/>Construction en verre et acier inoxydable facile \u00e0 nettoyer. Le pourtour en verre optimise la visibilit\u00e9 du contenu. Vitre avant incurv\u00e9e. R\u00e9f\u00e9rence soumise \u00e0 une Eco-participation mobilier de 0.58\u20ac par unit\u00e9 vendue. Portes en verre arri\u00e8re. Livr\u00e9 avec 2 \u00e9tag\u00e8res. Le bac \u00e0 eau amovible aide \u00e0 retenir l&rsquo;humidit\u00e9. Bac de r\u00e9cup\u00e9ration amovible pour un nettoyage facile. Plage de temp\u00e9rature r\u00e9glable de 30\u00b0C \u00e0 90\u00b0C. R\u00e9f\u00e9rence soumise \u00e0 une Eco-participation DEEE de 0,94\u20ac par unit\u00e9 vendue. Construction en verre et acier inoxydable facile \u00e0 nettoyer.<\/p>\n<p>Caract\u00e9ristiques :<br \/> Capacit\u00e9 : 45L.<br \/> Dimensions : 376(H) x 554(L) x 376(P) mm.<br \/> Mati\u00e8re : Acier inoxydable.<br \/> Temp\u00e9rature : 30 \u00b0C \u00e0 90 \u00b0C.<br \/> Voltage : 230V.<br \/> Couleur : Acier inoxydable.<br \/> Puissance : 800 W.<\/p>\n","protected":false},"excerpt":{"rendered":"<div><img decoding=\"async\" src=\"https:\/\/abinox-chr-clim.com\/wp-content\/uploads\/2024\/03\/abinox-garantie-1-an.webp\" width=\"150px\"\/><\/div>\n<p>Vitrine chauffante de comptoir Buffalo 554mm<\/p>\n","protected":false},"featured_media":84272,"comment_status":"closed","ping_status":"closed","template":"","meta":[],"product_brand":[],"product_cat":[1199,1160,1296,1197],"product_tag":[],"class_list":{"0":"post-69609","1":"product","2":"type-product","3":"status-publish","4":"has-post-thumbnail","6":"product_cat-buffet-chaud","7":"product_cat-materiel-electrique-et-de-cuisson","8":"product_cat-palettisable","9":"product_cat-service-presentation","11":"first","12":"instock","13":"featured","14":"taxable","15":"shipping-taxable","16":"purchasable","17":"product-type-simple"},"_links":{"self":[{"href":"https:\/\/abinox-chr-clim.com\/index.php\/wp-json\/wp\/v2\/product\/69609","targetHints":{"allow":["GET"]}}],"collection":[{"href":"https:\/\/abinox-chr-clim.com\/index.php\/wp-json\/wp\/v2\/product"}],"about":[{"href":"https:\/\/abinox-chr-clim.com\/index.php\/wp-json\/wp\/v2\/types\/product"}],"replies":[{"embeddable":true,"href":"https:\/\/abinox-chr-clim.com\/index.php\/wp-json\/wp\/v2\/comments?post=69609"}],"wp:featuredmedia":[{"embeddable":true,"href":"https:\/\/abinox-chr-clim.com\/index.php\/wp-json\/wp\/v2\/media\/84272"}],"wp:attachment":[{"href":"https:\/\/abinox-chr-clim.com\/index.php\/wp-json\/wp\/v2\/media?parent=69609"}],"wp:term":[{"taxonomy":"product_brand","embeddable":true,"href":"https:\/\/abinox-chr-clim.com\/index.php\/wp-json\/wp\/v2\/product_brand?post=69609"},{"taxonomy":"product_cat","embeddable":true,"href":"https:\/\/abinox-chr-clim.com\/index.php\/wp-json\/wp\/v2\/product_cat?post=69609"},{"taxonomy":"product_tag","embeddable":true,"href":"https:\/\/abinox-chr-clim.com\/index.php\/wp-json\/wp\/v2\/product_tag?post=69609"}],"curies":[{"name":"wp","href":"https:\/\/api.w.org\/{rel}","templated":true}]}}