{"id":69608,"date":"2024-03-22T16:25:34","date_gmt":"2024-03-22T15:25:34","guid":{"rendered":"https:\/\/abinox-chr-clim.com\/index.php\/product\/vitrine-chauffante-economique-buffalo-capacite-60-tourtes\/"},"modified":"2026-04-02T10:08:10","modified_gmt":"2026-04-02T08:08:10","slug":"vitrine-chauffante-economique-buffalo-capacite-60-tourtes","status":"publish","type":"product","link":"https:\/\/abinox-chr-clim.com\/index.php\/product\/vitrine-chauffante-economique-buffalo-capacite-60-tourtes\/","title":{"rendered":"Vitrine chauffante \u00e9conomique Buffalo &#8211; Capacit\u00e9 60 tourtes"},"content":{"rendered":"<p>Vitrine chauffante de comptoir en acier inoxydable, hygi\u00e9nique et facile \u00e0 nettoyer gr\u00e2ce aux portes en verre coulissantes. Eclairage int\u00e9rieur et bac \u00e0 eau pour l&rsquo;humidification permettant aux aliments de ne pas se dess\u00e9cher. 3 \u00e9tag\u00e8res amovibles.<br \/>Construction en acier inoxydable facile \u00e0 nettoyer pour gagner du temps. Les portes coulissantes en verre permettent un acc\u00e8s facile et une bonne visibilit\u00e9 des produits. Thermostat \u00e0 cadran simple : r\u00e9glez la temp\u00e9rature en fonction du contenu. R\u00e9f\u00e9rence soumise \u00e0 une Eco-participation mobilier de 0.83\u20ac par unit\u00e9 vendue. 3 \u00e9tag\u00e8res amovibles pour un nettoyage facile. Bac \u00e0 eau &#8211; ajoute doucement de l&rsquo;humidit\u00e9 \u00e0 l&rsquo;armoire pour \u00e9viter que le contenu ne se dess\u00e8che.Les portes coulissantes en verre permettent un acc\u00e8s facile et une bonne visibilit\u00e9 des produits. Thermostat \u00e0 cadran simple : r\u00e9glez la temp\u00e9rature en fonction du contenu. L&rsquo;\u00e9clairage interne maximise la visibilit\u00e9 des produits pour am\u00e9liorer les ventes. L&rsquo;\u00e9clairage interne maximise la visibilit\u00e9 des produits pour am\u00e9liorer les ventes. Construction en acier inoxydable facile \u00e0 nettoyer pour gagner du temps.<\/p>\n<p>Caract\u00e9ristiques :<br \/> Dimensions : 433(H) x 744(L) x 363(P) mm.<br \/> Mati\u00e8re : Inox 430.<br \/> Temp\u00e9rature : 30 \u00b0C \u00e0 90 \u00b0C.<br \/> Voltage : 230V.<br \/> Couleur : Argent.<br \/> Puissance : 650 W.<\/p>\n","protected":false},"excerpt":{"rendered":"<div><img decoding=\"async\" src=\"https:\/\/abinox-chr-clim.com\/wp-content\/uploads\/2024\/03\/abinox-garantie-1-an.webp\" width=\"150px\"\/><\/div>\n<p>Vitrine chauffante \u00e9conomique Buffalo &#8211; Capacit\u00e9 60 tourtes<\/p>\n","protected":false},"featured_media":105098,"comment_status":"closed","ping_status":"closed","template":"","meta":[],"product_brand":[],"product_cat":[1199,1160,1297,1197],"product_tag":[],"class_list":{"0":"post-69608","1":"product","2":"type-product","3":"status-publish","4":"has-post-thumbnail","6":"product_cat-buffet-chaud","7":"product_cat-materiel-electrique-et-de-cuisson","8":"product_cat-non-palettisable","9":"product_cat-service-presentation","10":"product_shipping_class-free-shipping","12":"first","13":"instock","14":"featured","15":"taxable","16":"shipping-taxable","17":"purchasable","18":"product-type-simple"},"_links":{"self":[{"href":"https:\/\/abinox-chr-clim.com\/index.php\/wp-json\/wp\/v2\/product\/69608","targetHints":{"allow":["GET"]}}],"collection":[{"href":"https:\/\/abinox-chr-clim.com\/index.php\/wp-json\/wp\/v2\/product"}],"about":[{"href":"https:\/\/abinox-chr-clim.com\/index.php\/wp-json\/wp\/v2\/types\/product"}],"replies":[{"embeddable":true,"href":"https:\/\/abinox-chr-clim.com\/index.php\/wp-json\/wp\/v2\/comments?post=69608"}],"wp:featuredmedia":[{"embeddable":true,"href":"https:\/\/abinox-chr-clim.com\/index.php\/wp-json\/wp\/v2\/media\/105098"}],"wp:attachment":[{"href":"https:\/\/abinox-chr-clim.com\/index.php\/wp-json\/wp\/v2\/media?parent=69608"}],"wp:term":[{"taxonomy":"product_brand","embeddable":true,"href":"https:\/\/abinox-chr-clim.com\/index.php\/wp-json\/wp\/v2\/product_brand?post=69608"},{"taxonomy":"product_cat","embeddable":true,"href":"https:\/\/abinox-chr-clim.com\/index.php\/wp-json\/wp\/v2\/product_cat?post=69608"},{"taxonomy":"product_tag","embeddable":true,"href":"https:\/\/abinox-chr-clim.com\/index.php\/wp-json\/wp\/v2\/product_tag?post=69608"}],"curies":[{"name":"wp","href":"https:\/\/api.w.org\/{rel}","templated":true}]}}