{"id":69607,"date":"2024-03-22T16:25:34","date_gmt":"2024-03-22T15:25:34","guid":{"rendered":"https:\/\/abinox-chr-clim.com\/index.php\/product\/plateau-chauffant-caterlite\/"},"modified":"2026-04-02T08:32:49","modified_gmt":"2026-04-02T06:32:49","slug":"plateau-chauffant-caterlite","status":"publish","type":"product","link":"https:\/\/abinox-chr-clim.com\/index.php\/product\/plateau-chauffant-caterlite\/","title":{"rendered":"Plateau chauffant Caterlite"},"content":{"rendered":"<p>Plateau en acier inoxydable \u00e9l\u00e9gant pour maintenir la chaleur des aliments cuisin\u00e9s, id\u00e9al pour les caf\u00e9s, les buffets de restaurant ou pour une utilisation sur la table. Commande par bouton pour une utilisation facile, avec voyant d&rsquo;alimentation pour la s\u00e9curit\u00e9 des utilisateurs et des poign\u00e9es lat\u00e9rales.<br \/>Capacit\u00e9 maximum : 20kg. Dimension GN 1\/1. Construction acier inoxydable. R\u00e9f\u00e9rence soumise \u00e0 une Eco-participation mobilier de 0.26\u20ac par unit\u00e9 vendue. Bouton de commande facile \u00e0 utiliser. Voyant de mise sous tension pour la s\u00e9curit\u00e9 de l&rsquo;utilisateur. Poign\u00e9es lat\u00e9rales.Verre tremp\u00e9. R\u00e9f\u00e9rence soumise \u00e0 une Eco-participation DEEE de 0,18\u20ac par unit\u00e9 vendue. Capacit\u00e9 maximum : 20kg.<\/p>\n<p>Caract\u00e9ristiques :<br \/> Dimensions : 35(H) x 550(L) x 350(P) mm.<br \/> Mati\u00e8re : Inox et verre tremp\u00e9.<br \/> Temp\u00e9rature : 60\u00b0C \u00e0 105\u00b0C.<br \/> Voltage : 230V.<br \/> Couleur : .<br \/> Puissance : 230 W.<br \/> Bac GN : GN 1\/1XY.<\/p>\n","protected":false},"excerpt":{"rendered":"<div><img decoding=\"async\" src=\"https:\/\/abinox-chr-clim.com\/wp-content\/uploads\/2024\/03\/abinox-garantie-1-an.webp\" width=\"150px\"\/><\/div>\n<p>Plateau chauffant Caterlite<\/p>\n","protected":false},"featured_media":82015,"comment_status":"closed","ping_status":"closed","template":"","meta":[],"product_brand":[],"product_cat":[1199,1160,1297,1197],"product_tag":[],"class_list":{"0":"post-69607","1":"product","2":"type-product","3":"status-publish","4":"has-post-thumbnail","6":"product_cat-buffet-chaud","7":"product_cat-materiel-electrique-et-de-cuisson","8":"product_cat-non-palettisable","9":"product_cat-service-presentation","10":"product_shipping_class-free-shipping","12":"first","13":"instock","14":"featured","15":"taxable","16":"shipping-taxable","17":"purchasable","18":"product-type-simple"},"_links":{"self":[{"href":"https:\/\/abinox-chr-clim.com\/index.php\/wp-json\/wp\/v2\/product\/69607","targetHints":{"allow":["GET"]}}],"collection":[{"href":"https:\/\/abinox-chr-clim.com\/index.php\/wp-json\/wp\/v2\/product"}],"about":[{"href":"https:\/\/abinox-chr-clim.com\/index.php\/wp-json\/wp\/v2\/types\/product"}],"replies":[{"embeddable":true,"href":"https:\/\/abinox-chr-clim.com\/index.php\/wp-json\/wp\/v2\/comments?post=69607"}],"wp:featuredmedia":[{"embeddable":true,"href":"https:\/\/abinox-chr-clim.com\/index.php\/wp-json\/wp\/v2\/media\/82015"}],"wp:attachment":[{"href":"https:\/\/abinox-chr-clim.com\/index.php\/wp-json\/wp\/v2\/media?parent=69607"}],"wp:term":[{"taxonomy":"product_brand","embeddable":true,"href":"https:\/\/abinox-chr-clim.com\/index.php\/wp-json\/wp\/v2\/product_brand?post=69607"},{"taxonomy":"product_cat","embeddable":true,"href":"https:\/\/abinox-chr-clim.com\/index.php\/wp-json\/wp\/v2\/product_cat?post=69607"},{"taxonomy":"product_tag","embeddable":true,"href":"https:\/\/abinox-chr-clim.com\/index.php\/wp-json\/wp\/v2\/product_tag?post=69607"}],"curies":[{"name":"wp","href":"https:\/\/api.w.org\/{rel}","templated":true}]}}