{"id":69605,"date":"2024-03-22T16:25:33","date_gmt":"2024-03-22T15:25:33","guid":{"rendered":"https:\/\/abinox-chr-clim.com\/index.php\/product\/vitrine-chauffante-buffalo-120l\/"},"modified":"2026-04-02T08:32:26","modified_gmt":"2026-04-02T06:32:26","slug":"vitrine-chauffante-buffalo-120l","status":"publish","type":"product","link":"https:\/\/abinox-chr-clim.com\/index.php\/product\/vitrine-chauffante-buffalo-120l\/","title":{"rendered":"Vitrine chauffante Buffalo 120L"},"content":{"rendered":"<p>Vitrine quatre c\u00f4t\u00e9s en verre pour maintenir au chaud tartes, p\u00e2tisseries et autres en-cas. 3 \u00e9tag\u00e8res en chrome fixes, fa\u00e7ade en verre incurv\u00e9e pour pr\u00e9senter un maximum de produits et portes arri\u00e8re coulissantes pour un acc\u00e8s facile.<br \/>Fa\u00e7ade en verre incurv\u00e9e. Eclairage d&rsquo;int\u00e9rieur DEL. Vitrine de comptoir. R\u00e9f\u00e9rence soumise \u00e0 une Eco-participation mobilier de 1.53\u20ac par unit\u00e9 vendue.Epaisseur des parois : 5mm.  R\u00e9f\u00e9rence soumise \u00e0 une Eco-participation DEEE de 1,20\u20ac par unit\u00e9 vendue. Fa\u00e7ade en verre incurv\u00e9e.<\/p>\n<p>Caract\u00e9ristiques :<br \/> Capacit\u00e9 : 120 litres.<br \/> Dimensions : 670(H) x 687(L) x 568(P) mm.<br \/> Mati\u00e8re : .<br \/> Isolation : 5mm.<br \/> Temp\u00e9rature : 30 \u00b0C \u00e0 90 \u00b0C.<br \/> Voltage : 220-240V.<br \/> Couleur : .<br \/> Puissance : 1.1 kW.<\/p>\n","protected":false},"excerpt":{"rendered":"<div><img decoding=\"async\" src=\"https:\/\/abinox-chr-clim.com\/wp-content\/uploads\/2024\/03\/abinox-garantie-1-an.webp\" width=\"150px\"\/><\/div>\n<p>Vitrine chauffante Buffalo 120L<\/p>\n","protected":false},"featured_media":81499,"comment_status":"closed","ping_status":"closed","template":"","meta":[],"product_brand":[],"product_cat":[1199,1160,1296,1197],"product_tag":[],"class_list":{"0":"post-69605","1":"product","2":"type-product","3":"status-publish","4":"has-post-thumbnail","6":"product_cat-buffet-chaud","7":"product_cat-materiel-electrique-et-de-cuisson","8":"product_cat-palettisable","9":"product_cat-service-presentation","11":"first","12":"instock","13":"featured","14":"taxable","15":"shipping-taxable","16":"purchasable","17":"product-type-simple"},"_links":{"self":[{"href":"https:\/\/abinox-chr-clim.com\/index.php\/wp-json\/wp\/v2\/product\/69605","targetHints":{"allow":["GET"]}}],"collection":[{"href":"https:\/\/abinox-chr-clim.com\/index.php\/wp-json\/wp\/v2\/product"}],"about":[{"href":"https:\/\/abinox-chr-clim.com\/index.php\/wp-json\/wp\/v2\/types\/product"}],"replies":[{"embeddable":true,"href":"https:\/\/abinox-chr-clim.com\/index.php\/wp-json\/wp\/v2\/comments?post=69605"}],"wp:featuredmedia":[{"embeddable":true,"href":"https:\/\/abinox-chr-clim.com\/index.php\/wp-json\/wp\/v2\/media\/81499"}],"wp:attachment":[{"href":"https:\/\/abinox-chr-clim.com\/index.php\/wp-json\/wp\/v2\/media?parent=69605"}],"wp:term":[{"taxonomy":"product_brand","embeddable":true,"href":"https:\/\/abinox-chr-clim.com\/index.php\/wp-json\/wp\/v2\/product_brand?post=69605"},{"taxonomy":"product_cat","embeddable":true,"href":"https:\/\/abinox-chr-clim.com\/index.php\/wp-json\/wp\/v2\/product_cat?post=69605"},{"taxonomy":"product_tag","embeddable":true,"href":"https:\/\/abinox-chr-clim.com\/index.php\/wp-json\/wp\/v2\/product_tag?post=69605"}],"curies":[{"name":"wp","href":"https:\/\/api.w.org\/{rel}","templated":true}]}}