{"id":69604,"date":"2024-03-22T16:25:32","date_gmt":"2024-03-22T15:25:32","guid":{"rendered":"https:\/\/abinox-chr-clim.com\/index.php\/product\/chauffe-frites-avec-rampe-silverlink-lincat-600mm-cs4-g\/"},"modified":"2026-04-02T09:54:23","modified_gmt":"2026-04-02T07:54:23","slug":"chauffe-frites-avec-rampe-silverlink-lincat-600mm-cs4-g","status":"publish","type":"product","link":"https:\/\/abinox-chr-clim.com\/index.php\/product\/chauffe-frites-avec-rampe-silverlink-lincat-600mm-cs4-g\/","title":{"rendered":"Chauffe-frites avec rampe Silverlink Lincat 600mm CS4\/G"},"content":{"rendered":"<p>Chauffe-frites pour la cuisine ou la salle. Avec rampe chauffante pour maintenir une temp\u00e9rature uniforme des aliments.<br \/>Conserve les aliments frits \u00e0 la temp\u00e9rature de service jusqu&rsquo;\u00e0 20 minutes. Chaleur diffus\u00e9e par le haut et par le bas pour conserver une temp\u00e9rature homog\u00e8ne des aliments. La rampe diffusant la chaleur participe \u00e0 une pr\u00e9sentation attrayante. R\u00e9f\u00e9rence soumise \u00e0 une Eco-participation mobilier de 0.69\u20ac par unit\u00e9 vendue. La plaque d&rsquo;\u00e9gouttage inclin\u00e9e permet un acc\u00e8s facile. Plaque amovible facile \u00e0 nettoyer. R\u00e9cipient \u00e0 frites GN 1\/1\u00a0amovible pour un nettoyage facile.La plaque d&rsquo;\u00e9gouttage pr\u00e9serve le croustillant et la fra\u00eecheur du contenu. Conserve les aliments frits \u00e0 la temp\u00e9rature de service jusqu&rsquo;\u00e0 20 minutes.<\/p>\n<p>Caract\u00e9ristiques :<br \/> Capacit\u00e9 : 3kg.<br \/> Dimensions : 645(H) x 450(L) x 600(P) mm.<br \/> Mati\u00e8re : Inox.<br \/> Voltage : 230\/240V.<br \/> Couleur : Acier inoxydable.<br \/> Puissance : 1 kW.<br \/> Bac GN : GN 1\/1XY.<\/p>\n","protected":false},"excerpt":{"rendered":"<div><img decoding=\"async\" src=\"https:\/\/abinox-chr-clim.com\/wp-content\/uploads\/2024\/03\/abinox-garantie-1-an.webp\" width=\"150px\"\/><\/div>\n<p>Chauffe-frites avec rampe Silverlink Lincat 600mm CS4\/G<\/p>\n","protected":false},"featured_media":103268,"comment_status":"closed","ping_status":"closed","template":"","meta":[],"product_brand":[],"product_cat":[1199,1160,1297,1197],"product_tag":[],"class_list":{"0":"post-69604","1":"product","2":"type-product","3":"status-publish","4":"has-post-thumbnail","6":"product_cat-buffet-chaud","7":"product_cat-materiel-electrique-et-de-cuisson","8":"product_cat-non-palettisable","9":"product_cat-service-presentation","10":"product_shipping_class-free-shipping","12":"first","13":"outofstock","14":"featured","15":"taxable","16":"shipping-taxable","17":"purchasable","18":"product-type-simple"},"_links":{"self":[{"href":"https:\/\/abinox-chr-clim.com\/index.php\/wp-json\/wp\/v2\/product\/69604","targetHints":{"allow":["GET"]}}],"collection":[{"href":"https:\/\/abinox-chr-clim.com\/index.php\/wp-json\/wp\/v2\/product"}],"about":[{"href":"https:\/\/abinox-chr-clim.com\/index.php\/wp-json\/wp\/v2\/types\/product"}],"replies":[{"embeddable":true,"href":"https:\/\/abinox-chr-clim.com\/index.php\/wp-json\/wp\/v2\/comments?post=69604"}],"wp:featuredmedia":[{"embeddable":true,"href":"https:\/\/abinox-chr-clim.com\/index.php\/wp-json\/wp\/v2\/media\/103268"}],"wp:attachment":[{"href":"https:\/\/abinox-chr-clim.com\/index.php\/wp-json\/wp\/v2\/media?parent=69604"}],"wp:term":[{"taxonomy":"product_brand","embeddable":true,"href":"https:\/\/abinox-chr-clim.com\/index.php\/wp-json\/wp\/v2\/product_brand?post=69604"},{"taxonomy":"product_cat","embeddable":true,"href":"https:\/\/abinox-chr-clim.com\/index.php\/wp-json\/wp\/v2\/product_cat?post=69604"},{"taxonomy":"product_tag","embeddable":true,"href":"https:\/\/abinox-chr-clim.com\/index.php\/wp-json\/wp\/v2\/product_tag?post=69604"}],"curies":[{"name":"wp","href":"https:\/\/api.w.org\/{rel}","templated":true}]}}