{"id":69603,"date":"2024-03-22T16:25:32","date_gmt":"2024-03-22T15:25:32","guid":{"rendered":"https:\/\/abinox-chr-clim.com\/index.php\/product\/cuve-a-frites-electrique-lincat-lynx-400-lcs\/"},"modified":"2026-04-02T09:51:00","modified_gmt":"2026-04-02T07:51:00","slug":"cuve-a-frites-electrique-lincat-lynx-400-lcs","status":"publish","type":"product","link":"https:\/\/abinox-chr-clim.com\/index.php\/product\/cuve-a-frites-electrique-lincat-lynx-400-lcs\/","title":{"rendered":"Cuve \u00e0 frites \u00e9lectrique Lincat Lynx 400 LCS"},"content":{"rendered":"<p>Chauffe-frites avec contr\u00f4le thermostatique pour maintenir \u00e0 la temp\u00e9rature de service environ 2,5 kg de frites ou autres aliments jusqu&rsquo;\u00e0 20 minutes. Facile \u00e0 nettoyer avec couvercle \u00e0 charni\u00e8re, plaque d&rsquo;\u00e9gouttage et int\u00e9rieur amovibles.<br \/>Id\u00e9al pour maintenir en temp\u00e9rature jusqu&rsquo;\u00e0 20 minutes les aliments cuits au pr\u00e9alable dans une friteuse. La plaque d&rsquo;\u00e9gouttage perfor\u00e9e aide \u00e0 garder les aliments frits croustillants. Facile \u00e0 nettoyer &#8211; plaque d&rsquo;\u00e9gouttage et int\u00e9rieur amovibles. R\u00e9f\u00e9rence soumise \u00e0 une Eco-participation mobilier de 0.42\u20ac par unit\u00e9 vendue. Position de maintien du couvercle pour un acc\u00e8s facile. Unit\u00e9 pr\u00eate \u00e0 brancher, aucune installation n\u00e9cessaire.Le contr\u00f4le de temp\u00e9rature r\u00e9glable permet de maintenir m\u00eame les produits plus d\u00e9licats. Id\u00e9al pour maintenir en temp\u00e9rature jusqu&rsquo;\u00e0 20 minutes les aliments cuits au pr\u00e9alable dans une friteuse.<\/p>\n<p>Caract\u00e9ristiques :<br \/> Capacit\u00e9 : 2,5kg de frites.<br \/> Dimensions : 232(H) x 285(L) x 400(P) mm.<br \/> Mati\u00e8re : Inox 18\/0.<br \/> Sortie : 0,25kW.<br \/> Voltage : 230V.<br \/> Couleur : Acier inoxydable.<br \/> Puissance : 250 W.<\/p>\n","protected":false},"excerpt":{"rendered":"<div><img decoding=\"async\" src=\"https:\/\/abinox-chr-clim.com\/wp-content\/uploads\/2024\/03\/abinox-garantie-1-an.webp\" width=\"150px\"\/><\/div>\n<p>Cuve \u00e0 frites \u00e9lectrique Lincat Lynx 400 LCS<\/p>\n","protected":false},"featured_media":103267,"comment_status":"closed","ping_status":"closed","template":"","meta":[],"product_brand":[],"product_cat":[1199,1160,1297,1197],"product_tag":[],"class_list":{"0":"post-69603","1":"product","2":"type-product","3":"status-publish","4":"has-post-thumbnail","6":"product_cat-buffet-chaud","7":"product_cat-materiel-electrique-et-de-cuisson","8":"product_cat-non-palettisable","9":"product_cat-service-presentation","10":"product_shipping_class-free-shipping","12":"first","13":"instock","14":"featured","15":"taxable","16":"shipping-taxable","17":"purchasable","18":"product-type-simple"},"_links":{"self":[{"href":"https:\/\/abinox-chr-clim.com\/index.php\/wp-json\/wp\/v2\/product\/69603","targetHints":{"allow":["GET"]}}],"collection":[{"href":"https:\/\/abinox-chr-clim.com\/index.php\/wp-json\/wp\/v2\/product"}],"about":[{"href":"https:\/\/abinox-chr-clim.com\/index.php\/wp-json\/wp\/v2\/types\/product"}],"replies":[{"embeddable":true,"href":"https:\/\/abinox-chr-clim.com\/index.php\/wp-json\/wp\/v2\/comments?post=69603"}],"wp:featuredmedia":[{"embeddable":true,"href":"https:\/\/abinox-chr-clim.com\/index.php\/wp-json\/wp\/v2\/media\/103267"}],"wp:attachment":[{"href":"https:\/\/abinox-chr-clim.com\/index.php\/wp-json\/wp\/v2\/media?parent=69603"}],"wp:term":[{"taxonomy":"product_brand","embeddable":true,"href":"https:\/\/abinox-chr-clim.com\/index.php\/wp-json\/wp\/v2\/product_brand?post=69603"},{"taxonomy":"product_cat","embeddable":true,"href":"https:\/\/abinox-chr-clim.com\/index.php\/wp-json\/wp\/v2\/product_cat?post=69603"},{"taxonomy":"product_tag","embeddable":true,"href":"https:\/\/abinox-chr-clim.com\/index.php\/wp-json\/wp\/v2\/product_tag?post=69603"}],"curies":[{"name":"wp","href":"https:\/\/api.w.org\/{rel}","templated":true}]}}