{"id":69602,"date":"2024-03-22T16:25:30","date_gmt":"2024-03-22T15:25:30","guid":{"rendered":"https:\/\/abinox-chr-clim.com\/index.php\/product\/pot-a-bain-marie-rond-avec-couvercle-vogue\/"},"modified":"2026-04-02T08:56:28","modified_gmt":"2026-04-02T06:56:28","slug":"pot-a-bain-marie-rond-avec-couvercle-vogue","status":"publish","type":"product","link":"https:\/\/abinox-chr-clim.com\/index.php\/product\/pot-a-bain-marie-rond-avec-couvercle-vogue\/","title":{"rendered":"Pot \u00e0 bain-marie rond avec couvercle Vogue"},"content":{"rendered":"<p>Cuve en acier inoxydable avec couvercle \u00e0 encoche. Capacit\u00e9 4L. 170(H) x 215(\u00d8)mm.<br \/>Compatible lave-vaisselle. Facile \u00e0 nettoyer et hygi\u00e9nique. Compatible lave-vaisselle.<\/p>\n<p>Caract\u00e9ristiques :<br \/> Capacit\u00e9 : 4 L.<br \/> Dimensions : 170(H) x 215(\u00d8) mm.<br \/> Mati\u00e8re : Inox<\/p>\n","protected":false},"excerpt":{"rendered":"<div><img decoding=\"async\" src=\"https:\/\/abinox-chr-clim.com\/wp-content\/uploads\/2024\/03\/abinox-garantie-1-an.webp\" width=\"150px\"\/><\/div>\n<p>Pot \u00e0 bain-marie rond avec couvercle Vogue<\/p>\n","protected":false},"featured_media":104410,"comment_status":"closed","ping_status":"closed","template":"","meta":[],"product_brand":[],"product_cat":[1198,1160,1297,1197],"product_tag":[],"class_list":{"0":"post-69602","1":"product","2":"type-product","3":"status-publish","4":"has-post-thumbnail","6":"product_cat-bain-marie","7":"product_cat-materiel-electrique-et-de-cuisson","8":"product_cat-non-palettisable","9":"product_cat-service-presentation","10":"product_shipping_class-free-shipping","12":"first","13":"instock","14":"featured","15":"taxable","16":"shipping-taxable","17":"purchasable","18":"product-type-simple"},"_links":{"self":[{"href":"https:\/\/abinox-chr-clim.com\/index.php\/wp-json\/wp\/v2\/product\/69602","targetHints":{"allow":["GET"]}}],"collection":[{"href":"https:\/\/abinox-chr-clim.com\/index.php\/wp-json\/wp\/v2\/product"}],"about":[{"href":"https:\/\/abinox-chr-clim.com\/index.php\/wp-json\/wp\/v2\/types\/product"}],"replies":[{"embeddable":true,"href":"https:\/\/abinox-chr-clim.com\/index.php\/wp-json\/wp\/v2\/comments?post=69602"}],"wp:featuredmedia":[{"embeddable":true,"href":"https:\/\/abinox-chr-clim.com\/index.php\/wp-json\/wp\/v2\/media\/104410"}],"wp:attachment":[{"href":"https:\/\/abinox-chr-clim.com\/index.php\/wp-json\/wp\/v2\/media?parent=69602"}],"wp:term":[{"taxonomy":"product_brand","embeddable":true,"href":"https:\/\/abinox-chr-clim.com\/index.php\/wp-json\/wp\/v2\/product_brand?post=69602"},{"taxonomy":"product_cat","embeddable":true,"href":"https:\/\/abinox-chr-clim.com\/index.php\/wp-json\/wp\/v2\/product_cat?post=69602"},{"taxonomy":"product_tag","embeddable":true,"href":"https:\/\/abinox-chr-clim.com\/index.php\/wp-json\/wp\/v2\/product_tag?post=69602"}],"curies":[{"name":"wp","href":"https:\/\/api.w.org\/{rel}","templated":true}]}}