{"id":69600,"date":"2024-03-22T16:25:29","date_gmt":"2024-03-22T15:25:29","guid":{"rendered":"https:\/\/abinox-chr-clim.com\/index.php\/product\/bain-marie-2-pots-lincat-lynx-400-lbmw\/"},"modified":"2026-04-02T09:55:50","modified_gmt":"2026-04-02T07:55:50","slug":"bain-marie-2-pots-lincat-lynx-400-lbmw","status":"publish","type":"product","link":"https:\/\/abinox-chr-clim.com\/index.php\/product\/bain-marie-2-pots-lincat-lynx-400-lbmw\/","title":{"rendered":"Bain-marie 2 pots Lincat Lynx 400 LBMW"},"content":{"rendered":"<p>Parfait pour conserver les sauces, soupes, plats et aliments cuits jusqu&rsquo;\u00e0 2 heures \u00e0 la temp\u00e9rature de service.<br \/>Parfait pour conserver les sauces, soupes, jus de viande et aliments pr\u00e9cuits jusqu\u00bf\u00e0 2 heures \u00e0 la temp\u00e9rature de service. La chaleur r\u00e9glable permet une plus grande polyvalence. Livr\u00e9 avec des bacs GN 1\/4 en acier inoxydable de 100\u00a0mm de profondeur avec couvercles. R\u00e9f\u00e9rence soumise \u00e0 une Eco-participation mobilier de 0.48\u20ac par unit\u00e9 vendue. Unit\u00e9 pr\u00eate \u00e0 brancher, aucune installation requise. Fonctionnement \u00e0 chaleur s\u00e8che ou humide pour le m\u00eame appareil &#8211; plus de polyvalence. Parfait pour conserver les sauces, soupes, jus de viande et aliments pr\u00e9cuits jusqu\u00bf\u00e0 2 heures \u00e0 la temp\u00e9rature de service.<\/p>\n<p>Caract\u00e9ristiques :<br \/> Capacit\u00e9 : 2,75 L.<br \/> Dimensions : 196(H) x 285(L) x 400(P) mm.<br \/> Mati\u00e8re : Inox.<br \/> Voltage : 230V.<br \/> Couleur : Acier inoxydable.<br \/> Puissance : 0.25 kW.<br \/> Bac GN : GN 1\/4XY.<\/p>\n","protected":false},"excerpt":{"rendered":"<div><img decoding=\"async\" src=\"https:\/\/abinox-chr-clim.com\/wp-content\/uploads\/2024\/03\/abinox-garantie-1-an.webp\" width=\"150px\"\/><\/div>\n<p>Bain-marie 2 pots Lincat Lynx 400 LBMW<\/p>\n","protected":false},"featured_media":102703,"comment_status":"closed","ping_status":"closed","template":"","meta":[],"product_brand":[],"product_cat":[1198,1160,1297,1197],"product_tag":[],"class_list":{"0":"post-69600","1":"product","2":"type-product","3":"status-publish","4":"has-post-thumbnail","6":"product_cat-bain-marie","7":"product_cat-materiel-electrique-et-de-cuisson","8":"product_cat-non-palettisable","9":"product_cat-service-presentation","10":"product_shipping_class-free-shipping","12":"first","13":"instock","14":"featured","15":"taxable","16":"shipping-taxable","17":"purchasable","18":"product-type-simple"},"_links":{"self":[{"href":"https:\/\/abinox-chr-clim.com\/index.php\/wp-json\/wp\/v2\/product\/69600","targetHints":{"allow":["GET"]}}],"collection":[{"href":"https:\/\/abinox-chr-clim.com\/index.php\/wp-json\/wp\/v2\/product"}],"about":[{"href":"https:\/\/abinox-chr-clim.com\/index.php\/wp-json\/wp\/v2\/types\/product"}],"replies":[{"embeddable":true,"href":"https:\/\/abinox-chr-clim.com\/index.php\/wp-json\/wp\/v2\/comments?post=69600"}],"wp:featuredmedia":[{"embeddable":true,"href":"https:\/\/abinox-chr-clim.com\/index.php\/wp-json\/wp\/v2\/media\/102703"}],"wp:attachment":[{"href":"https:\/\/abinox-chr-clim.com\/index.php\/wp-json\/wp\/v2\/media?parent=69600"}],"wp:term":[{"taxonomy":"product_brand","embeddable":true,"href":"https:\/\/abinox-chr-clim.com\/index.php\/wp-json\/wp\/v2\/product_brand?post=69600"},{"taxonomy":"product_cat","embeddable":true,"href":"https:\/\/abinox-chr-clim.com\/index.php\/wp-json\/wp\/v2\/product_cat?post=69600"},{"taxonomy":"product_tag","embeddable":true,"href":"https:\/\/abinox-chr-clim.com\/index.php\/wp-json\/wp\/v2\/product_tag?post=69600"}],"curies":[{"name":"wp","href":"https:\/\/api.w.org\/{rel}","templated":true}]}}