{"id":69599,"date":"2024-03-22T16:25:29","date_gmt":"2024-03-22T15:25:29","guid":{"rendered":"https:\/\/abinox-chr-clim.com\/index.php\/product\/bain-marie-lincat-silverlink-600-bs4\/"},"modified":"2026-04-02T09:55:49","modified_gmt":"2026-04-02T07:55:49","slug":"bain-marie-lincat-silverlink-600-bs4","status":"publish","type":"product","link":"https:\/\/abinox-chr-clim.com\/index.php\/product\/bain-marie-lincat-silverlink-600-bs4\/","title":{"rendered":"Bain-marie Lincat Silverlink 600 BS4"},"content":{"rendered":"<p>Unit\u00e9 facile \u00e0 nettoyer, parfaite pour conserver jusqu&rsquo;\u00e0 deux heures les sauces et les aliments pr\u00e9cuits \u00e0 la temp\u00e9rature de service id\u00e9ale.<br \/>Maintient en toute s\u00e9curit\u00e9 les aliments \u00e0 la temp\u00e9rature de service jusqu&rsquo;\u00e0 deux heures. Thermostat r\u00e9glable &#8211; r\u00e9glez la temp\u00e9rature dont vous avez besoin. 4\u00a0pots de 4,5\u00a0litres et couvercles inclus &#8211; pr\u00eats \u00e0 utiliser. R\u00e9f\u00e9rence soumise \u00e0 une Eco-participation mobilier de 0.6\u20ac par unit\u00e9 vendue. Grande capacit\u00e9 totale\u00a0: jusqu\u00bf\u00e0 18\u00a0litres. Construction en acier inoxydable facile et rapide \u00e0 nettoyer.Chaleur s\u00e8che &#8211; pas besoin de remplir ou de vider l&rsquo;eau du bain-marie. Maintient en toute s\u00e9curit\u00e9 les aliments \u00e0 la temp\u00e9rature de service jusqu&rsquo;\u00e0 deux heures.<\/p>\n<p>Caract\u00e9ristiques :<br \/> Capacit\u00e9 : 18 L.<br \/> Dimensions : 325(H) x 450(L) x 600(P) mm.<br \/> Mati\u00e8re : Construction inox bross\u00e9 de qualit\u00e9.<br \/> Voltage : 230V.<br \/> Couleur : .<br \/> Puissance : 0.75 kW.<\/p>\n","protected":false},"excerpt":{"rendered":"<div><img decoding=\"async\" src=\"https:\/\/abinox-chr-clim.com\/wp-content\/uploads\/2024\/03\/abinox-garantie-1-an.webp\" width=\"150px\"\/><\/div>\n<p>Bain-marie Lincat Silverlink 600 BS4<\/p>\n","protected":false},"featured_media":104397,"comment_status":"closed","ping_status":"closed","template":"","meta":[],"product_brand":[],"product_cat":[1198,1160,1297,1197],"product_tag":[],"class_list":{"0":"post-69599","1":"product","2":"type-product","3":"status-publish","4":"has-post-thumbnail","6":"product_cat-bain-marie","7":"product_cat-materiel-electrique-et-de-cuisson","8":"product_cat-non-palettisable","9":"product_cat-service-presentation","10":"product_shipping_class-free-shipping","12":"first","13":"instock","14":"featured","15":"taxable","16":"shipping-taxable","17":"purchasable","18":"product-type-simple"},"_links":{"self":[{"href":"https:\/\/abinox-chr-clim.com\/index.php\/wp-json\/wp\/v2\/product\/69599","targetHints":{"allow":["GET"]}}],"collection":[{"href":"https:\/\/abinox-chr-clim.com\/index.php\/wp-json\/wp\/v2\/product"}],"about":[{"href":"https:\/\/abinox-chr-clim.com\/index.php\/wp-json\/wp\/v2\/types\/product"}],"replies":[{"embeddable":true,"href":"https:\/\/abinox-chr-clim.com\/index.php\/wp-json\/wp\/v2\/comments?post=69599"}],"wp:featuredmedia":[{"embeddable":true,"href":"https:\/\/abinox-chr-clim.com\/index.php\/wp-json\/wp\/v2\/media\/104397"}],"wp:attachment":[{"href":"https:\/\/abinox-chr-clim.com\/index.php\/wp-json\/wp\/v2\/media?parent=69599"}],"wp:term":[{"taxonomy":"product_brand","embeddable":true,"href":"https:\/\/abinox-chr-clim.com\/index.php\/wp-json\/wp\/v2\/product_brand?post=69599"},{"taxonomy":"product_cat","embeddable":true,"href":"https:\/\/abinox-chr-clim.com\/index.php\/wp-json\/wp\/v2\/product_cat?post=69599"},{"taxonomy":"product_tag","embeddable":true,"href":"https:\/\/abinox-chr-clim.com\/index.php\/wp-json\/wp\/v2\/product_tag?post=69599"}],"curies":[{"name":"wp","href":"https:\/\/api.w.org\/{rel}","templated":true}]}}