{"id":69597,"date":"2024-03-22T16:25:28","date_gmt":"2024-03-22T15:25:28","guid":{"rendered":"https:\/\/abinox-chr-clim.com\/index.php\/product\/bain-marie-electrique-gn1-1-gastro-m-650-65-40bme\/"},"modified":"2026-04-02T09:20:36","modified_gmt":"2026-04-02T07:20:36","slug":"bain-marie-electrique-gn1-1-gastro-m-650-65-40bme","status":"publish","type":"product","link":"https:\/\/abinox-chr-clim.com\/index.php\/product\/bain-marie-electrique-gn1-1-gastro-m-650-65-40bme\/","title":{"rendered":"Bain-marie \u00e9lectrique GN1\/1 Gastro M 650 65\/40BME"},"content":{"rendered":"<p>Bains-marie \u00e9lectriques pour bacs GN jusqu&rsquo;\u00e0 150mm de profondeur (vendus s\u00e9par\u00e9ment). Avec robinet de vidange int\u00e9gr\u00e9 et tube d&rsquo;\u00e9vacuation, r\u00e9sistance int\u00e9gr\u00e9e, grille perfor\u00e9e, thermostat marche \/ arr\u00eat et voyant. Pieds r\u00e9glables.<br \/>R\u00e9sistance int\u00e9gr\u00e9e. Grille perfor\u00e9e. La cuve accueille un bac GN 1\/1 (325 x 530mm) profondeur 150mm max.R\u00e9f\u00e9rence soumise \u00e0 une Eco-participation mobilier de 0.07\u20ac par unit\u00e9 vendue.  Thermostat r\u00e9glable. R\u00e9f\u00e9rence soumise \u00e0 une Eco-participation DEEE de 0,44\u20ac par unit\u00e9 vendue. R\u00e9sistance int\u00e9gr\u00e9e.<\/p>\n<p>Caract\u00e9ristiques :<br \/> Dimensions : 280(H) x 400(L) x 650(P) mm.<br \/> Mati\u00e8re : Ext\u00e9rieur acier inoxydable.<br \/> Sortie : 1,5kW.<br \/> Voltage : 230V.<br \/> Couleur : Acier inoxydable.<\/p>\n","protected":false},"excerpt":{"rendered":"<div><img decoding=\"async\" src=\"https:\/\/abinox-chr-clim.com\/wp-content\/uploads\/2024\/03\/abinox-garantie-1-an.webp\" width=\"150px\"\/><\/div>\n<p>Bain-marie \u00e9lectrique GN1\/1 Gastro M 650 65\/40BME<\/p>\n","protected":false},"featured_media":102332,"comment_status":"closed","ping_status":"closed","template":"","meta":[],"product_brand":[],"product_cat":[1198,1160,1296,1197],"product_tag":[],"class_list":{"0":"post-69597","1":"product","2":"type-product","3":"status-publish","4":"has-post-thumbnail","6":"product_cat-bain-marie","7":"product_cat-materiel-electrique-et-de-cuisson","8":"product_cat-palettisable","9":"product_cat-service-presentation","11":"first","12":"instock","13":"featured","14":"taxable","15":"shipping-taxable","16":"purchasable","17":"product-type-simple"},"_links":{"self":[{"href":"https:\/\/abinox-chr-clim.com\/index.php\/wp-json\/wp\/v2\/product\/69597","targetHints":{"allow":["GET"]}}],"collection":[{"href":"https:\/\/abinox-chr-clim.com\/index.php\/wp-json\/wp\/v2\/product"}],"about":[{"href":"https:\/\/abinox-chr-clim.com\/index.php\/wp-json\/wp\/v2\/types\/product"}],"replies":[{"embeddable":true,"href":"https:\/\/abinox-chr-clim.com\/index.php\/wp-json\/wp\/v2\/comments?post=69597"}],"wp:featuredmedia":[{"embeddable":true,"href":"https:\/\/abinox-chr-clim.com\/index.php\/wp-json\/wp\/v2\/media\/102332"}],"wp:attachment":[{"href":"https:\/\/abinox-chr-clim.com\/index.php\/wp-json\/wp\/v2\/media?parent=69597"}],"wp:term":[{"taxonomy":"product_brand","embeddable":true,"href":"https:\/\/abinox-chr-clim.com\/index.php\/wp-json\/wp\/v2\/product_brand?post=69597"},{"taxonomy":"product_cat","embeddable":true,"href":"https:\/\/abinox-chr-clim.com\/index.php\/wp-json\/wp\/v2\/product_cat?post=69597"},{"taxonomy":"product_tag","embeddable":true,"href":"https:\/\/abinox-chr-clim.com\/index.php\/wp-json\/wp\/v2\/product_tag?post=69597"}],"curies":[{"name":"wp","href":"https:\/\/api.w.org\/{rel}","templated":true}]}}