{"id":69589,"date":"2024-03-22T16:25:25","date_gmt":"2024-03-22T15:25:25","guid":{"rendered":"https:\/\/abinox-chr-clim.com\/index.php\/product\/bain-marie-avec-bacs-buffalo\/"},"modified":"2026-04-02T10:08:54","modified_gmt":"2026-04-02T08:08:54","slug":"bain-marie-avec-bacs-buffalo","status":"publish","type":"product","link":"https:\/\/abinox-chr-clim.com\/index.php\/product\/bain-marie-avec-bacs-buffalo\/","title":{"rendered":"Bain-marie avec bacs Buffalo"},"content":{"rendered":"<p>Bain-marie en inox de haute qualit\u00e9 pour r\u00e9chauffer ou conserver les aliments au chaud. Pour le buffet ou la cuisine. Compatible GN 1\/1 pour un stockage facile avant et apr\u00e8s utilisation. Bouton simple pour une facilit\u00e9 d&rsquo;utilisation. Fourni avec ou sans bacs.<br \/>Construction en acier inoxydable facile \u00e0 nettoyer. Fonctionnement \u00e0 chaleur humide douce (uniquement). Accepte les bacs GN jusqu&rsquo;\u00e0 150 mm de profondeur. R\u00e9f\u00e9rence soumise \u00e0 une Eco-participation mobilier de 0.62\u20ac par unit\u00e9 vendue. Comprend 2 bacs GN 1\/3 et 2 bacs GN 1\/6 de 150 mm de profondeur et couvercles. Commande de temp\u00e9rature \u00e0 cadran conviviale. Protection contre la surchauffe avec fonction de r\u00e9initialisation simple. Conception am\u00e9lior\u00e9e pour une dur\u00e9e de vie op\u00e9rationnelle prolong\u00e9e. Livr\u00e9 dans un emballage respectueux de l&rsquo;environnement avec moins de plastique. Id\u00e9al pour maintenir au chaud la plupart des aliments tels que les soupes, les sauces et les petits pois. Construction en acier inoxydable facile \u00e0 nettoyer.<\/p>\n<p>Caract\u00e9ristiques :<br \/> Capacit\u00e9 : 21 L.<br \/> Dimensions : 327(H) x 645(L) x 432(P) mm.<br \/> Mati\u00e8re : Inox.<br \/> Temp\u00e9rature : 30 \u00b0C \u00e0 90 \u00b0C.<br \/> Voltage : 220-240V.<br \/> Couleur : Argent.<br \/> Bac GN : GN 1\/3XY.<\/p>\n","protected":false},"excerpt":{"rendered":"<div><img decoding=\"async\" src=\"https:\/\/abinox-chr-clim.com\/wp-content\/uploads\/2024\/03\/abinox-garantie-1-an.webp\" width=\"150px\"\/><\/div>\n<p>Bain-marie avec bacs Buffalo<\/p>\n","protected":false},"featured_media":101014,"comment_status":"closed","ping_status":"closed","template":"","meta":[],"product_brand":[],"product_cat":[1198,1160,1297,1197],"product_tag":[],"class_list":{"0":"post-69589","1":"product","2":"type-product","3":"status-publish","4":"has-post-thumbnail","6":"product_cat-bain-marie","7":"product_cat-materiel-electrique-et-de-cuisson","8":"product_cat-non-palettisable","9":"product_cat-service-presentation","10":"product_shipping_class-free-shipping","12":"first","13":"instock","14":"featured","15":"taxable","16":"shipping-taxable","17":"purchasable","18":"product-type-simple"},"_links":{"self":[{"href":"https:\/\/abinox-chr-clim.com\/index.php\/wp-json\/wp\/v2\/product\/69589","targetHints":{"allow":["GET"]}}],"collection":[{"href":"https:\/\/abinox-chr-clim.com\/index.php\/wp-json\/wp\/v2\/product"}],"about":[{"href":"https:\/\/abinox-chr-clim.com\/index.php\/wp-json\/wp\/v2\/types\/product"}],"replies":[{"embeddable":true,"href":"https:\/\/abinox-chr-clim.com\/index.php\/wp-json\/wp\/v2\/comments?post=69589"}],"wp:featuredmedia":[{"embeddable":true,"href":"https:\/\/abinox-chr-clim.com\/index.php\/wp-json\/wp\/v2\/media\/101014"}],"wp:attachment":[{"href":"https:\/\/abinox-chr-clim.com\/index.php\/wp-json\/wp\/v2\/media?parent=69589"}],"wp:term":[{"taxonomy":"product_brand","embeddable":true,"href":"https:\/\/abinox-chr-clim.com\/index.php\/wp-json\/wp\/v2\/product_brand?post=69589"},{"taxonomy":"product_cat","embeddable":true,"href":"https:\/\/abinox-chr-clim.com\/index.php\/wp-json\/wp\/v2\/product_cat?post=69589"},{"taxonomy":"product_tag","embeddable":true,"href":"https:\/\/abinox-chr-clim.com\/index.php\/wp-json\/wp\/v2\/product_tag?post=69589"}],"curies":[{"name":"wp","href":"https:\/\/api.w.org\/{rel}","templated":true}]}}