{"id":69588,"date":"2024-03-22T16:25:25","date_gmt":"2024-03-22T15:25:25","guid":{"rendered":"https:\/\/abinox-chr-clim.com\/index.php\/product\/bain-marie-nisbets-essentials\/"},"modified":"2026-04-02T10:10:57","modified_gmt":"2026-04-02T08:10:57","slug":"bain-marie-nisbets-essentials","status":"publish","type":"product","link":"https:\/\/abinox-chr-clim.com\/index.php\/product\/bain-marie-nisbets-essentials\/","title":{"rendered":"Bain-marie Nisbets Essentials"},"content":{"rendered":"<p>Solution parfaite pour garder les aliments pr\u00e9par\u00e9s au chaud et pr\u00eats \u00e0 servir. Facile \u00e0 vider et \u00e0 nettoyer. Capacit\u00e9 21 litres. Temps de chauffe 18 minutes.<br \/>Conception facile \u00e0 nettoyer permettant de gagner du temps. Coupe-circuit de s\u00e9curit\u00e9 int\u00e9gr\u00e9 contre la chauffe \u00e0 sec &#8211; \u00e9vite d&rsquo;endommager l&rsquo;appareil. Contr\u00f4le de temp\u00e9rature r\u00e9glable. Indicateur de mise sous tension. Livr\u00e9 dans un emballage respectueux de l&rsquo;environnement. Convient aux bacs GN 1\/1 (vendus s\u00e9par\u00e9ment).  Conception facile \u00e0 nettoyer permettant de gagner du temps.<\/p>\n<p>Caract\u00e9ristiques :<br \/> Capacit\u00e9 : 21 L.<br \/> Dimensions : 327(H) x 645(L) x 432(P) mm.<br \/> Mati\u00e8re : Inox.<br \/> Temp\u00e9rature : 30 \u00b0C \u00e0 90 \u00b0C.<br \/> Voltage : 220-240V.<br \/> Couleur : Argent.<\/p>\n","protected":false},"excerpt":{"rendered":"<div><img decoding=\"async\" src=\"https:\/\/abinox-chr-clim.com\/wp-content\/uploads\/2024\/03\/abinox-garantie-1-an.webp\" width=\"150px\"\/><\/div>\n<p>Bain-marie Nisbets Essentials<\/p>\n","protected":false},"featured_media":83763,"comment_status":"closed","ping_status":"closed","template":"","meta":[],"product_brand":[],"product_cat":[1198,1160,1297,1197],"product_tag":[],"class_list":{"0":"post-69588","1":"product","2":"type-product","3":"status-publish","4":"has-post-thumbnail","6":"product_cat-bain-marie","7":"product_cat-materiel-electrique-et-de-cuisson","8":"product_cat-non-palettisable","9":"product_cat-service-presentation","10":"product_shipping_class-free-shipping","12":"first","13":"instock","14":"featured","15":"taxable","16":"shipping-taxable","17":"purchasable","18":"product-type-simple"},"_links":{"self":[{"href":"https:\/\/abinox-chr-clim.com\/index.php\/wp-json\/wp\/v2\/product\/69588","targetHints":{"allow":["GET"]}}],"collection":[{"href":"https:\/\/abinox-chr-clim.com\/index.php\/wp-json\/wp\/v2\/product"}],"about":[{"href":"https:\/\/abinox-chr-clim.com\/index.php\/wp-json\/wp\/v2\/types\/product"}],"replies":[{"embeddable":true,"href":"https:\/\/abinox-chr-clim.com\/index.php\/wp-json\/wp\/v2\/comments?post=69588"}],"wp:featuredmedia":[{"embeddable":true,"href":"https:\/\/abinox-chr-clim.com\/index.php\/wp-json\/wp\/v2\/media\/83763"}],"wp:attachment":[{"href":"https:\/\/abinox-chr-clim.com\/index.php\/wp-json\/wp\/v2\/media?parent=69588"}],"wp:term":[{"taxonomy":"product_brand","embeddable":true,"href":"https:\/\/abinox-chr-clim.com\/index.php\/wp-json\/wp\/v2\/product_brand?post=69588"},{"taxonomy":"product_cat","embeddable":true,"href":"https:\/\/abinox-chr-clim.com\/index.php\/wp-json\/wp\/v2\/product_cat?post=69588"},{"taxonomy":"product_tag","embeddable":true,"href":"https:\/\/abinox-chr-clim.com\/index.php\/wp-json\/wp\/v2\/product_tag?post=69588"}],"curies":[{"name":"wp","href":"https:\/\/api.w.org\/{rel}","templated":true}]}}