{"id":69587,"date":"2024-03-22T16:25:24","date_gmt":"2024-03-22T15:25:24","guid":{"rendered":"https:\/\/abinox-chr-clim.com\/index.php\/product\/bain-marie-sous-vide-clifton-fl28d\/"},"modified":"2026-04-02T09:23:17","modified_gmt":"2026-04-02T07:23:17","slug":"bain-marie-sous-vide-clifton-fl28d","status":"publish","type":"product","link":"https:\/\/abinox-chr-clim.com\/index.php\/product\/bain-marie-sous-vide-clifton-fl28d\/","title":{"rendered":"Bain-marie sous-vide Clifton FL28D"},"content":{"rendered":"<p>Contr\u00f4le pr\u00e9cis de la temp\u00e9rature \u00e0 0,2 \u00b0C. R\u00e9glez la temp\u00e9rature facilement avec le bouton-poussoir, le panneau de commande se nettoie avec un chiffon humide. Minuterie int\u00e9gr\u00e9e : 1mn &#8211; 99h. Message audio \/ visuel \u00e0 la fin de la programmation, apr\u00e8s quoi le bain-marie continue de fonctionner \u00e0 la temp\u00e9rature de consigne.Protection contre la chauffe \u00e0 sec, signal de manque d&rsquo;eau. Poign\u00e9es lat\u00e9rales pour un d\u00e9placement facile. Poign\u00e9e de couvercle anti chaleur. Dimensions int\u00e9rieures de la cuve : 200(h) x 500(l) x 300(p)mm.  Contr\u00f4le pr\u00e9cis de la temp\u00e9rature \u00e0 0,2 \u00b0C.<\/p>\n<p>Caract\u00e9ristiques :<br \/> Capacit\u00e9 : 28 L.<br \/> Dimensions : 290(H) x 538(L) x 332(P) mm.<br \/> Mati\u00e8re : Inox.<br \/> Temp\u00e9rature : 5 \u00b0C \u00e0 95 \u00b0C.<br \/> Voltage : 230V.<br \/> Couleur : Finition acier inoxydable poli.<br \/> Puissance : 1.5 kW.<\/p>\n","protected":false},"excerpt":{"rendered":"<div><img decoding=\"async\" src=\"https:\/\/abinox-chr-clim.com\/wp-content\/uploads\/2024\/03\/abinox-garantie-1-an.webp\" width=\"150px\"\/><\/div>\n<p>Bain-marie sous-vide Clifton FL28D<\/p>\n","protected":false},"featured_media":81228,"comment_status":"closed","ping_status":"closed","template":"","meta":[],"product_brand":[],"product_cat":[1198,1160,1297,1197],"product_tag":[],"class_list":{"0":"post-69587","1":"product","2":"type-product","3":"status-publish","4":"has-post-thumbnail","6":"product_cat-bain-marie","7":"product_cat-materiel-electrique-et-de-cuisson","8":"product_cat-non-palettisable","9":"product_cat-service-presentation","10":"product_shipping_class-free-shipping","12":"first","13":"outofstock","14":"featured","15":"taxable","16":"shipping-taxable","17":"purchasable","18":"product-type-simple"},"_links":{"self":[{"href":"https:\/\/abinox-chr-clim.com\/index.php\/wp-json\/wp\/v2\/product\/69587","targetHints":{"allow":["GET"]}}],"collection":[{"href":"https:\/\/abinox-chr-clim.com\/index.php\/wp-json\/wp\/v2\/product"}],"about":[{"href":"https:\/\/abinox-chr-clim.com\/index.php\/wp-json\/wp\/v2\/types\/product"}],"replies":[{"embeddable":true,"href":"https:\/\/abinox-chr-clim.com\/index.php\/wp-json\/wp\/v2\/comments?post=69587"}],"wp:featuredmedia":[{"embeddable":true,"href":"https:\/\/abinox-chr-clim.com\/index.php\/wp-json\/wp\/v2\/media\/81228"}],"wp:attachment":[{"href":"https:\/\/abinox-chr-clim.com\/index.php\/wp-json\/wp\/v2\/media?parent=69587"}],"wp:term":[{"taxonomy":"product_brand","embeddable":true,"href":"https:\/\/abinox-chr-clim.com\/index.php\/wp-json\/wp\/v2\/product_brand?post=69587"},{"taxonomy":"product_cat","embeddable":true,"href":"https:\/\/abinox-chr-clim.com\/index.php\/wp-json\/wp\/v2\/product_cat?post=69587"},{"taxonomy":"product_tag","embeddable":true,"href":"https:\/\/abinox-chr-clim.com\/index.php\/wp-json\/wp\/v2\/product_tag?post=69587"}],"curies":[{"name":"wp","href":"https:\/\/api.w.org\/{rel}","templated":true}]}}