{"id":69585,"date":"2024-03-22T16:25:24","date_gmt":"2024-03-22T15:25:24","guid":{"rendered":"https:\/\/abinox-chr-clim.com\/index.php\/product\/moulin-a-epices-waring-wsg60e\/"},"modified":"2026-04-24T09:47:26","modified_gmt":"2026-04-24T07:47:26","slug":"moulin-a-epices-waring-wsg60e","status":"publish","type":"product","link":"https:\/\/abinox-chr-clim.com\/index.php\/product\/moulin-a-epices-waring-wsg60e\/","title":{"rendered":"Moulin \u00e0 \u00e9pices Waring WSG60E"},"content":{"rendered":"<p>Moteur haute performance pour moudre des \u00e9pices dures et faire des assaisonnements et sauces. Dispose des fonctions ON et Pulse en continu pour contr\u00f4ler la mouture. Verrouillage de s\u00e9curit\u00e9 du bo\u00eetier.<br \/>Op\u00e9ration ON en continu. R\u00e9f\u00e9rence soumise \u00e0 une Eco-participation mobilier de 0.22\u20ac par unit\u00e9 vendue. Moteur commercial haute performance &#8211; 20 000 tr\/min. Comprend 2 bols inox et 3 r\u00e9cipients avec manchons froids au toucher et couvercles de rangement. La fonction Pulse permet d&rsquo;affiner votre mouture et de cr\u00e9er une texture parfaite. Le couvercle herm\u00e9tique transparent permet le traitement d&rsquo;ingr\u00e9dients liquides (une tasse et demi maxi) pour pr\u00e9parer p\u00e2tes, sauces, sauces, beurres, etc.Moteur commercial 750W. Lames durables en acier inoxydable. Verrouilage de s\u00e9curit\u00e9 du bo\u00eetier. R\u00e9f\u00e9rence soumise \u00e0 une Eco-participation DEEE de 0,12\u20ac par unit\u00e9 vendue. Op\u00e9ration ON en continu.<\/p>\n<p>Caract\u00e9ristiques :<br \/> Capacit\u00e9 : 650ml.<br \/> Dimensions : 292(H) x 165(L) x 216(P)mm.<br \/> Mati\u00e8re : Inox.<br \/> Voltage : 230V.<br \/> Couleur : Argent.<\/p>\n","protected":false},"excerpt":{"rendered":"<div><img decoding=\"async\" src=\"https:\/\/abinox-chr-clim.com\/wp-content\/uploads\/2024\/03\/abinox-garantie-1-an.webp\" width=\"150px\"\/><\/div>\n<p>Moulin \u00e0 \u00e9pices Waring WSG60E<\/p>\n","protected":false},"featured_media":84143,"comment_status":"closed","ping_status":"closed","template":"","meta":[],"product_brand":[],"product_cat":[1160,1297,1187],"product_tag":[],"class_list":{"0":"post-69585","1":"product","2":"type-product","3":"status-publish","4":"has-post-thumbnail","6":"product_cat-materiel-electrique-et-de-cuisson","7":"product_cat-non-palettisable","8":"product_cat-preparation-des-aliments","9":"product_shipping_class-free-shipping","11":"first","12":"instock","13":"featured","14":"taxable","15":"shipping-taxable","16":"purchasable","17":"product-type-simple"},"_links":{"self":[{"href":"https:\/\/abinox-chr-clim.com\/index.php\/wp-json\/wp\/v2\/product\/69585","targetHints":{"allow":["GET"]}}],"collection":[{"href":"https:\/\/abinox-chr-clim.com\/index.php\/wp-json\/wp\/v2\/product"}],"about":[{"href":"https:\/\/abinox-chr-clim.com\/index.php\/wp-json\/wp\/v2\/types\/product"}],"replies":[{"embeddable":true,"href":"https:\/\/abinox-chr-clim.com\/index.php\/wp-json\/wp\/v2\/comments?post=69585"}],"wp:featuredmedia":[{"embeddable":true,"href":"https:\/\/abinox-chr-clim.com\/index.php\/wp-json\/wp\/v2\/media\/84143"}],"wp:attachment":[{"href":"https:\/\/abinox-chr-clim.com\/index.php\/wp-json\/wp\/v2\/media?parent=69585"}],"wp:term":[{"taxonomy":"product_brand","embeddable":true,"href":"https:\/\/abinox-chr-clim.com\/index.php\/wp-json\/wp\/v2\/product_brand?post=69585"},{"taxonomy":"product_cat","embeddable":true,"href":"https:\/\/abinox-chr-clim.com\/index.php\/wp-json\/wp\/v2\/product_cat?post=69585"},{"taxonomy":"product_tag","embeddable":true,"href":"https:\/\/abinox-chr-clim.com\/index.php\/wp-json\/wp\/v2\/product_tag?post=69585"}],"curies":[{"name":"wp","href":"https:\/\/api.w.org\/{rel}","templated":true}]}}