{"id":69584,"date":"2024-03-22T16:25:23","date_gmt":"2024-03-22T15:25:23","guid":{"rendered":"https:\/\/abinox-chr-clim.com\/index.php\/product\/moulin-a-epices-waring-wsg30e\/"},"modified":"2026-04-24T08:46:32","modified_gmt":"2026-04-24T06:46:32","slug":"moulin-a-epices-waring-wsg30e","status":"publish","type":"product","link":"https:\/\/abinox-chr-clim.com\/index.php\/product\/moulin-a-epices-waring-wsg30e\/","title":{"rendered":"Moulin \u00e0 \u00e9pices Waring WSG30E"},"content":{"rendered":"<p>Moulin en acier bross\u00e9 haute performance, compact, \u00e0 une seule vitesse. Id\u00e9al pour le poivre en grains, les b\u00e2tons de cannelle, l&rsquo;anis \u00e9toil\u00e9, etc. Dot\u00e9 d&rsquo;un verrouillage de s\u00e9curit\u00e9 sur la partie sup\u00e9rieure pour \u00e9viter toute blessure. Fourni avec 3 pots lavables au lave-vaisselle.<br \/>Capacit\u00e9 de hachage 70g. Lames en acier inoxydable tr\u00e8s robustes. 3 x r\u00e9cipients inox avec couvercles pour le stockage. R\u00e9f\u00e9rence soumise \u00e0 une Eco-participation mobilier de 0.11\u20ac par unit\u00e9 vendue. En acier bross\u00e9 tr\u00e8s durable. Le syst\u00e8me de verrouillage de s\u00e9curit\u00e9 emp\u00eache l&rsquo;appareil de s&rsquo;allumer jusqu&rsquo;\u00e0 ce que le couvercle et le bol soient verrouill\u00e9s en place.Les r\u00e9cipients inox passent au lave-vaisselle. R\u00e9f\u00e9rence soumise \u00e0 une Eco-participation DEEE de 0,09\u20ac par unit\u00e9 vendue. Capacit\u00e9 de hachage 70g.<\/p>\n<p>Caract\u00e9ristiques :<br \/> Capacit\u00e9 : 340ml.<br \/> Dimensions : 212(H) x 122(L) x 141(P)mm.<br \/> Mati\u00e8re : Acier inoxydable, copolyester sans BPA et caoutchouc.<br \/> Vitesse : 19000 tr\/min.<br \/> Couleur : Acier inoxydable.<br \/> Puissance : 175 W.<\/p>\n","protected":false},"excerpt":{"rendered":"<div><img decoding=\"async\" src=\"https:\/\/abinox-chr-clim.com\/wp-content\/uploads\/2024\/03\/abinox-garantie-1-an.webp\" width=\"150px\"\/><\/div>\n<p>Moulin \u00e0 \u00e9pices Waring WSG30E<\/p>\n","protected":false},"featured_media":81604,"comment_status":"closed","ping_status":"closed","template":"","meta":[],"product_brand":[],"product_cat":[1160,1297,1187],"product_tag":[],"class_list":{"0":"post-69584","1":"product","2":"type-product","3":"status-publish","4":"has-post-thumbnail","6":"product_cat-materiel-electrique-et-de-cuisson","7":"product_cat-non-palettisable","8":"product_cat-preparation-des-aliments","9":"product_shipping_class-free-shipping","11":"first","12":"instock","13":"featured","14":"taxable","15":"shipping-taxable","16":"purchasable","17":"product-type-simple"},"_links":{"self":[{"href":"https:\/\/abinox-chr-clim.com\/index.php\/wp-json\/wp\/v2\/product\/69584","targetHints":{"allow":["GET"]}}],"collection":[{"href":"https:\/\/abinox-chr-clim.com\/index.php\/wp-json\/wp\/v2\/product"}],"about":[{"href":"https:\/\/abinox-chr-clim.com\/index.php\/wp-json\/wp\/v2\/types\/product"}],"replies":[{"embeddable":true,"href":"https:\/\/abinox-chr-clim.com\/index.php\/wp-json\/wp\/v2\/comments?post=69584"}],"wp:featuredmedia":[{"embeddable":true,"href":"https:\/\/abinox-chr-clim.com\/index.php\/wp-json\/wp\/v2\/media\/81604"}],"wp:attachment":[{"href":"https:\/\/abinox-chr-clim.com\/index.php\/wp-json\/wp\/v2\/media?parent=69584"}],"wp:term":[{"taxonomy":"product_brand","embeddable":true,"href":"https:\/\/abinox-chr-clim.com\/index.php\/wp-json\/wp\/v2\/product_brand?post=69584"},{"taxonomy":"product_cat","embeddable":true,"href":"https:\/\/abinox-chr-clim.com\/index.php\/wp-json\/wp\/v2\/product_cat?post=69584"},{"taxonomy":"product_tag","embeddable":true,"href":"https:\/\/abinox-chr-clim.com\/index.php\/wp-json\/wp\/v2\/product_tag?post=69584"}],"curies":[{"name":"wp","href":"https:\/\/api.w.org\/{rel}","templated":true}]}}