{"id":69583,"date":"2024-03-22T16:25:23","date_gmt":"2024-03-22T15:25:23","guid":{"rendered":"https:\/\/abinox-chr-clim.com\/index.php\/product\/appareil-a-smoothie-xtreme-hi-power-waring-mx1500xtxsee\/"},"modified":"2026-04-24T08:42:08","modified_gmt":"2026-04-24T06:42:08","slug":"appareil-a-smoothie-xtreme-hi-power-waring-mx1500xtxsee","status":"publish","type":"product","link":"https:\/\/abinox-chr-clim.com\/index.php\/product\/appareil-a-smoothie-xtreme-hi-power-waring-mx1500xtxsee\/","title":{"rendered":"Appareil \u00e0 smoothie Xtreme Hi-Power Waring MX1500XTXSEE"},"content":{"rendered":"<p>Appareil silencieux avec compteur de boissons pour contribuer au contr\u00f4le des stocks. Pour pr\u00e9parer tr\u00e8s rapidement des cocktails de fruits,  des soupes, des sauces, des desserts, etc. Peut \u00eatre utilis\u00e9 pour broyer la glace.<br \/>Pichet de 2L empilable avec poign\u00e9e antid\u00e9rapante et bec verseur. Pichet co-polyester. Lame acier inoxydable. R\u00e9f\u00e9rence soumise \u00e0 une Eco-participation mobilier de 0.61\u20ac par unit\u00e9 vendue. Pichet de 2L empilable avec poign\u00e9e antid\u00e9rapante et bec verseur. 4 stations de pr\u00e9paration de boissons reprogrammables. Capot d&rsquo;insonorisation incassable pour un fonctionnement silencieux. Touches \u00e9lectroniques facile \u00e0 nettoyer et affichage LCD bleu r\u00e9tro-\u00e9clair\u00e9. Contr\u00f4le de la vitesse r\u00e9glable et fonction double impulsion. Compteur pour v\u00e9rifier le niveau de stock. Vitesse\u00a01500 \u00e0 20000 rpm. Pichet de 2L empilable avec poign\u00e9e antid\u00e9rapante et bec verseur.<\/p>\n<p>Caract\u00e9ristiques :<br \/> Capacit\u00e9 : 2 litres.<br \/> Dimensions : Dimensions (mm): 539(H) x 228(L) x 241(P).<br \/> Mati\u00e8re : Pichet en copolyester.<br \/> Vitesse : 1500 \u00e0 20000 tr\/mn.<br \/> Voltage : 230V.<br \/> Couleur : Noir.<\/p>\n","protected":false},"excerpt":{"rendered":"<div><img decoding=\"async\" src=\"https:\/\/abinox-chr-clim.com\/wp-content\/uploads\/2024\/03\/abinox-garantie-1-an.webp\" width=\"150px\"\/><\/div>\n<p>Appareil \u00e0 smoothie Xtreme Hi-Power Waring MX1500XTXSEE<\/p>\n","protected":false},"featured_media":79744,"comment_status":"closed","ping_status":"closed","template":"","meta":[],"product_brand":[],"product_cat":[1160,1297,1187],"product_tag":[],"class_list":{"0":"post-69583","1":"product","2":"type-product","3":"status-publish","4":"has-post-thumbnail","6":"product_cat-materiel-electrique-et-de-cuisson","7":"product_cat-non-palettisable","8":"product_cat-preparation-des-aliments","9":"product_shipping_class-free-shipping","11":"first","12":"instock","13":"featured","14":"taxable","15":"shipping-taxable","16":"purchasable","17":"product-type-simple"},"_links":{"self":[{"href":"https:\/\/abinox-chr-clim.com\/index.php\/wp-json\/wp\/v2\/product\/69583","targetHints":{"allow":["GET"]}}],"collection":[{"href":"https:\/\/abinox-chr-clim.com\/index.php\/wp-json\/wp\/v2\/product"}],"about":[{"href":"https:\/\/abinox-chr-clim.com\/index.php\/wp-json\/wp\/v2\/types\/product"}],"replies":[{"embeddable":true,"href":"https:\/\/abinox-chr-clim.com\/index.php\/wp-json\/wp\/v2\/comments?post=69583"}],"wp:featuredmedia":[{"embeddable":true,"href":"https:\/\/abinox-chr-clim.com\/index.php\/wp-json\/wp\/v2\/media\/79744"}],"wp:attachment":[{"href":"https:\/\/abinox-chr-clim.com\/index.php\/wp-json\/wp\/v2\/media?parent=69583"}],"wp:term":[{"taxonomy":"product_brand","embeddable":true,"href":"https:\/\/abinox-chr-clim.com\/index.php\/wp-json\/wp\/v2\/product_brand?post=69583"},{"taxonomy":"product_cat","embeddable":true,"href":"https:\/\/abinox-chr-clim.com\/index.php\/wp-json\/wp\/v2\/product_cat?post=69583"},{"taxonomy":"product_tag","embeddable":true,"href":"https:\/\/abinox-chr-clim.com\/index.php\/wp-json\/wp\/v2\/product_tag?post=69583"}],"curies":[{"name":"wp","href":"https:\/\/api.w.org\/{rel}","templated":true}]}}