{"id":69582,"date":"2024-03-22T16:25:23","date_gmt":"2024-03-22T15:25:23","guid":{"rendered":"https:\/\/abinox-chr-clim.com\/index.php\/product\/appareil-a-smoothie-xtreme-hi-power-waring-mx1100xtxsee\/"},"modified":"2026-04-24T08:42:07","modified_gmt":"2026-04-24T06:42:07","slug":"appareil-a-smoothie-xtreme-hi-power-waring-mx1100xtxsee","status":"publish","type":"product","link":"https:\/\/abinox-chr-clim.com\/index.php\/product\/appareil-a-smoothie-xtreme-hi-power-waring-mx1100xtxsee\/","title":{"rendered":"Appareil \u00e0 smoothie Xtreme Hi-Power Waring MX1100XTXSEE"},"content":{"rendered":"<p>Appareil \u00e9quip\u00e9 d&rsquo;un capot insonorisant pour pr\u00e9parer tr\u00e8s rapidement des cocktails de fruits, des potages, des sauces, des desserts, etc. Peut \u00eatre utilis\u00e9 pour broyer de la glace.<br \/>Le moteur puissant de 3,5 CV est capable de m\u00e9langer facilement la glace et les produits surgel\u00e9s. Pichet de 2L empilable en copolyester avec poign\u00e9e antid\u00e9rapante et bec verseur. Capot amovible fabriqu\u00e9 d&rsquo;une pi\u00e8ce compatible lave-vaisselle. R\u00e9f\u00e9rence soumise \u00e0 une Eco-participation mobilier de 0.61\u20ac par unit\u00e9 vendue. Capot d&rsquo;insonorisation incassable pour un fonctionnement silencieux. Clavier \u00e9lectronique \u00e0 membrane facile \u00e0 nettoyer avec fonctions haute, basse et impulsion. Compte \u00e0 rebours de 30 secondes. 2 vitesses jusqu&rsquo;\u00e0 20 000 tr\/mn en fonction Pulse. Le moteur puissant de 3,5 CV est capable de m\u00e9langer facilement la glace et les produits surgel\u00e9s.<\/p>\n<p>Caract\u00e9ristiques :<br \/> Capacit\u00e9 : 2 litres.<br \/> Dimensions : 539(H) x 228(L) x 241(P)mm.<br \/> Mati\u00e8re : Pichet en co-polyester.<br \/> Vitesse : 1500 \u00e0 20000 tr\/mn.<br \/> Voltage : 230V.<br \/> Couleur : Noir.<\/p>\n","protected":false},"excerpt":{"rendered":"<div><img decoding=\"async\" src=\"https:\/\/abinox-chr-clim.com\/wp-content\/uploads\/2024\/03\/abinox-garantie-1-an.webp\" width=\"150px\"\/><\/div>\n<p>Appareil \u00e0 smoothie Xtreme Hi-Power Waring MX1100XTXSEE<\/p>\n","protected":false},"featured_media":105025,"comment_status":"closed","ping_status":"closed","template":"","meta":[],"product_brand":[],"product_cat":[1160,1297,1187],"product_tag":[],"class_list":{"0":"post-69582","1":"product","2":"type-product","3":"status-publish","4":"has-post-thumbnail","6":"product_cat-materiel-electrique-et-de-cuisson","7":"product_cat-non-palettisable","8":"product_cat-preparation-des-aliments","9":"product_shipping_class-free-shipping","11":"first","12":"instock","13":"featured","14":"taxable","15":"shipping-taxable","16":"purchasable","17":"product-type-simple"},"_links":{"self":[{"href":"https:\/\/abinox-chr-clim.com\/index.php\/wp-json\/wp\/v2\/product\/69582","targetHints":{"allow":["GET"]}}],"collection":[{"href":"https:\/\/abinox-chr-clim.com\/index.php\/wp-json\/wp\/v2\/product"}],"about":[{"href":"https:\/\/abinox-chr-clim.com\/index.php\/wp-json\/wp\/v2\/types\/product"}],"replies":[{"embeddable":true,"href":"https:\/\/abinox-chr-clim.com\/index.php\/wp-json\/wp\/v2\/comments?post=69582"}],"wp:featuredmedia":[{"embeddable":true,"href":"https:\/\/abinox-chr-clim.com\/index.php\/wp-json\/wp\/v2\/media\/105025"}],"wp:attachment":[{"href":"https:\/\/abinox-chr-clim.com\/index.php\/wp-json\/wp\/v2\/media?parent=69582"}],"wp:term":[{"taxonomy":"product_brand","embeddable":true,"href":"https:\/\/abinox-chr-clim.com\/index.php\/wp-json\/wp\/v2\/product_brand?post=69582"},{"taxonomy":"product_cat","embeddable":true,"href":"https:\/\/abinox-chr-clim.com\/index.php\/wp-json\/wp\/v2\/product_cat?post=69582"},{"taxonomy":"product_tag","embeddable":true,"href":"https:\/\/abinox-chr-clim.com\/index.php\/wp-json\/wp\/v2\/product_tag?post=69582"}],"curies":[{"name":"wp","href":"https:\/\/api.w.org\/{rel}","templated":true}]}}