{"id":69581,"date":"2024-03-22T16:25:22","date_gmt":"2024-03-22T15:25:22","guid":{"rendered":"https:\/\/abinox-chr-clim.com\/index.php\/product\/lame-s-dentee-waring-pour-cd666-cc026-sk\/"},"modified":"2026-04-24T09:32:26","modified_gmt":"2026-04-24T07:32:26","slug":"lame-s-dentee-waring-pour-cd666-cc026-sk","status":"publish","type":"product","link":"https:\/\/abinox-chr-clim.com\/index.php\/product\/lame-s-dentee-waring-pour-cd666-cc026-sk\/","title":{"rendered":"Lame S dent\u00e9e Waring pour CD666 CC026-SK"},"content":{"rendered":"<p>Veuillez v\u00e9rifier que le num\u00e9ro de mod\u00e8le de votre machine &#8211; trouv\u00e9 sur la plaque signal\u00e9tique &#8211; correspond au num\u00e9ro de mod\u00e8le Waring indiqu\u00e9 dans la description du produit. Veuillez v\u00e9rifier que le num\u00e9ro de mod\u00e8le de votre machine &#8211; trouv\u00e9 sur la plaque signal\u00e9tique &#8211; correspond au num\u00e9ro de mod\u00e8le Waring indiqu\u00e9 dans la description du produit.<\/p>\n","protected":false},"excerpt":{"rendered":"<div><img decoding=\"async\" src=\"https:\/\/abinox-chr-clim.com\/wp-content\/uploads\/2024\/03\/abinox-garantie-1-an.webp\" width=\"150px\"\/><\/div>\n<p>Lame S dent\u00e9e Waring pour CD666 CC026-SK<\/p>\n","protected":false},"featured_media":75239,"comment_status":"closed","ping_status":"closed","template":"","meta":[],"product_brand":[],"product_cat":[1160,1297,1187],"product_tag":[],"class_list":{"0":"post-69581","1":"product","2":"type-product","3":"status-publish","4":"has-post-thumbnail","6":"product_cat-materiel-electrique-et-de-cuisson","7":"product_cat-non-palettisable","8":"product_cat-preparation-des-aliments","9":"product_shipping_class-free-shipping","11":"first","12":"instock","13":"featured","14":"taxable","15":"shipping-taxable","16":"purchasable","17":"product-type-simple"},"_links":{"self":[{"href":"https:\/\/abinox-chr-clim.com\/index.php\/wp-json\/wp\/v2\/product\/69581","targetHints":{"allow":["GET"]}}],"collection":[{"href":"https:\/\/abinox-chr-clim.com\/index.php\/wp-json\/wp\/v2\/product"}],"about":[{"href":"https:\/\/abinox-chr-clim.com\/index.php\/wp-json\/wp\/v2\/types\/product"}],"replies":[{"embeddable":true,"href":"https:\/\/abinox-chr-clim.com\/index.php\/wp-json\/wp\/v2\/comments?post=69581"}],"wp:featuredmedia":[{"embeddable":true,"href":"https:\/\/abinox-chr-clim.com\/index.php\/wp-json\/wp\/v2\/media\/75239"}],"wp:attachment":[{"href":"https:\/\/abinox-chr-clim.com\/index.php\/wp-json\/wp\/v2\/media?parent=69581"}],"wp:term":[{"taxonomy":"product_brand","embeddable":true,"href":"https:\/\/abinox-chr-clim.com\/index.php\/wp-json\/wp\/v2\/product_brand?post=69581"},{"taxonomy":"product_cat","embeddable":true,"href":"https:\/\/abinox-chr-clim.com\/index.php\/wp-json\/wp\/v2\/product_cat?post=69581"},{"taxonomy":"product_tag","embeddable":true,"href":"https:\/\/abinox-chr-clim.com\/index.php\/wp-json\/wp\/v2\/product_tag?post=69581"}],"curies":[{"name":"wp","href":"https:\/\/api.w.org\/{rel}","templated":true}]}}