{"id":69567,"date":"2024-03-22T16:25:16","date_gmt":"2024-03-22T15:25:16","guid":{"rendered":"https:\/\/abinox-chr-clim.com\/index.php\/product\/grille-pain-4-tranches-anthracite-vario-dualit-40348\/"},"modified":"2026-04-02T08:43:59","modified_gmt":"2026-04-02T06:43:59","slug":"grille-pain-4-tranches-anthracite-vario-dualit-40348","status":"publish","type":"product","link":"https:\/\/abinox-chr-clim.com\/index.php\/product\/grille-pain-4-tranches-anthracite-vario-dualit-40348\/","title":{"rendered":"Grille-pain 4 tranches anthracite Vario Dualit 40348"},"content":{"rendered":"<p>Grille-pains polyvalents et \u00e9l\u00e9gants disponibles en cinq couleurs diff\u00e9rentes. Le bouton de s\u00e9lection vous permet d&rsquo;utiliser uniquement les emplacements dont vous avez besoin, tandis qu&rsquo;une  minuterie garantit un r\u00e9sultat parfait. R\u00e9sistances faciles \u00e0 changer.<br \/>Tiroir ramasse-miettes amovible facile \u00e0 nettoyer.Minuterie simple.Minuterie \u00e0 arr\u00eat automatique.R\u00e9f\u00e9rence soumise \u00e0 une Eco-participation mobilier de 0.25\u20ac par unit\u00e9 vendue. Tiroir ramasse-miettes amovible facile \u00e0 nettoyer.Dimensions des fentes : 135(H)x 28(L)x 135(P)mm.Dimensions des fentes : 135(H)x 28(L)x 135(P)mm. R\u00e9f\u00e9rence soumise \u00e0 une Eco-participation DEEE de 0,19\u20ac par unit\u00e9 vendue. Tiroir ramasse-miettes amovible facile \u00e0 nettoyer. .<br \/> Caract\u00e9ristiques :<br \/> Capacit\u00e9 : 4 tranches.<br \/> Dimensions : 220(H)x 360(L)x 210(P)mm.<br \/> Mati\u00e8re : .<br \/> Sortie : 130 tranches par heure.<br \/> Voltage : 230V.<br \/> Couleur : Gris anthracite.<br \/> Puissance : 2.2 kW.<\/p>\n","protected":false},"excerpt":{"rendered":"<div><img decoding=\"async\" src=\"https:\/\/abinox-chr-clim.com\/wp-content\/uploads\/2024\/03\/abinox-garantie-1-an.webp\" width=\"150px\"\/><\/div>\n<p>Grille-pain 4 tranches anthracite Vario Dualit 40348<\/p>\n","protected":false},"featured_media":96031,"comment_status":"closed","ping_status":"closed","template":"","meta":[],"product_brand":[],"product_cat":[1160,1297,1179,1186],"product_tag":[],"class_list":{"0":"post-69567","1":"product","2":"type-product","3":"status-publish","4":"has-post-thumbnail","6":"product_cat-materiel-electrique-et-de-cuisson","7":"product_cat-non-palettisable","8":"product_cat-petit-materiel","9":"product_cat-toasters-et-grille-pains","10":"product_shipping_class-free-shipping","12":"first","13":"instock","14":"featured","15":"taxable","16":"shipping-taxable","17":"purchasable","18":"product-type-simple"},"_links":{"self":[{"href":"https:\/\/abinox-chr-clim.com\/index.php\/wp-json\/wp\/v2\/product\/69567","targetHints":{"allow":["GET"]}}],"collection":[{"href":"https:\/\/abinox-chr-clim.com\/index.php\/wp-json\/wp\/v2\/product"}],"about":[{"href":"https:\/\/abinox-chr-clim.com\/index.php\/wp-json\/wp\/v2\/types\/product"}],"replies":[{"embeddable":true,"href":"https:\/\/abinox-chr-clim.com\/index.php\/wp-json\/wp\/v2\/comments?post=69567"}],"wp:featuredmedia":[{"embeddable":true,"href":"https:\/\/abinox-chr-clim.com\/index.php\/wp-json\/wp\/v2\/media\/96031"}],"wp:attachment":[{"href":"https:\/\/abinox-chr-clim.com\/index.php\/wp-json\/wp\/v2\/media?parent=69567"}],"wp:term":[{"taxonomy":"product_brand","embeddable":true,"href":"https:\/\/abinox-chr-clim.com\/index.php\/wp-json\/wp\/v2\/product_brand?post=69567"},{"taxonomy":"product_cat","embeddable":true,"href":"https:\/\/abinox-chr-clim.com\/index.php\/wp-json\/wp\/v2\/product_cat?post=69567"},{"taxonomy":"product_tag","embeddable":true,"href":"https:\/\/abinox-chr-clim.com\/index.php\/wp-json\/wp\/v2\/product_tag?post=69567"}],"curies":[{"name":"wp","href":"https:\/\/api.w.org\/{rel}","templated":true}]}}