{"id":69566,"date":"2024-03-22T16:25:15","date_gmt":"2024-03-22T15:25:15","guid":{"rendered":"https:\/\/abinox-chr-clim.com\/index.php\/product\/grille-pain-6-tranches-noir-vario-dualit-60145\/"},"modified":"2026-04-02T08:43:59","modified_gmt":"2026-04-02T06:43:59","slug":"grille-pain-6-tranches-noir-vario-dualit-60145","status":"publish","type":"product","link":"https:\/\/abinox-chr-clim.com\/index.php\/product\/grille-pain-6-tranches-noir-vario-dualit-60145\/","title":{"rendered":"Grille-pain 6 tranches noir Vario Dualit 60145"},"content":{"rendered":"<p>Grille-pains polyvalents et \u00e9l\u00e9gants disponibles en cinq couleurs diff\u00e9rentes. Le bouton de s\u00e9lection vous permet d&rsquo;utiliser uniquement les emplacements dont vous avez besoin, tandis qu&rsquo;une  minuterie garantit un r\u00e9sultat parfait. R\u00e9sistances faciles \u00e0 changer.<br \/>Levier d&rsquo;\u00e9jection \u00e0 pousser vers le bas.Tiroir ramasse-miettes amovible facile \u00e0 nettoyer.Dimensions des fentes : 135(H)x 28(L)x 135(P)mm. R\u00e9f\u00e9rence soumise \u00e0 une Eco-participation mobilier de 0.32\u20ac par unit\u00e9 vendue.  R\u00e9f\u00e9rence soumise \u00e0 une Eco-participation DEEE de 0,24\u20ac par unit\u00e9 vendue. Levier d&rsquo;\u00e9jection \u00e0 pousser vers le bas. .<br \/> Caract\u00e9ristiques :<br \/> Capacit\u00e9 : 2, 4 ou 6 tranches.<br \/> Dimensions : 210(h) x 460(l) x 220(p)mm.<br \/> Mati\u00e8re : .<br \/> Sortie : 195 tranches\/h.<br \/> Voltage : 230V.<br \/> Couleur : Noir.<br \/> Puissance : 3 kW.<\/p>\n","protected":false},"excerpt":{"rendered":"<div><img decoding=\"async\" src=\"https:\/\/abinox-chr-clim.com\/wp-content\/uploads\/2024\/03\/abinox-garantie-1-an.webp\" width=\"150px\"\/><\/div>\n<p>Grille-pain 6 tranches noir Vario Dualit 60145<\/p>\n","protected":false},"featured_media":96034,"comment_status":"closed","ping_status":"closed","template":"","meta":[],"product_brand":[],"product_cat":[1160,1297,1179,1186],"product_tag":[],"class_list":{"0":"post-69566","1":"product","2":"type-product","3":"status-publish","4":"has-post-thumbnail","6":"product_cat-materiel-electrique-et-de-cuisson","7":"product_cat-non-palettisable","8":"product_cat-petit-materiel","9":"product_cat-toasters-et-grille-pains","10":"product_shipping_class-free-shipping","12":"first","13":"instock","14":"featured","15":"taxable","16":"shipping-taxable","17":"purchasable","18":"product-type-simple"},"_links":{"self":[{"href":"https:\/\/abinox-chr-clim.com\/index.php\/wp-json\/wp\/v2\/product\/69566","targetHints":{"allow":["GET"]}}],"collection":[{"href":"https:\/\/abinox-chr-clim.com\/index.php\/wp-json\/wp\/v2\/product"}],"about":[{"href":"https:\/\/abinox-chr-clim.com\/index.php\/wp-json\/wp\/v2\/types\/product"}],"replies":[{"embeddable":true,"href":"https:\/\/abinox-chr-clim.com\/index.php\/wp-json\/wp\/v2\/comments?post=69566"}],"wp:featuredmedia":[{"embeddable":true,"href":"https:\/\/abinox-chr-clim.com\/index.php\/wp-json\/wp\/v2\/media\/96034"}],"wp:attachment":[{"href":"https:\/\/abinox-chr-clim.com\/index.php\/wp-json\/wp\/v2\/media?parent=69566"}],"wp:term":[{"taxonomy":"product_brand","embeddable":true,"href":"https:\/\/abinox-chr-clim.com\/index.php\/wp-json\/wp\/v2\/product_brand?post=69566"},{"taxonomy":"product_cat","embeddable":true,"href":"https:\/\/abinox-chr-clim.com\/index.php\/wp-json\/wp\/v2\/product_cat?post=69566"},{"taxonomy":"product_tag","embeddable":true,"href":"https:\/\/abinox-chr-clim.com\/index.php\/wp-json\/wp\/v2\/product_tag?post=69566"}],"curies":[{"name":"wp","href":"https:\/\/api.w.org\/{rel}","templated":true}]}}