{"id":69563,"date":"2024-03-22T16:25:14","date_gmt":"2024-03-22T15:25:14","guid":{"rendered":"https:\/\/abinox-chr-clim.com\/index.php\/product\/grille-pain-traiteur-4-tranches-inox-dualit-49900\/"},"modified":"2026-04-02T08:39:14","modified_gmt":"2026-04-02T06:39:14","slug":"grille-pain-traiteur-4-tranches-inox-dualit-49900","status":"publish","type":"product","link":"https:\/\/abinox-chr-clim.com\/index.php\/product\/grille-pain-traiteur-4-tranches-inox-dualit-49900\/","title":{"rendered":"Grille-pain traiteur 4 tranches inox Dualit 49900"},"content":{"rendered":"<p>Grille-pain avec contr\u00f4leur \u00e9lectronique pour maintenir un brunissement constant du pain et positionner les double-fentes au bon niveau. Le contr\u00f4le ind\u00e9pendant des fentes en fait un grille-pain parfait pour les buffet de petit d\u00e9jeuner. El\u00e9ments de chauffe faciles \u00e0 changer.<br \/>Les \u00e9l\u00e9ments de chauffe ont une couche d&rsquo;armure plaqu\u00e9e prot\u00e9g\u00e9e couvrant le filament, ce qui les rend pratiquement incassable.Facile \u00e0 nettoyer &#8211; tout simplement essuyer avec un chiffon humide. Contr\u00f4le \u00e9lectronique de brunissage peut \u00eatre d\u00e9fini pour des types sp\u00e9cifiques de pain. Le grille-pains ajuste automatiquement pour assurer le brunissement constant de la premi\u00e8re \u00e0 la derni\u00e8re tranche. R\u00e9f\u00e9rence soumise \u00e0 une Eco-participation mobilier de 0.47\u20ac par unit\u00e9 vendue. Dimensions des fentes : 125(H)x 135(L)x 30(P)mm. Facile \u00e0 nettoyer &#8211; tout simplement essuyer avec un chiffon humide. Tiroir \u00e0 miettes amovible.Tiroir \u00e0 miettes amovible. R\u00e9f\u00e9rence soumise \u00e0 une Eco-participation DEEE de 0,36\u20ac par unit\u00e9 vendue. Les \u00e9l\u00e9ments de chauffe ont une couche d&rsquo;armure plaqu\u00e9e prot\u00e9g\u00e9e couvrant le filament, ce qui les rend pratiquement incassable. .<br \/> Caract\u00e9ristiques :<br \/> Capacit\u00e9 : 4 fentes.<br \/> Dimensions : 230(H) x 350(L) x 360(P) mm.<br \/> Mati\u00e8re : Acier inoxydable press\u00e9.<br \/> Sortie : 120 tranches\/hour.<br \/> Voltage : 230V.<br \/> Couleur : Finition acier inoxydable poli.<\/p>\n","protected":false},"excerpt":{"rendered":"<div><img decoding=\"async\" src=\"https:\/\/abinox-chr-clim.com\/wp-content\/uploads\/2024\/03\/abinox-garantie-1-an.webp\" width=\"150px\"\/><\/div>\n<p>Grille-pain traiteur 4 tranches inox Dualit 49900<\/p>\n","protected":false},"featured_media":89706,"comment_status":"closed","ping_status":"closed","template":"","meta":[],"product_brand":[],"product_cat":[1160,1297,1179,1186],"product_tag":[],"class_list":{"0":"post-69563","1":"product","2":"type-product","3":"status-publish","4":"has-post-thumbnail","6":"product_cat-materiel-electrique-et-de-cuisson","7":"product_cat-non-palettisable","8":"product_cat-petit-materiel","9":"product_cat-toasters-et-grille-pains","10":"product_shipping_class-free-shipping","12":"first","13":"instock","14":"featured","15":"taxable","16":"shipping-taxable","17":"purchasable","18":"product-type-simple"},"_links":{"self":[{"href":"https:\/\/abinox-chr-clim.com\/index.php\/wp-json\/wp\/v2\/product\/69563","targetHints":{"allow":["GET"]}}],"collection":[{"href":"https:\/\/abinox-chr-clim.com\/index.php\/wp-json\/wp\/v2\/product"}],"about":[{"href":"https:\/\/abinox-chr-clim.com\/index.php\/wp-json\/wp\/v2\/types\/product"}],"replies":[{"embeddable":true,"href":"https:\/\/abinox-chr-clim.com\/index.php\/wp-json\/wp\/v2\/comments?post=69563"}],"wp:featuredmedia":[{"embeddable":true,"href":"https:\/\/abinox-chr-clim.com\/index.php\/wp-json\/wp\/v2\/media\/89706"}],"wp:attachment":[{"href":"https:\/\/abinox-chr-clim.com\/index.php\/wp-json\/wp\/v2\/media?parent=69563"}],"wp:term":[{"taxonomy":"product_brand","embeddable":true,"href":"https:\/\/abinox-chr-clim.com\/index.php\/wp-json\/wp\/v2\/product_brand?post=69563"},{"taxonomy":"product_cat","embeddable":true,"href":"https:\/\/abinox-chr-clim.com\/index.php\/wp-json\/wp\/v2\/product_cat?post=69563"},{"taxonomy":"product_tag","embeddable":true,"href":"https:\/\/abinox-chr-clim.com\/index.php\/wp-json\/wp\/v2\/product_tag?post=69563"}],"curies":[{"name":"wp","href":"https:\/\/api.w.org\/{rel}","templated":true}]}}