{"id":69555,"date":"2024-03-22T16:25:11","date_gmt":"2024-03-22T15:25:11","guid":{"rendered":"https:\/\/abinox-chr-clim.com\/index.php\/product\/grille-pain-avec-grilles-sandwich-rowlett-esprit-2-fentes-rouge\/"},"modified":"2026-04-02T10:03:31","modified_gmt":"2026-04-02T08:03:31","slug":"grille-pain-avec-grilles-sandwich-rowlett-esprit-2-fentes-rouge","status":"publish","type":"product","link":"https:\/\/abinox-chr-clim.com\/index.php\/product\/grille-pain-avec-grilles-sandwich-rowlett-esprit-2-fentes-rouge\/","title":{"rendered":"Grille-pain avec grilles sandwich Rowlett Esprit 2 fentes rouge"},"content":{"rendered":"<p>Ultra \u00e9l\u00e9gant. Tr\u00e8s fiable. Id\u00e9al pour une utilisation en salle ou \u00e0 la maison &#8211; le Rowlett Esprit offre le meilleur du design britannique. Obtenez les r\u00e9sultats parfaits que vous recherchez. Livr\u00e9 avec r\u00e9sistances de rechange et grilles sandwich pour croque-monsieur.<br \/>S\u00e9lecteur de fente rotatif \u00e9co\u00e9nerg\u00e9tique. Voyant de mise sous tension. Minuterie r\u00e9glable. Con\u00e7u au Royaume-Uni. Ramasse miettes amovible. Dimensions des fentes : 135(H) x 19,5(P) x 140(L)mm. Livr\u00e9 avec 2 r\u00e9sistances suppl\u00e9mentaires pour un remplacement facile. Lot de 2 grilles \u00e0 sandwich pour croque-monsieur incluses.S\u00e9lecteur de fente rotatif \u00e9co\u00e9nerg\u00e9tique.<\/p>\n<p>Caract\u00e9ristiques :<br \/> Dimensions : 207(H) x 288(L) x 237(P) mm.<br \/> Mati\u00e8re : Inox.<br \/> Voltage : 220-240V.<br \/> Couleur : Rouge.<\/p>\n","protected":false},"excerpt":{"rendered":"<div><img decoding=\"async\" src=\"https:\/\/abinox-chr-clim.com\/wp-content\/uploads\/2024\/03\/abinox-garantie-1-an.webp\" width=\"150px\"\/><\/div>\n<p>Grille-pain avec grilles sandwich Rowlett Esprit 2 fentes rouge<\/p>\n","protected":false},"featured_media":105102,"comment_status":"closed","ping_status":"closed","template":"","meta":[],"product_brand":[],"product_cat":[1160,1297,1179,1186],"product_tag":[],"class_list":{"0":"post-69555","1":"product","2":"type-product","3":"status-publish","4":"has-post-thumbnail","6":"product_cat-materiel-electrique-et-de-cuisson","7":"product_cat-non-palettisable","8":"product_cat-petit-materiel","9":"product_cat-toasters-et-grille-pains","10":"product_shipping_class-free-shipping","12":"first","13":"outofstock","14":"featured","15":"taxable","16":"shipping-taxable","17":"purchasable","18":"product-type-simple"},"_links":{"self":[{"href":"https:\/\/abinox-chr-clim.com\/index.php\/wp-json\/wp\/v2\/product\/69555","targetHints":{"allow":["GET"]}}],"collection":[{"href":"https:\/\/abinox-chr-clim.com\/index.php\/wp-json\/wp\/v2\/product"}],"about":[{"href":"https:\/\/abinox-chr-clim.com\/index.php\/wp-json\/wp\/v2\/types\/product"}],"replies":[{"embeddable":true,"href":"https:\/\/abinox-chr-clim.com\/index.php\/wp-json\/wp\/v2\/comments?post=69555"}],"wp:featuredmedia":[{"embeddable":true,"href":"https:\/\/abinox-chr-clim.com\/index.php\/wp-json\/wp\/v2\/media\/105102"}],"wp:attachment":[{"href":"https:\/\/abinox-chr-clim.com\/index.php\/wp-json\/wp\/v2\/media?parent=69555"}],"wp:term":[{"taxonomy":"product_brand","embeddable":true,"href":"https:\/\/abinox-chr-clim.com\/index.php\/wp-json\/wp\/v2\/product_brand?post=69555"},{"taxonomy":"product_cat","embeddable":true,"href":"https:\/\/abinox-chr-clim.com\/index.php\/wp-json\/wp\/v2\/product_cat?post=69555"},{"taxonomy":"product_tag","embeddable":true,"href":"https:\/\/abinox-chr-clim.com\/index.php\/wp-json\/wp\/v2\/product_tag?post=69555"}],"curies":[{"name":"wp","href":"https:\/\/api.w.org\/{rel}","templated":true}]}}