{"id":69550,"date":"2024-03-22T16:25:09","date_gmt":"2024-03-22T15:25:09","guid":{"rendered":"https:\/\/abinox-chr-clim.com\/index.php\/product\/toaster-a-convoyeur-lincat-ct1\/"},"modified":"2026-04-02T09:51:02","modified_gmt":"2026-04-02T07:51:02","slug":"toaster-a-convoyeur-lincat-ct1","status":"publish","type":"product","link":"https:\/\/abinox-chr-clim.com\/index.php\/product\/toaster-a-convoyeur-lincat-ct1\/","title":{"rendered":"Toaster \u00e0 convoyeur Lincat CT1"},"content":{"rendered":"<p>Appareil compact et polyvalent \u00e0 haut rendement avec vitesse et brunissage r\u00e9glables et r\u00e9sistances sup\u00e9rieure et inf\u00e9rieure contr\u00f4l\u00e9es ind\u00e9pendamment. Le ventilateur interne et l&rsquo;isolation efficace garantissent que les panneaux ext\u00e9rieurs restent suffisamment froids pour un fonctionnement en toute s\u00e9curit\u00e9.<br \/>La vitesse r\u00e9glable du convoyeur permet un contr\u00f4le pr\u00e9cis du brunissement. R\u00e9sistances sup\u00e9rieures et inf\u00e9rieures r\u00e9glables. Grand plateau ramasse-miettes facile \u00e0 nettoyer. R\u00e9f\u00e9rence soumise \u00e0 une Eco-participation mobilier de 1.22\u20ac par unit\u00e9 vendue. R\u00e9sistances \u00e0 commande individuelle pour griller unilat\u00e9ralement des g\u00e2teaux, pains \u00e0 hamburger et autres produits. Peut griller deux tranches de pain c\u00f4te \u00e0 c\u00f4te pour un rendement optimal. Un ventilateur interne et une isolation efficace garantissent que les parois ext\u00e9rieures restent suffisamment froides pour un fonctionnement en toute s\u00e9curit\u00e9.Temps de chauffe rapide de 20 mn. La vitesse r\u00e9glable du convoyeur permet un contr\u00f4le pr\u00e9cis du brunissement.<\/p>\n<p>Caract\u00e9ristiques :<br \/> Dimensions : 398(H) x 410(L) x 668(P) mm.<br \/> Mati\u00e8re : Inox.<br \/> Sortie : Jusqu&rsquo;\u00e0 340 tranches\/h.<br \/> Voltage : 230V.<br \/> Couleur : .<br \/> Puissance : 2.4 kW.<\/p>\n","protected":false},"excerpt":{"rendered":"<div><img decoding=\"async\" src=\"https:\/\/abinox-chr-clim.com\/wp-content\/uploads\/2024\/03\/abinox-garantie-1-an.webp\" width=\"150px\"\/><\/div>\n<p>Toaster \u00e0 convoyeur Lincat CT1<\/p>\n","protected":false},"featured_media":81217,"comment_status":"closed","ping_status":"closed","template":"","meta":[],"product_brand":[],"product_cat":[1160,1297,1179,1186],"product_tag":[],"class_list":{"0":"post-69550","1":"product","2":"type-product","3":"status-publish","4":"has-post-thumbnail","6":"product_cat-materiel-electrique-et-de-cuisson","7":"product_cat-non-palettisable","8":"product_cat-petit-materiel","9":"product_cat-toasters-et-grille-pains","10":"product_shipping_class-free-shipping","12":"first","13":"instock","14":"featured","15":"taxable","16":"shipping-taxable","17":"purchasable","18":"product-type-simple"},"_links":{"self":[{"href":"https:\/\/abinox-chr-clim.com\/index.php\/wp-json\/wp\/v2\/product\/69550","targetHints":{"allow":["GET"]}}],"collection":[{"href":"https:\/\/abinox-chr-clim.com\/index.php\/wp-json\/wp\/v2\/product"}],"about":[{"href":"https:\/\/abinox-chr-clim.com\/index.php\/wp-json\/wp\/v2\/types\/product"}],"replies":[{"embeddable":true,"href":"https:\/\/abinox-chr-clim.com\/index.php\/wp-json\/wp\/v2\/comments?post=69550"}],"wp:featuredmedia":[{"embeddable":true,"href":"https:\/\/abinox-chr-clim.com\/index.php\/wp-json\/wp\/v2\/media\/81217"}],"wp:attachment":[{"href":"https:\/\/abinox-chr-clim.com\/index.php\/wp-json\/wp\/v2\/media?parent=69550"}],"wp:term":[{"taxonomy":"product_brand","embeddable":true,"href":"https:\/\/abinox-chr-clim.com\/index.php\/wp-json\/wp\/v2\/product_brand?post=69550"},{"taxonomy":"product_cat","embeddable":true,"href":"https:\/\/abinox-chr-clim.com\/index.php\/wp-json\/wp\/v2\/product_cat?post=69550"},{"taxonomy":"product_tag","embeddable":true,"href":"https:\/\/abinox-chr-clim.com\/index.php\/wp-json\/wp\/v2\/product_tag?post=69550"}],"curies":[{"name":"wp","href":"https:\/\/api.w.org\/{rel}","templated":true}]}}