{"id":69541,"date":"2024-03-22T16:25:04","date_gmt":"2024-03-22T15:25:04","guid":{"rendered":"https:\/\/abinox-chr-clim.com\/index.php\/product\/presse-agrumes-11-santos-classic\/"},"modified":"2026-04-15T09:50:17","modified_gmt":"2026-04-15T07:50:17","slug":"presse-agrumes-11-santos-classic","status":"publish","type":"product","link":"https:\/\/abinox-chr-clim.com\/index.php\/product\/presse-agrumes-11-santos-classic\/","title":{"rendered":"Presse-agrumes 11 Santos Classic"},"content":{"rendered":"<p>Id\u00e9al pour une production en continu. Le moteur \u00e0 haute vitesse extrait la quantit\u00e9 maximale de jus. Pour presser les oranges, citrons, citrons verts ou pamplemousses (uniquement les agrumes). Bloc moteur \u00e9tanche.<br \/>Bloc moteur \u00e9tanche. 3 ogives amovibles. Cuve 795 ml. R\u00e9f\u00e9rence soumise \u00e0 une Eco-participation mobilier de 0.19\u20ac par unit\u00e9 vendue. Garantie constructeur 5 ans sur moteur asynchrone.Socle en aluminium. R\u00e9f\u00e9rence soumise \u00e0 une Eco-participation DEEE de 0,20\u20ac par unit\u00e9 vendue. Bloc moteur \u00e9tanche.<\/p>\n<p>Caract\u00e9ristiques :<br \/> Dimensions : 350(H) x 200(L) x 300(P)mm.<br \/> Mati\u00e8re : Aluminium et plastique.<br \/> Sortie : 30L\/heure.<br \/> Vitesse : 1500 tr\/mn.<br \/> Voltage : 230V.<br \/> Couleur : Gris et jaune.<\/p>\n","protected":false},"excerpt":{"rendered":"<div><img decoding=\"async\" src=\"https:\/\/abinox-chr-clim.com\/wp-content\/uploads\/2024\/03\/abinox-garantie-1-an.webp\" width=\"150px\"\/><\/div>\n<p>Presse-agrumes 11 Santos Classic<\/p>\n","protected":false},"featured_media":104432,"comment_status":"closed","ping_status":"closed","template":"","meta":[],"product_brand":[],"product_cat":[1160,1297,1179,1187,1195],"product_tag":[],"class_list":{"0":"post-69541","1":"product","2":"type-product","3":"status-publish","4":"has-post-thumbnail","6":"product_cat-materiel-electrique-et-de-cuisson","7":"product_cat-non-palettisable","8":"product_cat-petit-materiel","9":"product_cat-preparation-des-aliments","10":"product_cat-presse-agrumes","11":"product_shipping_class-free-shipping","13":"first","14":"instock","15":"featured","16":"taxable","17":"shipping-taxable","18":"purchasable","19":"product-type-simple"},"_links":{"self":[{"href":"https:\/\/abinox-chr-clim.com\/index.php\/wp-json\/wp\/v2\/product\/69541","targetHints":{"allow":["GET"]}}],"collection":[{"href":"https:\/\/abinox-chr-clim.com\/index.php\/wp-json\/wp\/v2\/product"}],"about":[{"href":"https:\/\/abinox-chr-clim.com\/index.php\/wp-json\/wp\/v2\/types\/product"}],"replies":[{"embeddable":true,"href":"https:\/\/abinox-chr-clim.com\/index.php\/wp-json\/wp\/v2\/comments?post=69541"}],"wp:featuredmedia":[{"embeddable":true,"href":"https:\/\/abinox-chr-clim.com\/index.php\/wp-json\/wp\/v2\/media\/104432"}],"wp:attachment":[{"href":"https:\/\/abinox-chr-clim.com\/index.php\/wp-json\/wp\/v2\/media?parent=69541"}],"wp:term":[{"taxonomy":"product_brand","embeddable":true,"href":"https:\/\/abinox-chr-clim.com\/index.php\/wp-json\/wp\/v2\/product_brand?post=69541"},{"taxonomy":"product_cat","embeddable":true,"href":"https:\/\/abinox-chr-clim.com\/index.php\/wp-json\/wp\/v2\/product_cat?post=69541"},{"taxonomy":"product_tag","embeddable":true,"href":"https:\/\/abinox-chr-clim.com\/index.php\/wp-json\/wp\/v2\/product_tag?post=69541"}],"curies":[{"name":"wp","href":"https:\/\/api.w.org\/{rel}","templated":true}]}}