{"id":69539,"date":"2024-03-22T16:25:03","date_gmt":"2024-03-22T15:25:03","guid":{"rendered":"https:\/\/abinox-chr-clim.com\/index.php\/product\/turbine-a-glace-buffalo-15l\/"},"modified":"2026-04-15T08:51:31","modified_gmt":"2026-04-15T06:51:31","slug":"turbine-a-glace-buffalo-15l","status":"publish","type":"product","link":"https:\/\/abinox-chr-clim.com\/index.php\/product\/turbine-a-glace-buffalo-15l\/","title":{"rendered":"Turbine \u00e0 glace Buffalo 1,5L"},"content":{"rendered":"<p>Machine de grande capacit\u00e9 avec compresseur int\u00e9gr\u00e9 et affichage LED de la temp\u00e9rature. Parfaite pour la fabrication de cr\u00e8me glac\u00e9e, sorbet ou de yogourt glac\u00e9.<br \/>Cuve amovible antiadh\u00e9sive. Avec spatule. Design \u00e9l\u00e9gant en acier inoxydable.R\u00e9f\u00e9rence soumise \u00e0 une Eco-participation mobilier de 0.65\u20ac par unit\u00e9 vendue.  Affichage de temp\u00e9rature LED. R\u00e9f\u00e9rence soumise \u00e0 une Eco-participation DEEE de 0,49\u20ac par unit\u00e9 vendue. Cuve amovible antiadh\u00e9sive.<\/p>\n<p>Caract\u00e9ristiques :<br \/> Capacit\u00e9 : 1.5L.<br \/> Dimensions : 245(H) x 402(L) x 281(P)mm.<br \/> Mati\u00e8re : .<br \/> Sortie : 1.5 litre\/30mn.<br \/> Temp\u00e9rature : -18\u00b0C \u00e0 -35\u00b0C.<br \/> Voltage : 230V.<br \/> Couleur : .<br \/> Puissance : 150 W.<\/p>\n","protected":false},"excerpt":{"rendered":"<div><img decoding=\"async\" src=\"https:\/\/abinox-chr-clim.com\/wp-content\/uploads\/2024\/03\/abinox-garantie-1-an.webp\" width=\"150px\"\/><\/div>\n<p>Turbine \u00e0 glace Buffalo 1,5L<\/p>\n","protected":false},"featured_media":92797,"comment_status":"closed","ping_status":"closed","template":"","meta":[],"product_brand":[],"product_cat":[1194,1160,1297,1179,1187],"product_tag":[],"class_list":{"0":"post-69539","1":"product","2":"type-product","3":"status-publish","4":"has-post-thumbnail","6":"product_cat-machines-a-glacons","7":"product_cat-materiel-electrique-et-de-cuisson","8":"product_cat-non-palettisable","9":"product_cat-petit-materiel","10":"product_cat-preparation-des-aliments","11":"product_shipping_class-free-shipping","13":"first","14":"instock","15":"featured","16":"taxable","17":"shipping-taxable","18":"purchasable","19":"product-type-simple"},"_links":{"self":[{"href":"https:\/\/abinox-chr-clim.com\/index.php\/wp-json\/wp\/v2\/product\/69539","targetHints":{"allow":["GET"]}}],"collection":[{"href":"https:\/\/abinox-chr-clim.com\/index.php\/wp-json\/wp\/v2\/product"}],"about":[{"href":"https:\/\/abinox-chr-clim.com\/index.php\/wp-json\/wp\/v2\/types\/product"}],"replies":[{"embeddable":true,"href":"https:\/\/abinox-chr-clim.com\/index.php\/wp-json\/wp\/v2\/comments?post=69539"}],"wp:featuredmedia":[{"embeddable":true,"href":"https:\/\/abinox-chr-clim.com\/index.php\/wp-json\/wp\/v2\/media\/92797"}],"wp:attachment":[{"href":"https:\/\/abinox-chr-clim.com\/index.php\/wp-json\/wp\/v2\/media?parent=69539"}],"wp:term":[{"taxonomy":"product_brand","embeddable":true,"href":"https:\/\/abinox-chr-clim.com\/index.php\/wp-json\/wp\/v2\/product_brand?post=69539"},{"taxonomy":"product_cat","embeddable":true,"href":"https:\/\/abinox-chr-clim.com\/index.php\/wp-json\/wp\/v2\/product_cat?post=69539"},{"taxonomy":"product_tag","embeddable":true,"href":"https:\/\/abinox-chr-clim.com\/index.php\/wp-json\/wp\/v2\/product_tag?post=69539"}],"curies":[{"name":"wp","href":"https:\/\/api.w.org\/{rel}","templated":true}]}}