{"id":69536,"date":"2024-03-22T16:25:02","date_gmt":"2024-03-22T15:25:02","guid":{"rendered":"https:\/\/abinox-chr-clim.com\/index.php\/product\/turbine-a-glace-buffalo-2l\/"},"modified":"2026-04-15T09:41:23","modified_gmt":"2026-04-15T07:41:23","slug":"turbine-a-glace-buffalo-2l","status":"publish","type":"product","link":"https:\/\/abinox-chr-clim.com\/index.php\/product\/turbine-a-glace-buffalo-2l\/","title":{"rendered":"Turbine \u00e0 glace Buffalo 2L"},"content":{"rendered":"<p>Turbine \u00e0 glace de qualit\u00e9 professionnelle qui \u00e9limine la n\u00e9cessit\u00e9 de pr\u00e9-r\u00e9frig\u00e9rer la cuve, r\u00e9el gain de temps de pr\u00e9paration. Construction en acier inoxydable avec compresseur int\u00e9gr\u00e9. Le faible encombrement permet une utilisation de comptoir.<br \/>Capacit\u00e9 g\u00e9n\u00e9reuse permettant de produire 2 litres de cr\u00e8me glac\u00e9e toutes les 30 minutes. Le cong\u00e9lateur int\u00e9gr\u00e9 signifie qu&rsquo;il n&rsquo;est pas n\u00e9cessaire de pr\u00e9-congeler le bol. Le bol amovible antiadh\u00e9sif et la conception en acier inoxydable permettent un nettoyage facile. R\u00e9f\u00e9rence soumise \u00e0 une Eco-participation mobilier de 0.72\u20ac par unit\u00e9 vendue. Le syst\u00e8me de protection du moteur \u00e9vite les dommages et prolonge la dur\u00e9e de vie de l&rsquo;appareil. La structure en acier inoxydable conf\u00e8re \u00e0 cet appareil une bonne r\u00e9sistance et une longue dur\u00e9e de vie.Les commandes num\u00e9riques conviviales garantissent un fonctionnement facile. Capacit\u00e9 g\u00e9n\u00e9reuse permettant de produire 2 litres de cr\u00e8me glac\u00e9e toutes les 30 minutes.<\/p>\n<p>Caract\u00e9ristiques :<br \/> Capacit\u00e9 : 2L.<br \/> Dimensions : 362(H) x 272(L) x 315(P)mm.<br \/> Mati\u00e8re : Acier inoxydable.<br \/> Sortie : 180W.<br \/> Temp\u00e9rature : -35\u00b0C \u00e0 -18\u00b0C.<br \/> Voltage : 230V.<br \/> Couleur : Acier inoxydable.<\/p>\n","protected":false},"excerpt":{"rendered":"<div><img decoding=\"async\" src=\"https:\/\/abinox-chr-clim.com\/wp-content\/uploads\/2024\/03\/abinox-garantie-1-an.webp\" width=\"150px\"\/><\/div>\n<p>Turbine \u00e0 glace Buffalo 2L<\/p>\n","protected":false},"featured_media":102944,"comment_status":"closed","ping_status":"closed","template":"","meta":[],"product_brand":[],"product_cat":[1194,1160,1297,1179,1187],"product_tag":[],"class_list":{"0":"post-69536","1":"product","2":"type-product","3":"status-publish","4":"has-post-thumbnail","6":"product_cat-machines-a-glacons","7":"product_cat-materiel-electrique-et-de-cuisson","8":"product_cat-non-palettisable","9":"product_cat-petit-materiel","10":"product_cat-preparation-des-aliments","11":"product_shipping_class-free-shipping","13":"first","14":"instock","15":"featured","16":"taxable","17":"shipping-taxable","18":"purchasable","19":"product-type-simple"},"_links":{"self":[{"href":"https:\/\/abinox-chr-clim.com\/index.php\/wp-json\/wp\/v2\/product\/69536","targetHints":{"allow":["GET"]}}],"collection":[{"href":"https:\/\/abinox-chr-clim.com\/index.php\/wp-json\/wp\/v2\/product"}],"about":[{"href":"https:\/\/abinox-chr-clim.com\/index.php\/wp-json\/wp\/v2\/types\/product"}],"replies":[{"embeddable":true,"href":"https:\/\/abinox-chr-clim.com\/index.php\/wp-json\/wp\/v2\/comments?post=69536"}],"wp:featuredmedia":[{"embeddable":true,"href":"https:\/\/abinox-chr-clim.com\/index.php\/wp-json\/wp\/v2\/media\/102944"}],"wp:attachment":[{"href":"https:\/\/abinox-chr-clim.com\/index.php\/wp-json\/wp\/v2\/media?parent=69536"}],"wp:term":[{"taxonomy":"product_brand","embeddable":true,"href":"https:\/\/abinox-chr-clim.com\/index.php\/wp-json\/wp\/v2\/product_brand?post=69536"},{"taxonomy":"product_cat","embeddable":true,"href":"https:\/\/abinox-chr-clim.com\/index.php\/wp-json\/wp\/v2\/product_cat?post=69536"},{"taxonomy":"product_tag","embeddable":true,"href":"https:\/\/abinox-chr-clim.com\/index.php\/wp-json\/wp\/v2\/product_tag?post=69536"}],"curies":[{"name":"wp","href":"https:\/\/api.w.org\/{rel}","templated":true}]}}