{"id":69531,"date":"2024-03-22T16:25:00","date_gmt":"2024-03-22T15:25:00","guid":{"rendered":"https:\/\/abinox-chr-clim.com\/index.php\/product\/sacs-demballage-sous-vide-vogue-300x400mm-gaufres-lot-de-50\/"},"modified":"2026-04-02T08:41:47","modified_gmt":"2026-04-02T06:41:47","slug":"sacs-demballage-sous-vide-vogue-300x400mm-gaufres-lot-de-50","status":"publish","type":"product","link":"https:\/\/abinox-chr-clim.com\/index.php\/product\/sacs-demballage-sous-vide-vogue-300x400mm-gaufres-lot-de-50\/","title":{"rendered":"Sacs d&#8217;emballage sous vide Vogue 300x400mm gaufr\u00e9s (Lot de 50)"},"content":{"rendered":"<p>Sacs d&#8217;emballage sous vide gaufr\u00e9s pr\u00eats \u00e0 sceller, pour la cong\u00e9lation, la r\u00e9frig\u00e9ration, le micro-ondes et l&rsquo;\u00e9bullition. Plage de temp\u00e9rature de -18\u00b0C \u00e0 +100\u00b0C. Epaisseur : c\u00f4t\u00e9 lisse 75 \u00b5, c\u00f4t\u00e9 gaufr\u00e9 90 \u00b5. Sacs adapt\u00e9s pour toutes nos machines de mise sous vide.<br \/>La fabrication durable emp\u00eache les fuites et la contamination. Le joint herm\u00e9tique permet de conserver les aliments frais plus longtemps. Retient le go\u00fbt des aliments, ce qui est id\u00e9al pour les mariner. Aide \u00e0 garder votre r\u00e9frig\u00e9rateur ou votre cong\u00e9lateur organis\u00e9. Id\u00e9al pour pr\u00e9parer les aliments avant le service, ce qui vous fait gagner du temps. Convient \u00e0 une utilisation dans un sous-vide pour une cuisson plus savoureuse. Epaisseur : c\u00f4t\u00e9 lisse 75 microns. Epaisseur : c\u00f4t\u00e9 gaufr\u00e9 90 microns. Adapt\u00e9s pour une utilisation avec les machines sous-vide CT014 et GF439.La fabrication durable emp\u00eache les fuites et la contamination.<\/p>\n<p>Caract\u00e9ristiques :<br \/>Lot : 50.<br \/> Dimensions : 300mm x 400mm.<br \/> Mati\u00e8re : PA (polyamide nylon).<br \/> Temp\u00e9rature : -18C \u00e0 +100\u00b0C.<br \/> Couleur : Transparent.<\/p>\n","protected":false},"excerpt":{"rendered":"<div><img decoding=\"async\" src=\"https:\/\/abinox-chr-clim.com\/wp-content\/uploads\/2024\/03\/abinox-garantie-1-an.webp\" width=\"150px\"\/><\/div>\n<p>Sacs d&#8217;emballage sous vide Vogue 300x400mm gaufr\u00e9s (Lot de 50)<\/p>\n","protected":false},"featured_media":92265,"comment_status":"closed","ping_status":"closed","template":"","meta":[],"product_brand":[],"product_cat":[1288,1160,1297,1179,1187],"product_tag":[],"class_list":{"0":"post-69531","1":"product","2":"type-product","3":"status-publish","4":"has-post-thumbnail","6":"product_cat-machines-a-emballer-sous-vide-preparation-des-aliments","7":"product_cat-materiel-electrique-et-de-cuisson","8":"product_cat-non-palettisable","9":"product_cat-petit-materiel","10":"product_cat-preparation-des-aliments","11":"product_shipping_class-free-shipping","13":"first","14":"instock","15":"featured","16":"taxable","17":"shipping-taxable","18":"purchasable","19":"product-type-simple"},"_links":{"self":[{"href":"https:\/\/abinox-chr-clim.com\/index.php\/wp-json\/wp\/v2\/product\/69531","targetHints":{"allow":["GET"]}}],"collection":[{"href":"https:\/\/abinox-chr-clim.com\/index.php\/wp-json\/wp\/v2\/product"}],"about":[{"href":"https:\/\/abinox-chr-clim.com\/index.php\/wp-json\/wp\/v2\/types\/product"}],"replies":[{"embeddable":true,"href":"https:\/\/abinox-chr-clim.com\/index.php\/wp-json\/wp\/v2\/comments?post=69531"}],"wp:featuredmedia":[{"embeddable":true,"href":"https:\/\/abinox-chr-clim.com\/index.php\/wp-json\/wp\/v2\/media\/92265"}],"wp:attachment":[{"href":"https:\/\/abinox-chr-clim.com\/index.php\/wp-json\/wp\/v2\/media?parent=69531"}],"wp:term":[{"taxonomy":"product_brand","embeddable":true,"href":"https:\/\/abinox-chr-clim.com\/index.php\/wp-json\/wp\/v2\/product_brand?post=69531"},{"taxonomy":"product_cat","embeddable":true,"href":"https:\/\/abinox-chr-clim.com\/index.php\/wp-json\/wp\/v2\/product_cat?post=69531"},{"taxonomy":"product_tag","embeddable":true,"href":"https:\/\/abinox-chr-clim.com\/index.php\/wp-json\/wp\/v2\/product_tag?post=69531"}],"curies":[{"name":"wp","href":"https:\/\/api.w.org\/{rel}","templated":true}]}}