{"id":69527,"date":"2024-03-22T16:24:58","date_gmt":"2024-03-22T15:24:58","guid":{"rendered":"https:\/\/abinox-chr-clim.com\/index.php\/product\/scelleuse-sirman-400mm\/"},"modified":"2025-06-30T09:27:09","modified_gmt":"2025-06-30T07:27:09","slug":"scelleuse-sirman-400mm","status":"publish","type":"product","link":"https:\/\/abinox-chr-clim.com\/index.php\/product\/scelleuse-sirman-400mm\/","title":{"rendered":"Scelleuse Sirman 400mm"},"content":{"rendered":"<p>Scelleuse rapide et facile \u00e0 utiliser pour les sacs alimentaires en plastique. Scelle tous types de sacs jusqu&rsquo;\u00e0 2 mm d&rsquo;\u00e9paisseur.<br \/>Pour l&rsquo;alimentation avec une \u00e9paisseur maximale de 2mm et une longueur de 300mm. Equip\u00e9e d&rsquo;une minuterie r\u00e9glable permettant de sceller des sacs de diff\u00e9rentes \u00e9paisseurs. Minuterie avec 8 r\u00e9glages. R\u00e9f\u00e9rence soumise \u00e0 une Eco-participation mobilier de 0.22\u20ac par unit\u00e9 vendue. Contient un manuel d&rsquo;utilisation.Peut sceller les sacs entre 0,5 \u00e0 2,5 secondes.R\u00e9f\u00e9rence soumise \u00e0 une Eco-participation DEEE de 0,14\u20ac par unit\u00e9 vendue. Pour l&rsquo;alimentation avec une \u00e9paisseur maximale de 2mm et une longueur de 300mm.<\/p>\n<p>Caract\u00e9ristiques :<br \/> Dimensions : 260(H) x 75(L) x 555(P)mm.<br \/> Mati\u00e8re : Acier et t\u00e9flon.<br \/> Temp\u00e9rature : Max: 150 degr\u00e9s Celsius.<br \/> Voltage : 230V.<br \/> Couleur : Gris m\u00e9tal.<br \/> Puissance : 700 W.<\/p>\n","protected":false},"excerpt":{"rendered":"<div><img decoding=\"async\" src=\"https:\/\/abinox-chr-clim.com\/wp-content\/uploads\/2024\/03\/abinox-garantie-1-an.webp\" width=\"150px\"\/><\/div>\n<p>Scelleuse Sirman 400mm<\/p>\n","protected":false},"featured_media":89748,"comment_status":"closed","ping_status":"closed","template":"","meta":[],"product_brand":[],"product_cat":[1288,1160,1297,1179,1187],"product_tag":[],"class_list":{"0":"post-69527","1":"product","2":"type-product","3":"status-publish","4":"has-post-thumbnail","6":"product_cat-machines-a-emballer-sous-vide-preparation-des-aliments","7":"product_cat-materiel-electrique-et-de-cuisson","8":"product_cat-non-palettisable","9":"product_cat-petit-materiel","10":"product_cat-preparation-des-aliments","11":"product_shipping_class-free-shipping","13":"first","14":"outofstock","15":"featured","16":"taxable","17":"shipping-taxable","18":"purchasable","19":"product-type-simple"},"_links":{"self":[{"href":"https:\/\/abinox-chr-clim.com\/index.php\/wp-json\/wp\/v2\/product\/69527","targetHints":{"allow":["GET"]}}],"collection":[{"href":"https:\/\/abinox-chr-clim.com\/index.php\/wp-json\/wp\/v2\/product"}],"about":[{"href":"https:\/\/abinox-chr-clim.com\/index.php\/wp-json\/wp\/v2\/types\/product"}],"replies":[{"embeddable":true,"href":"https:\/\/abinox-chr-clim.com\/index.php\/wp-json\/wp\/v2\/comments?post=69527"}],"wp:featuredmedia":[{"embeddable":true,"href":"https:\/\/abinox-chr-clim.com\/index.php\/wp-json\/wp\/v2\/media\/89748"}],"wp:attachment":[{"href":"https:\/\/abinox-chr-clim.com\/index.php\/wp-json\/wp\/v2\/media?parent=69527"}],"wp:term":[{"taxonomy":"product_brand","embeddable":true,"href":"https:\/\/abinox-chr-clim.com\/index.php\/wp-json\/wp\/v2\/product_brand?post=69527"},{"taxonomy":"product_cat","embeddable":true,"href":"https:\/\/abinox-chr-clim.com\/index.php\/wp-json\/wp\/v2\/product_cat?post=69527"},{"taxonomy":"product_tag","embeddable":true,"href":"https:\/\/abinox-chr-clim.com\/index.php\/wp-json\/wp\/v2\/product_tag?post=69527"}],"curies":[{"name":"wp","href":"https:\/\/api.w.org\/{rel}","templated":true}]}}