{"id":69524,"date":"2024-03-22T16:24:57","date_gmt":"2024-03-22T15:24:57","guid":{"rendered":"https:\/\/abinox-chr-clim.com\/index.php\/product\/machine-sous-vide-compacte-buffalo\/"},"modified":"2026-04-02T09:49:44","modified_gmt":"2026-04-02T07:49:44","slug":"machine-sous-vide-compacte-buffalo","status":"publish","type":"product","link":"https:\/\/abinox-chr-clim.com\/index.php\/product\/machine-sous-vide-compacte-buffalo\/","title":{"rendered":"Machine sous-vide compacte Buffalo"},"content":{"rendered":"<p>Machine d&rsquo;utilisation facile, adapt\u00e9e \u00e0 la plupart des aliments et liquides. Prolonge la dur\u00e9e de vie des aliments et r\u00e9duit le gaspillage. Id\u00e9ale pour la pr\u00e9paration des aliments \u00e0 cuire sous vide. Fournie avec un cutter de sac. Pour utilisation peu intensive.<br \/>Capacit\u00e9 : 60L\/minute. R\u00e9cipient en inox. Couvercle en verre blind\u00e9 avec charni\u00e8re amortissante. R\u00e9f\u00e9rence soumise \u00e0 une Eco-participation mobilier de 0.89\u20ac par unit\u00e9 vendue. Convient pour sceller des liquides. Control digital avec \u00e9cran LED. Mise sous vide et soudure automatique. Jauge de pression de mise sous vide. Temps de mise sous vide et de soudure r\u00e9glables. Fonction de scellage manuel. Double joint d&rsquo;\u00e9tench\u00e9it\u00e9 amovible. Sacs sous vide non fournis &#8211; vendus s\u00e9par\u00e9ment &#8211; mod\u00e8les adapt\u00e9s codes CL196, CL197, CL198 et CL199, DM880, DM881, DM882 et DM883. Capacit\u00e9 : 60L\/minute.<\/p>\n<p>Caract\u00e9ristiques :<br \/> Capacit\u00e9 : 6.5 L.<br \/> Dimensions : 271(H) x 372(L) x 423(P) mm.<br \/> Mati\u00e8re : Inox.<br \/> Sortie : 350W.<br \/> Voltage : 220-240V.<br \/> Couleur : Acier inoxydable.<\/p>\n","protected":false},"excerpt":{"rendered":"<div><img decoding=\"async\" src=\"https:\/\/abinox-chr-clim.com\/wp-content\/uploads\/2024\/03\/abinox-garantie-1-an.webp\" width=\"150px\"\/><\/div>\n<p>Machine sous-vide compacte Buffalo<\/p>\n","protected":false},"featured_media":86089,"comment_status":"closed","ping_status":"closed","template":"","meta":[],"product_brand":[],"product_cat":[1288,1160,1297,1179,1187],"product_tag":[],"class_list":{"0":"post-69524","1":"product","2":"type-product","3":"status-publish","4":"has-post-thumbnail","6":"product_cat-machines-a-emballer-sous-vide-preparation-des-aliments","7":"product_cat-materiel-electrique-et-de-cuisson","8":"product_cat-non-palettisable","9":"product_cat-petit-materiel","10":"product_cat-preparation-des-aliments","11":"product_shipping_class-free-shipping","13":"first","14":"instock","15":"featured","16":"taxable","17":"shipping-taxable","18":"purchasable","19":"product-type-simple"},"_links":{"self":[{"href":"https:\/\/abinox-chr-clim.com\/index.php\/wp-json\/wp\/v2\/product\/69524","targetHints":{"allow":["GET"]}}],"collection":[{"href":"https:\/\/abinox-chr-clim.com\/index.php\/wp-json\/wp\/v2\/product"}],"about":[{"href":"https:\/\/abinox-chr-clim.com\/index.php\/wp-json\/wp\/v2\/types\/product"}],"replies":[{"embeddable":true,"href":"https:\/\/abinox-chr-clim.com\/index.php\/wp-json\/wp\/v2\/comments?post=69524"}],"wp:featuredmedia":[{"embeddable":true,"href":"https:\/\/abinox-chr-clim.com\/index.php\/wp-json\/wp\/v2\/media\/86089"}],"wp:attachment":[{"href":"https:\/\/abinox-chr-clim.com\/index.php\/wp-json\/wp\/v2\/media?parent=69524"}],"wp:term":[{"taxonomy":"product_brand","embeddable":true,"href":"https:\/\/abinox-chr-clim.com\/index.php\/wp-json\/wp\/v2\/product_brand?post=69524"},{"taxonomy":"product_cat","embeddable":true,"href":"https:\/\/abinox-chr-clim.com\/index.php\/wp-json\/wp\/v2\/product_cat?post=69524"},{"taxonomy":"product_tag","embeddable":true,"href":"https:\/\/abinox-chr-clim.com\/index.php\/wp-json\/wp\/v2\/product_tag?post=69524"}],"curies":[{"name":"wp","href":"https:\/\/api.w.org\/{rel}","templated":true}]}}