{"id":69523,"date":"2024-03-22T16:24:57","date_gmt":"2024-03-22T15:24:57","guid":{"rendered":"https:\/\/abinox-chr-clim.com\/index.php\/product\/machine-sous-vide-caterlite-300mm\/"},"modified":"2026-04-02T09:30:11","modified_gmt":"2026-04-02T07:30:11","slug":"machine-sous-vide-caterlite-300mm","status":"publish","type":"product","link":"https:\/\/abinox-chr-clim.com\/index.php\/product\/machine-sous-vide-caterlite-300mm\/","title":{"rendered":"Machine sous vide Caterlite 300mm"},"content":{"rendered":"<p>Prolongez la dur\u00e9e de vie et la valeur nutritive de vos produits alimentaires et gagnez du temps en faisant vos pr\u00e9parations avant le coup de feu. Ne convient pas aux liquides. Utilisation uniquement avec  des sacs sous vide gaufr\u00e9s &#8211; nous conseillons les sacs ou rouleaux sous vide Vogue gaufr\u00e9s.<br \/>Largeur de soudure max 30cm. Pression sous vide Max.-0.75bar. Puissance d&rsquo;aspiration : 9L \/ mn. R\u00e9f\u00e9rence soumise \u00e0 une Eco-participation mobilier de 0.1\u20ac par unit\u00e9 vendue. Fonction soudure ind\u00e9pendante. Rangement du cordon d&rsquo;alimentation.Fonctions mise sous-vide et soudure. Largeur de soudure max 30cm.<\/p>\n<p>Caract\u00e9ristiques :<br \/> Dimensions : 86(H) x 357(L) x 148(P) mm.<br \/> Mati\u00e8re : ABS.<br \/> Sortie : 110W.<br \/> Voltage : 230V.<br \/> Couleur : Blanc.<\/p>\n","protected":false},"excerpt":{"rendered":"<div><img decoding=\"async\" src=\"https:\/\/abinox-chr-clim.com\/wp-content\/uploads\/2024\/03\/abinox-garantie-1-an.webp\" width=\"150px\"\/><\/div>\n<p>Machine sous vide Caterlite 300mm<\/p>\n","protected":false},"featured_media":102946,"comment_status":"closed","ping_status":"closed","template":"","meta":[],"product_brand":[],"product_cat":[1288,1160,1297,1179,1187],"product_tag":[],"class_list":{"0":"post-69523","1":"product","2":"type-product","3":"status-publish","4":"has-post-thumbnail","6":"product_cat-machines-a-emballer-sous-vide-preparation-des-aliments","7":"product_cat-materiel-electrique-et-de-cuisson","8":"product_cat-non-palettisable","9":"product_cat-petit-materiel","10":"product_cat-preparation-des-aliments","11":"product_shipping_class-free-shipping","13":"first","14":"outofstock","15":"featured","16":"taxable","17":"shipping-taxable","18":"purchasable","19":"product-type-simple"},"_links":{"self":[{"href":"https:\/\/abinox-chr-clim.com\/index.php\/wp-json\/wp\/v2\/product\/69523","targetHints":{"allow":["GET"]}}],"collection":[{"href":"https:\/\/abinox-chr-clim.com\/index.php\/wp-json\/wp\/v2\/product"}],"about":[{"href":"https:\/\/abinox-chr-clim.com\/index.php\/wp-json\/wp\/v2\/types\/product"}],"replies":[{"embeddable":true,"href":"https:\/\/abinox-chr-clim.com\/index.php\/wp-json\/wp\/v2\/comments?post=69523"}],"wp:featuredmedia":[{"embeddable":true,"href":"https:\/\/abinox-chr-clim.com\/index.php\/wp-json\/wp\/v2\/media\/102946"}],"wp:attachment":[{"href":"https:\/\/abinox-chr-clim.com\/index.php\/wp-json\/wp\/v2\/media?parent=69523"}],"wp:term":[{"taxonomy":"product_brand","embeddable":true,"href":"https:\/\/abinox-chr-clim.com\/index.php\/wp-json\/wp\/v2\/product_brand?post=69523"},{"taxonomy":"product_cat","embeddable":true,"href":"https:\/\/abinox-chr-clim.com\/index.php\/wp-json\/wp\/v2\/product_cat?post=69523"},{"taxonomy":"product_tag","embeddable":true,"href":"https:\/\/abinox-chr-clim.com\/index.php\/wp-json\/wp\/v2\/product_tag?post=69523"}],"curies":[{"name":"wp","href":"https:\/\/api.w.org\/{rel}","templated":true}]}}