{"id":69522,"date":"2024-03-22T16:24:56","date_gmt":"2024-03-22T15:24:56","guid":{"rendered":"https:\/\/abinox-chr-clim.com\/index.php\/product\/machine-sous-vide-inox-buffalo-300mm\/"},"modified":"2026-04-02T09:32:27","modified_gmt":"2026-04-02T07:32:27","slug":"machine-sous-vide-inox-buffalo-300mm","status":"publish","type":"product","link":"https:\/\/abinox-chr-clim.com\/index.php\/product\/machine-sous-vide-inox-buffalo-300mm\/","title":{"rendered":"Machine sous vide inox Buffalo 300mm"},"content":{"rendered":"<p>Machine sous-vide \/ soudeuse robuste pour conserver et prolonger la dur\u00e9e de vie des aliments. Ne convient pas aux liquides. A utiliser uniquement avec des sacs sous-vide gaufr\u00e9s.<br \/>Largeur de soudure max 30cm. Pression sous vide Max.-0.90bar. Puissance d&rsquo;aspiration : 15L \/ mn. R\u00e9f\u00e9rence soumise \u00e0 une Eco-participation mobilier de 0.23\u20ac par unit\u00e9 vendue. Fonction soudure manuelle. Options de temps de soudure normale \/ prolong\u00e9e. Options de pression sous vide normale \/ douce. Mise sous vide acc\u00e9l\u00e9r\u00e9e. Manom\u00e8tre int\u00e9gr\u00e9. Rangement du cordon d&rsquo;alimentation. Fonctions mise sous vide et soudure. Largeur de soudure max 30cm.<\/p>\n<p>Caract\u00e9ristiques :<br \/> Dimensions : 117(H) x 400(L) x 270(P) mm.<br \/> Mati\u00e8re : Acier inoxydable, ABS.<br \/> Sortie : 130.<br \/> Voltage : 230V.<br \/> Couleur : Acier inoxydable.<\/p>\n","protected":false},"excerpt":{"rendered":"<div><img decoding=\"async\" src=\"https:\/\/abinox-chr-clim.com\/wp-content\/uploads\/2024\/03\/abinox-garantie-1-an.webp\" width=\"150px\"\/><\/div>\n<p>Machine sous vide inox Buffalo 300mm<\/p>\n","protected":false},"featured_media":102945,"comment_status":"closed","ping_status":"closed","template":"","meta":[],"product_brand":[],"product_cat":[1288,1160,1297,1179,1187],"product_tag":[],"class_list":{"0":"post-69522","1":"product","2":"type-product","3":"status-publish","4":"has-post-thumbnail","6":"product_cat-machines-a-emballer-sous-vide-preparation-des-aliments","7":"product_cat-materiel-electrique-et-de-cuisson","8":"product_cat-non-palettisable","9":"product_cat-petit-materiel","10":"product_cat-preparation-des-aliments","11":"product_shipping_class-free-shipping","13":"first","14":"instock","15":"featured","16":"taxable","17":"shipping-taxable","18":"purchasable","19":"product-type-simple"},"_links":{"self":[{"href":"https:\/\/abinox-chr-clim.com\/index.php\/wp-json\/wp\/v2\/product\/69522","targetHints":{"allow":["GET"]}}],"collection":[{"href":"https:\/\/abinox-chr-clim.com\/index.php\/wp-json\/wp\/v2\/product"}],"about":[{"href":"https:\/\/abinox-chr-clim.com\/index.php\/wp-json\/wp\/v2\/types\/product"}],"replies":[{"embeddable":true,"href":"https:\/\/abinox-chr-clim.com\/index.php\/wp-json\/wp\/v2\/comments?post=69522"}],"wp:featuredmedia":[{"embeddable":true,"href":"https:\/\/abinox-chr-clim.com\/index.php\/wp-json\/wp\/v2\/media\/102945"}],"wp:attachment":[{"href":"https:\/\/abinox-chr-clim.com\/index.php\/wp-json\/wp\/v2\/media?parent=69522"}],"wp:term":[{"taxonomy":"product_brand","embeddable":true,"href":"https:\/\/abinox-chr-clim.com\/index.php\/wp-json\/wp\/v2\/product_brand?post=69522"},{"taxonomy":"product_cat","embeddable":true,"href":"https:\/\/abinox-chr-clim.com\/index.php\/wp-json\/wp\/v2\/product_cat?post=69522"},{"taxonomy":"product_tag","embeddable":true,"href":"https:\/\/abinox-chr-clim.com\/index.php\/wp-json\/wp\/v2\/product_tag?post=69522"}],"curies":[{"name":"wp","href":"https:\/\/api.w.org\/{rel}","templated":true}]}}