{"id":69520,"date":"2024-03-22T16:24:55","date_gmt":"2024-03-22T15:24:55","guid":{"rendered":"https:\/\/abinox-chr-clim.com\/index.php\/product\/sacs-demballage-sous-vide-200-x-300mm-vogue-lot-de-100\/"},"modified":"2026-04-02T09:24:50","modified_gmt":"2026-04-02T07:24:50","slug":"sacs-demballage-sous-vide-200-x-300mm-vogue-lot-de-100","status":"publish","type":"product","link":"https:\/\/abinox-chr-clim.com\/index.php\/product\/sacs-demballage-sous-vide-200-x-300mm-vogue-lot-de-100\/","title":{"rendered":"Sacs d&#8217;emballage sous vide 200 x 300mm Vogue (lot de 100)"},"content":{"rendered":"<p>Sacs sous vide transparents pr\u00eats \u00e0 utiliser, adapt\u00e9s \u00e0 la cong\u00e9lation, r\u00e9frig\u00e9ration, au micro-ondes et au bain-marie. Plage de temp\u00e9rature -18\u00b0C \u00e0 100\u00b0C. Convient pour une utilisation avec les machines \u00e0 emballer sous vide.<br \/>Plage de temp\u00e9rature de -18\u00b0C \u00e0 +100\u00b0C pour une utilisation dans les micro-ondes et les cong\u00e9lateurs. \u00c9tanche \u00e0 l&rsquo;air &#8211; les aliments restent frais plus longtemps. Transparent pour identifier facilement le contenu. Paquet de 100 &#8211; adapt\u00e9 \u00e0 un usage commercial. Plage de temp\u00e9rature de -18\u00b0C \u00e0 +100\u00b0C pour une utilisation dans les micro-ondes et les cong\u00e9lateurs.<\/p>\n<p>Caract\u00e9ristiques :<br \/>Lot : 100.<br \/> Dimensions : 200(L) x 300(P)mm.<br \/> Mati\u00e8re : Poly\u00e9thyl\u00e8ne.<br \/> Temp\u00e9rature : -18\u00b0C \u00e0 +100\u00b0C.<br \/> Couleur : Transparent.<\/p>\n","protected":false},"excerpt":{"rendered":"<div><img decoding=\"async\" src=\"https:\/\/abinox-chr-clim.com\/wp-content\/uploads\/2024\/03\/abinox-garantie-1-an.webp\" width=\"150px\"\/><\/div>\n<p>Sacs d&#8217;emballage sous vide 200 x 300mm Vogue (lot de 100)<\/p>\n","protected":false},"featured_media":84440,"comment_status":"closed","ping_status":"closed","template":"","meta":[],"product_brand":[],"product_cat":[1288,1160,1297,1179,1187],"product_tag":[],"class_list":{"0":"post-69520","1":"product","2":"type-product","3":"status-publish","4":"has-post-thumbnail","6":"product_cat-machines-a-emballer-sous-vide-preparation-des-aliments","7":"product_cat-materiel-electrique-et-de-cuisson","8":"product_cat-non-palettisable","9":"product_cat-petit-materiel","10":"product_cat-preparation-des-aliments","11":"product_shipping_class-free-shipping","13":"first","14":"instock","15":"featured","16":"taxable","17":"shipping-taxable","18":"purchasable","19":"product-type-simple"},"_links":{"self":[{"href":"https:\/\/abinox-chr-clim.com\/index.php\/wp-json\/wp\/v2\/product\/69520","targetHints":{"allow":["GET"]}}],"collection":[{"href":"https:\/\/abinox-chr-clim.com\/index.php\/wp-json\/wp\/v2\/product"}],"about":[{"href":"https:\/\/abinox-chr-clim.com\/index.php\/wp-json\/wp\/v2\/types\/product"}],"replies":[{"embeddable":true,"href":"https:\/\/abinox-chr-clim.com\/index.php\/wp-json\/wp\/v2\/comments?post=69520"}],"wp:featuredmedia":[{"embeddable":true,"href":"https:\/\/abinox-chr-clim.com\/index.php\/wp-json\/wp\/v2\/media\/84440"}],"wp:attachment":[{"href":"https:\/\/abinox-chr-clim.com\/index.php\/wp-json\/wp\/v2\/media?parent=69520"}],"wp:term":[{"taxonomy":"product_brand","embeddable":true,"href":"https:\/\/abinox-chr-clim.com\/index.php\/wp-json\/wp\/v2\/product_brand?post=69520"},{"taxonomy":"product_cat","embeddable":true,"href":"https:\/\/abinox-chr-clim.com\/index.php\/wp-json\/wp\/v2\/product_cat?post=69520"},{"taxonomy":"product_tag","embeddable":true,"href":"https:\/\/abinox-chr-clim.com\/index.php\/wp-json\/wp\/v2\/product_tag?post=69520"}],"curies":[{"name":"wp","href":"https:\/\/api.w.org\/{rel}","templated":true}]}}