{"id":69518,"date":"2024-03-22T16:24:55","date_gmt":"2024-03-22T15:24:55","guid":{"rendered":"https:\/\/abinox-chr-clim.com\/index.php\/product\/rouleaux-de-sacs-sous-vide-280mm-vogue-lot-de-2\/"},"modified":"2026-04-02T09:21:34","modified_gmt":"2026-04-02T07:21:34","slug":"rouleaux-de-sacs-sous-vide-280mm-vogue-lot-de-2","status":"publish","type":"product","link":"https:\/\/abinox-chr-clim.com\/index.php\/product\/rouleaux-de-sacs-sous-vide-280mm-vogue-lot-de-2\/","title":{"rendered":"Rouleaux de sacs sous vide 280mm Vogue lot de 2"},"content":{"rendered":"<p>Sacs d&#8217;emballage sous vide gaufr\u00e9s pouvant \u00eatre d\u00e9coup\u00e9s \u00e0 la dimension voulue en fonction des besoins. Convient pour la cong\u00e9lation, r\u00e9frig\u00e9ration, le micro-ondes et l&rsquo;\u00e9bullition. Compatibles avec toutes nos machines d&#8217;emballage sous vide. R\u00e9sistants \u00e0 des temp\u00e9ratures entre -18 et +100 \u00b0 C.<br \/>Peut \u00eatre coup\u00e9 \u00e0 la taille requise. Longueur totale 12m (des 2 rouleaux). Adapt\u00e9s \u00e0 la mise sous-vide. Compatible cong\u00e9lateur et micro-ondes. Adapt\u00e9s \u00e0 une utilisation avec toutes les machines sous-vide.  Peut \u00eatre coup\u00e9 \u00e0 la taille requise.<\/p>\n<p>Caract\u00e9ristiques :<br \/> Dimensions : 280(l)mm x 6(L)m.<br \/> Mati\u00e8re : Poly\u00e9thyl\u00e8ne.<br \/> Temp\u00e9rature : -18\u00b0C \u00e0 100\u00b0C.<br \/> Couleur : Transparent.<\/p>\n","protected":false},"excerpt":{"rendered":"<div><img decoding=\"async\" src=\"https:\/\/abinox-chr-clim.com\/wp-content\/uploads\/2024\/03\/abinox-garantie-1-an.webp\" width=\"150px\"\/><\/div>\n<p>Rouleaux de sacs sous vide 280mm Vogue lot de 2<\/p>\n","protected":false},"featured_media":84120,"comment_status":"closed","ping_status":"closed","template":"","meta":[],"product_brand":[],"product_cat":[1288,1160,1297,1179,1187],"product_tag":[],"class_list":{"0":"post-69518","1":"product","2":"type-product","3":"status-publish","4":"has-post-thumbnail","6":"product_cat-machines-a-emballer-sous-vide-preparation-des-aliments","7":"product_cat-materiel-electrique-et-de-cuisson","8":"product_cat-non-palettisable","9":"product_cat-petit-materiel","10":"product_cat-preparation-des-aliments","11":"product_shipping_class-free-shipping","13":"first","14":"instock","15":"featured","16":"taxable","17":"shipping-taxable","18":"purchasable","19":"product-type-simple"},"_links":{"self":[{"href":"https:\/\/abinox-chr-clim.com\/index.php\/wp-json\/wp\/v2\/product\/69518","targetHints":{"allow":["GET"]}}],"collection":[{"href":"https:\/\/abinox-chr-clim.com\/index.php\/wp-json\/wp\/v2\/product"}],"about":[{"href":"https:\/\/abinox-chr-clim.com\/index.php\/wp-json\/wp\/v2\/types\/product"}],"replies":[{"embeddable":true,"href":"https:\/\/abinox-chr-clim.com\/index.php\/wp-json\/wp\/v2\/comments?post=69518"}],"wp:featuredmedia":[{"embeddable":true,"href":"https:\/\/abinox-chr-clim.com\/index.php\/wp-json\/wp\/v2\/media\/84120"}],"wp:attachment":[{"href":"https:\/\/abinox-chr-clim.com\/index.php\/wp-json\/wp\/v2\/media?parent=69518"}],"wp:term":[{"taxonomy":"product_brand","embeddable":true,"href":"https:\/\/abinox-chr-clim.com\/index.php\/wp-json\/wp\/v2\/product_brand?post=69518"},{"taxonomy":"product_cat","embeddable":true,"href":"https:\/\/abinox-chr-clim.com\/index.php\/wp-json\/wp\/v2\/product_cat?post=69518"},{"taxonomy":"product_tag","embeddable":true,"href":"https:\/\/abinox-chr-clim.com\/index.php\/wp-json\/wp\/v2\/product_tag?post=69518"}],"curies":[{"name":"wp","href":"https:\/\/api.w.org\/{rel}","templated":true}]}}