{"id":69513,"date":"2024-03-22T16:24:50","date_gmt":"2024-03-22T15:24:50","guid":{"rendered":"https:\/\/abinox-chr-clim.com\/index.php\/product\/machine-a-pates-electrique-pasta-presto-imperia\/"},"modified":"2026-04-23T09:20:56","modified_gmt":"2026-04-23T07:20:56","slug":"machine-a-pates-electrique-pasta-presto-imperia","status":"publish","type":"product","link":"https:\/\/abinox-chr-clim.com\/index.php\/product\/machine-a-pates-electrique-pasta-presto-imperia\/","title":{"rendered":"Machine \u00e0 p\u00e2tes \u00e9lectrique Pasta Presto Imperia"},"content":{"rendered":"<p>Con\u00e7ue avec un rev\u00eatement antiadh\u00e9sif, cette machine vous garantira fiabilit\u00e9 et s\u00e9curit\u00e9 dans le temps. Permet d&rsquo;acc\u00e9der \u00e0 6 diff\u00e9rentes \u00e9paisseurs. Permet de r\u00e9aliser des tagliatelles (2 mm) et des fettucine (6.5 mm).<br \/>Moteur \u00e9lectrique. Permet de pr\u00e9parer 2 sortes de p\u00e2tes. 6 diff\u00e9rentes \u00e9paisseurs. R\u00e9f\u00e9rence soumise \u00e0 une Eco-participation mobilier de 0.4\u20ac par unit\u00e9 vendue. 78.6 Db.Faible encombrement. Moteur \u00e9lectrique.<\/p>\n<p>Caract\u00e9ristiques :<br \/> Mati\u00e8re : Acier inoxydable.<br \/> Voltage : 220V.<br \/> Couleur : Argent.<\/p>\n","protected":false},"excerpt":{"rendered":"<div><img decoding=\"async\" src=\"https:\/\/abinox-chr-clim.com\/wp-content\/uploads\/2024\/03\/abinox-garantie-1-an.webp\" width=\"150px\"\/><\/div>\n<p>Machine \u00e0 p\u00e2tes \u00e9lectrique Pasta Presto Imperia<\/p>\n","protected":false},"featured_media":104056,"comment_status":"closed","ping_status":"closed","template":"","meta":[],"product_brand":[],"product_cat":[1191,1160,1297,1179,1187],"product_tag":[],"class_list":{"0":"post-69513","1":"product","2":"type-product","3":"status-publish","4":"has-post-thumbnail","6":"product_cat-divers-petit-materiel","7":"product_cat-materiel-electrique-et-de-cuisson","8":"product_cat-non-palettisable","9":"product_cat-petit-materiel","10":"product_cat-preparation-des-aliments","11":"product_shipping_class-free-shipping","13":"first","14":"instock","15":"featured","16":"taxable","17":"shipping-taxable","18":"purchasable","19":"product-type-simple"},"_links":{"self":[{"href":"https:\/\/abinox-chr-clim.com\/index.php\/wp-json\/wp\/v2\/product\/69513","targetHints":{"allow":["GET"]}}],"collection":[{"href":"https:\/\/abinox-chr-clim.com\/index.php\/wp-json\/wp\/v2\/product"}],"about":[{"href":"https:\/\/abinox-chr-clim.com\/index.php\/wp-json\/wp\/v2\/types\/product"}],"replies":[{"embeddable":true,"href":"https:\/\/abinox-chr-clim.com\/index.php\/wp-json\/wp\/v2\/comments?post=69513"}],"wp:featuredmedia":[{"embeddable":true,"href":"https:\/\/abinox-chr-clim.com\/index.php\/wp-json\/wp\/v2\/media\/104056"}],"wp:attachment":[{"href":"https:\/\/abinox-chr-clim.com\/index.php\/wp-json\/wp\/v2\/media?parent=69513"}],"wp:term":[{"taxonomy":"product_brand","embeddable":true,"href":"https:\/\/abinox-chr-clim.com\/index.php\/wp-json\/wp\/v2\/product_brand?post=69513"},{"taxonomy":"product_cat","embeddable":true,"href":"https:\/\/abinox-chr-clim.com\/index.php\/wp-json\/wp\/v2\/product_cat?post=69513"},{"taxonomy":"product_tag","embeddable":true,"href":"https:\/\/abinox-chr-clim.com\/index.php\/wp-json\/wp\/v2\/product_tag?post=69513"}],"curies":[{"name":"wp","href":"https:\/\/api.w.org\/{rel}","templated":true}]}}