{"id":69510,"date":"2024-03-22T16:24:50","date_gmt":"2024-03-22T15:24:50","guid":{"rendered":"https:\/\/abinox-chr-clim.com\/index.php\/product\/support-de-verres-a-pied-noir-olympia-255-mm\/"},"modified":"2026-04-23T09:41:06","modified_gmt":"2026-04-23T07:41:06","slug":"support-de-verres-a-pied-noir-olympia-255-mm","status":"publish","type":"product","link":"https:\/\/abinox-chr-clim.com\/index.php\/product\/support-de-verres-a-pied-noir-olympia-255-mm\/","title":{"rendered":"Support de verres \u00e0 pied noir Olympia 255\u00a0mm"},"content":{"rendered":"<p>Rangez votre verrerie en toute s\u00e9curit\u00e9. Gr\u00e2ce \u00e0 leur conception compacte, ces supports de verres \u00e0 pied lib\u00e8rent un espace de stockage pr\u00e9cieux sur vos comptoirs.<br \/>La couleur noire offre un style \u00e9l\u00e9gant. La conception compacte vous permet d&rsquo;\u00e9conomiser de l\u00bfespace de stockage vital. Emplacement individuel pour garder la verrerie \u00e0 port\u00e9e de main. Installation simple et rapide \u00e0 l&rsquo;arri\u00e8re de votre bar. Construction robuste pour un usage \u00e0 long terme. Convient aux verres \u00e0 pied avec un diam\u00e8tre de base maximum de 70\u00a0mm.  La couleur noire offre un style \u00e9l\u00e9gant.<\/p>\n<p>Caract\u00e9ristiques :<br \/> Dimensions : 72(H) x 106(L) mm.<br \/> Mati\u00e8re : C\u00e2ble.<br \/> Couleur : Noir.<\/p>\n","protected":false},"excerpt":{"rendered":"<div><img decoding=\"async\" src=\"https:\/\/abinox-chr-clim.com\/wp-content\/uploads\/2024\/03\/abinox-garantie-1-an.webp\" width=\"150px\"\/><\/div>\n<p>Support de verres \u00e0 pied noir Olympia 255\u00a0mm<\/p>\n","protected":false},"featured_media":100667,"comment_status":"closed","ping_status":"closed","template":"","meta":[],"product_brand":[],"product_cat":[1191,1160,1297,1179,1187],"product_tag":[],"class_list":{"0":"post-69510","1":"product","2":"type-product","3":"status-publish","4":"has-post-thumbnail","6":"product_cat-divers-petit-materiel","7":"product_cat-materiel-electrique-et-de-cuisson","8":"product_cat-non-palettisable","9":"product_cat-petit-materiel","10":"product_cat-preparation-des-aliments","11":"product_shipping_class-free-shipping","13":"first","14":"instock","15":"featured","16":"taxable","17":"shipping-taxable","18":"purchasable","19":"product-type-simple"},"_links":{"self":[{"href":"https:\/\/abinox-chr-clim.com\/index.php\/wp-json\/wp\/v2\/product\/69510","targetHints":{"allow":["GET"]}}],"collection":[{"href":"https:\/\/abinox-chr-clim.com\/index.php\/wp-json\/wp\/v2\/product"}],"about":[{"href":"https:\/\/abinox-chr-clim.com\/index.php\/wp-json\/wp\/v2\/types\/product"}],"replies":[{"embeddable":true,"href":"https:\/\/abinox-chr-clim.com\/index.php\/wp-json\/wp\/v2\/comments?post=69510"}],"wp:featuredmedia":[{"embeddable":true,"href":"https:\/\/abinox-chr-clim.com\/index.php\/wp-json\/wp\/v2\/media\/100667"}],"wp:attachment":[{"href":"https:\/\/abinox-chr-clim.com\/index.php\/wp-json\/wp\/v2\/media?parent=69510"}],"wp:term":[{"taxonomy":"product_brand","embeddable":true,"href":"https:\/\/abinox-chr-clim.com\/index.php\/wp-json\/wp\/v2\/product_brand?post=69510"},{"taxonomy":"product_cat","embeddable":true,"href":"https:\/\/abinox-chr-clim.com\/index.php\/wp-json\/wp\/v2\/product_cat?post=69510"},{"taxonomy":"product_tag","embeddable":true,"href":"https:\/\/abinox-chr-clim.com\/index.php\/wp-json\/wp\/v2\/product_tag?post=69510"}],"curies":[{"name":"wp","href":"https:\/\/api.w.org\/{rel}","templated":true}]}}