{"id":69509,"date":"2024-03-22T16:24:49","date_gmt":"2024-03-22T15:24:49","guid":{"rendered":"https:\/\/abinox-chr-clim.com\/index.php\/product\/barquettes-a-salade-kraft-recyclables-avec-fenetre-1000ml-lot-de-200\/"},"modified":"2026-04-23T09:32:53","modified_gmt":"2026-04-23T07:32:53","slug":"barquettes-a-salade-kraft-recyclables-avec-fenetre-1000ml-lot-de-200","status":"publish","type":"product","link":"https:\/\/abinox-chr-clim.com\/index.php\/product\/barquettes-a-salade-kraft-recyclables-avec-fenetre-1000ml-lot-de-200\/","title":{"rendered":"Barquettes \u00e0 salade kraft recyclables avec fen\u00eatre 1000ml (lot de 200)"},"content":{"rendered":"<p>Fabriqu\u00e9es en carton kraft avec une doublure PE. Les fen\u00eatres antibu\u00e9e garantissent une excellente visibilit\u00e9 du contenu.<br \/>Les barquettes \u00e0 salade sont fabriqu\u00e9es \u00e0 partir de carton kraft solide. Une doublure en poly\u00e9thyl\u00e8ne permet de servir des salades avec de la vinaigrette dans ces barquettes. Les fen\u00eatres antibu\u00e9e garantissent une excellente visibilit\u00e9 du contenu de chaque emballage, m\u00eame lorsqu&rsquo;il est r\u00e9frig\u00e9r\u00e9. Le fond en carton doubl\u00e9 de poly\u00e9thyl\u00e8ne et les fen\u00eatres en poly\u00e9thyl\u00e8ne sont enti\u00e8rement recyclables. Le mat\u00e9riau kraft donne \u00e0 ces barquettes un aspect organique. La base solide permet de prot\u00e9ger vos aliments. Livr\u00e9es embo\u00eet\u00e9es pour faciliter le remplissage et l&#8217;emballage. Les barquettes \u00e0 salade ne vont ni au micro-ondes ni au four. Convient pour servir des aliments froids uniquement. Id\u00e9al pour servir des salades fra\u00eeches et pr\u00e9par\u00e9es. Adapt\u00e9es pour une utilisation dans les charcuteries, les cantines, les march\u00e9s alimentaires et la restauration \u00e9v\u00e9nementielle. Les barquettes \u00e0 salade sont fabriqu\u00e9es \u00e0 partir de carton kraft solide.<\/p>\n<p>Caract\u00e9ristiques :<br \/>Lot : 200.<br \/> Dimensions : 50(H) x 200(L) x 120(P) mm.<br \/> Mati\u00e8re : Papier et polyethyl\u00e8ne.<br \/> Couleur : Kraft.<\/p>\n","protected":false},"excerpt":{"rendered":"<div><img decoding=\"async\" src=\"https:\/\/abinox-chr-clim.com\/wp-content\/uploads\/2024\/03\/abinox-garantie-1-an.webp\" width=\"150px\"\/><\/div>\n<p>Barquettes \u00e0 salade kraft recyclables avec fen\u00eatre 1000ml (lot de 200)<\/p>\n","protected":false},"featured_media":94747,"comment_status":"closed","ping_status":"closed","template":"","meta":[],"product_brand":[],"product_cat":[1191,1160,1297,1179,1187],"product_tag":[],"class_list":{"0":"post-69509","1":"product","2":"type-product","3":"status-publish","4":"has-post-thumbnail","6":"product_cat-divers-petit-materiel","7":"product_cat-materiel-electrique-et-de-cuisson","8":"product_cat-non-palettisable","9":"product_cat-petit-materiel","10":"product_cat-preparation-des-aliments","11":"product_shipping_class-free-shipping","13":"first","14":"instock","15":"featured","16":"taxable","17":"shipping-taxable","18":"purchasable","19":"product-type-simple"},"_links":{"self":[{"href":"https:\/\/abinox-chr-clim.com\/index.php\/wp-json\/wp\/v2\/product\/69509","targetHints":{"allow":["GET"]}}],"collection":[{"href":"https:\/\/abinox-chr-clim.com\/index.php\/wp-json\/wp\/v2\/product"}],"about":[{"href":"https:\/\/abinox-chr-clim.com\/index.php\/wp-json\/wp\/v2\/types\/product"}],"replies":[{"embeddable":true,"href":"https:\/\/abinox-chr-clim.com\/index.php\/wp-json\/wp\/v2\/comments?post=69509"}],"wp:featuredmedia":[{"embeddable":true,"href":"https:\/\/abinox-chr-clim.com\/index.php\/wp-json\/wp\/v2\/media\/94747"}],"wp:attachment":[{"href":"https:\/\/abinox-chr-clim.com\/index.php\/wp-json\/wp\/v2\/media?parent=69509"}],"wp:term":[{"taxonomy":"product_brand","embeddable":true,"href":"https:\/\/abinox-chr-clim.com\/index.php\/wp-json\/wp\/v2\/product_brand?post=69509"},{"taxonomy":"product_cat","embeddable":true,"href":"https:\/\/abinox-chr-clim.com\/index.php\/wp-json\/wp\/v2\/product_cat?post=69509"},{"taxonomy":"product_tag","embeddable":true,"href":"https:\/\/abinox-chr-clim.com\/index.php\/wp-json\/wp\/v2\/product_tag?post=69509"}],"curies":[{"name":"wp","href":"https:\/\/api.w.org\/{rel}","templated":true}]}}