{"id":69508,"date":"2024-03-22T16:24:49","date_gmt":"2024-03-22T15:24:49","guid":{"rendered":"https:\/\/abinox-chr-clim.com\/index.php\/product\/faconneuse-a-pizza-gastro-m-260-a-400mm\/"},"modified":"2026-04-23T09:15:37","modified_gmt":"2026-04-23T07:15:37","slug":"faconneuse-a-pizza-gastro-m-260-a-400mm","status":"publish","type":"product","link":"https:\/\/abinox-chr-clim.com\/index.php\/product\/faconneuse-a-pizza-gastro-m-260-a-400mm\/","title":{"rendered":"Fa\u00e7onneuse \u00e0 pizza Gastro M 260 \u00e0 400mm"},"content":{"rendered":"<p>Fa\u00e7onneuses de qualit\u00e9 professionnelle en acier inoxydable pour fa\u00e7onner des pizzas de 14 \u00e0 40cm.<br \/>Diam\u00e8tre des pizzas 26-40cm. Capacit\u00e9 p\u00e2tons 210-700g. R\u00e9f\u00e9rence soumise \u00e0 une Eco-participation mobilier de 0.13\u20ac par unit\u00e9 vendue. Diam\u00e8tre des pizzas 26-40cm.<\/p>\n<p>Caract\u00e9ristiques :<br \/> Mati\u00e8re : Acier inoxydable.<br \/> Sortie : 0.25 kW.<br \/> Couleur : Acier inoxydable.<\/p>\n","protected":false},"excerpt":{"rendered":"<div><img decoding=\"async\" src=\"https:\/\/abinox-chr-clim.com\/wp-content\/uploads\/2024\/03\/abinox-garantie-1-an.webp\" width=\"150px\"\/><\/div>\n<p>Fa\u00e7onneuse \u00e0 pizza Gastro M 260 \u00e0 400mm<\/p>\n","protected":false},"featured_media":93198,"comment_status":"closed","ping_status":"closed","template":"","meta":[],"product_brand":[],"product_cat":[1191,1160,1296,1179,1187],"product_tag":[],"class_list":{"0":"post-69508","1":"product","2":"type-product","3":"status-publish","4":"has-post-thumbnail","6":"product_cat-divers-petit-materiel","7":"product_cat-materiel-electrique-et-de-cuisson","8":"product_cat-palettisable","9":"product_cat-petit-materiel","10":"product_cat-preparation-des-aliments","12":"first","13":"instock","14":"featured","15":"taxable","16":"shipping-taxable","17":"purchasable","18":"product-type-simple"},"_links":{"self":[{"href":"https:\/\/abinox-chr-clim.com\/index.php\/wp-json\/wp\/v2\/product\/69508","targetHints":{"allow":["GET"]}}],"collection":[{"href":"https:\/\/abinox-chr-clim.com\/index.php\/wp-json\/wp\/v2\/product"}],"about":[{"href":"https:\/\/abinox-chr-clim.com\/index.php\/wp-json\/wp\/v2\/types\/product"}],"replies":[{"embeddable":true,"href":"https:\/\/abinox-chr-clim.com\/index.php\/wp-json\/wp\/v2\/comments?post=69508"}],"wp:featuredmedia":[{"embeddable":true,"href":"https:\/\/abinox-chr-clim.com\/index.php\/wp-json\/wp\/v2\/media\/93198"}],"wp:attachment":[{"href":"https:\/\/abinox-chr-clim.com\/index.php\/wp-json\/wp\/v2\/media?parent=69508"}],"wp:term":[{"taxonomy":"product_brand","embeddable":true,"href":"https:\/\/abinox-chr-clim.com\/index.php\/wp-json\/wp\/v2\/product_brand?post=69508"},{"taxonomy":"product_cat","embeddable":true,"href":"https:\/\/abinox-chr-clim.com\/index.php\/wp-json\/wp\/v2\/product_cat?post=69508"},{"taxonomy":"product_tag","embeddable":true,"href":"https:\/\/abinox-chr-clim.com\/index.php\/wp-json\/wp\/v2\/product_tag?post=69508"}],"curies":[{"name":"wp","href":"https:\/\/api.w.org\/{rel}","templated":true}]}}