{"id":69506,"date":"2024-03-22T16:24:48","date_gmt":"2024-03-22T15:24:48","guid":{"rendered":"https:\/\/abinox-chr-clim.com\/index.php\/product\/machine-a-pates-manuelle-imperia-rouge\/"},"modified":"2025-09-24T09:21:25","modified_gmt":"2025-09-24T07:21:25","slug":"machine-a-pates-manuelle-imperia-rouge","status":"publish","type":"product","link":"https:\/\/abinox-chr-clim.com\/index.php\/product\/machine-a-pates-manuelle-imperia-rouge\/","title":{"rendered":"Machine \u00e0 p\u00e2tes manuelle Imperia rouge"},"content":{"rendered":"<p>R\u00e9f\u00e9rence pour la production professionnelle de p\u00e2tes, Imperia a con\u00e7u des machines performantes permettant un temps de pr\u00e9paration rapide et des r\u00e9sultats parfaits.<br \/>Acier chrom\u00e9, pas seulement l&rsquo;aluminium g\u00e9n\u00e9ralement utilis\u00e9. Facile \u00e0 utiliser. Fiabilit\u00e9 et durabilit\u00e9. R\u00e9f\u00e9rence soumise \u00e0 une Eco-participation mobilier de 0.2\u20ac par unit\u00e9 vendue. Facilite la fabrication de vos propres p\u00e2tes fra\u00eeches. Emporte-pi\u00e8ces<br \/>Accessoires disponibles pour fettuccine largeur 6,5 mm, tagliatelle et spaghetti largeur 2 mm.Garantie 5 ans. Acier chrom\u00e9, pas seulement l&rsquo;aluminium g\u00e9n\u00e9ralement utilis\u00e9.<\/p>\n<p>Caract\u00e9ristiques :<br \/> Dimensions : 205(H) x 185(L) x 175(P) mm.<br \/> Mati\u00e8re : Acier chrom\u00e9.<br \/> Couleur : Rouge.<\/p>\n","protected":false},"excerpt":{"rendered":"<div><img decoding=\"async\" src=\"https:\/\/abinox-chr-clim.com\/wp-content\/uploads\/2024\/03\/abinox-garantie-1-an.webp\" width=\"150px\"\/><\/div>\n<p>Machine \u00e0 p\u00e2tes manuelle Imperia rouge<\/p>\n","protected":false},"featured_media":87898,"comment_status":"closed","ping_status":"closed","template":"","meta":[],"product_brand":[],"product_cat":[1191,1160,1297,1179,1187],"product_tag":[],"class_list":{"0":"post-69506","1":"product","2":"type-product","3":"status-publish","4":"has-post-thumbnail","6":"product_cat-divers-petit-materiel","7":"product_cat-materiel-electrique-et-de-cuisson","8":"product_cat-non-palettisable","9":"product_cat-petit-materiel","10":"product_cat-preparation-des-aliments","11":"product_shipping_class-free-shipping","13":"first","14":"instock","15":"featured","16":"taxable","17":"shipping-taxable","18":"purchasable","19":"product-type-simple"},"_links":{"self":[{"href":"https:\/\/abinox-chr-clim.com\/index.php\/wp-json\/wp\/v2\/product\/69506","targetHints":{"allow":["GET"]}}],"collection":[{"href":"https:\/\/abinox-chr-clim.com\/index.php\/wp-json\/wp\/v2\/product"}],"about":[{"href":"https:\/\/abinox-chr-clim.com\/index.php\/wp-json\/wp\/v2\/types\/product"}],"replies":[{"embeddable":true,"href":"https:\/\/abinox-chr-clim.com\/index.php\/wp-json\/wp\/v2\/comments?post=69506"}],"wp:featuredmedia":[{"embeddable":true,"href":"https:\/\/abinox-chr-clim.com\/index.php\/wp-json\/wp\/v2\/media\/87898"}],"wp:attachment":[{"href":"https:\/\/abinox-chr-clim.com\/index.php\/wp-json\/wp\/v2\/media?parent=69506"}],"wp:term":[{"taxonomy":"product_brand","embeddable":true,"href":"https:\/\/abinox-chr-clim.com\/index.php\/wp-json\/wp\/v2\/product_brand?post=69506"},{"taxonomy":"product_cat","embeddable":true,"href":"https:\/\/abinox-chr-clim.com\/index.php\/wp-json\/wp\/v2\/product_cat?post=69506"},{"taxonomy":"product_tag","embeddable":true,"href":"https:\/\/abinox-chr-clim.com\/index.php\/wp-json\/wp\/v2\/product_tag?post=69506"}],"curies":[{"name":"wp","href":"https:\/\/api.w.org\/{rel}","templated":true}]}}