{"id":69505,"date":"2024-03-22T16:24:48","date_gmt":"2024-03-22T15:24:48","guid":{"rendered":"https:\/\/abinox-chr-clim.com\/index.php\/product\/deshydrateur-alimentaire-inox-buffalo\/"},"modified":"2026-04-23T09:22:48","modified_gmt":"2026-04-23T07:22:48","slug":"deshydrateur-alimentaire-inox-buffalo","status":"publish","type":"product","link":"https:\/\/abinox-chr-clim.com\/index.php\/product\/deshydrateur-alimentaire-inox-buffalo\/","title":{"rendered":"D\u00e9shydrateur alimentaire inox Buffalo"},"content":{"rendered":"<p>D\u00e9shydrateur en acier inoxydable de haute qualit\u00e9 et robuste. Commandes num\u00e9riques faciles \u00e0 utiliser. Permet de s\u00e9cher de nombreux types d&rsquo;aliments, notamment des herbes et \u00e9pices, des l\u00e9gumes, des fruits, de la viande et du poisson. Peut \u00e9galement \u00eatre utilis\u00e9 pour pour faire lever du pain.<br \/>Construction robuste en acier inoxydable. 10 plateaux inox amovibles. Panneau de commande num\u00e9rique convivial. R\u00e9f\u00e9rence soumise \u00e0 une Eco-participation mobilier de 1.16\u20ac par unit\u00e9 vendue. Porte \u00e0 charni\u00e8res vitr\u00e9e. Minuterie 24h. Plage de temp\u00e9ratures 35\u00b0C \u00e0 75\u00b0C. Distance entre les plateaux : 30mm.Flux d&rsquo;air assist\u00e9 par ventilateur pour une distribution uniforme de la chaleur. Construction robuste en acier inoxydable.<\/p>\n<p>Caract\u00e9ristiques :<br \/> Dimensions : 430(H) x 535(L) x 417(P)mm.<br \/> Mati\u00e8re : Acier inoxydable.<br \/> Voltage : 220-240V.<br \/> Couleur : Acier inoxydable.<\/p>\n","protected":false},"excerpt":{"rendered":"<div><img decoding=\"async\" src=\"https:\/\/abinox-chr-clim.com\/wp-content\/uploads\/2024\/03\/abinox-garantie-1-an.webp\" width=\"150px\"\/><\/div>\n<p>D\u00e9shydrateur alimentaire inox Buffalo<\/p>\n","protected":false},"featured_media":86077,"comment_status":"closed","ping_status":"closed","template":"","meta":[],"product_brand":[],"product_cat":[1191,1160,1297,1179,1187],"product_tag":[],"class_list":{"0":"post-69505","1":"product","2":"type-product","3":"status-publish","4":"has-post-thumbnail","6":"product_cat-divers-petit-materiel","7":"product_cat-materiel-electrique-et-de-cuisson","8":"product_cat-non-palettisable","9":"product_cat-petit-materiel","10":"product_cat-preparation-des-aliments","11":"product_shipping_class-free-shipping","13":"first","14":"outofstock","15":"featured","16":"taxable","17":"shipping-taxable","18":"purchasable","19":"product-type-simple"},"_links":{"self":[{"href":"https:\/\/abinox-chr-clim.com\/index.php\/wp-json\/wp\/v2\/product\/69505","targetHints":{"allow":["GET"]}}],"collection":[{"href":"https:\/\/abinox-chr-clim.com\/index.php\/wp-json\/wp\/v2\/product"}],"about":[{"href":"https:\/\/abinox-chr-clim.com\/index.php\/wp-json\/wp\/v2\/types\/product"}],"replies":[{"embeddable":true,"href":"https:\/\/abinox-chr-clim.com\/index.php\/wp-json\/wp\/v2\/comments?post=69505"}],"wp:featuredmedia":[{"embeddable":true,"href":"https:\/\/abinox-chr-clim.com\/index.php\/wp-json\/wp\/v2\/media\/86077"}],"wp:attachment":[{"href":"https:\/\/abinox-chr-clim.com\/index.php\/wp-json\/wp\/v2\/media?parent=69505"}],"wp:term":[{"taxonomy":"product_brand","embeddable":true,"href":"https:\/\/abinox-chr-clim.com\/index.php\/wp-json\/wp\/v2\/product_brand?post=69505"},{"taxonomy":"product_cat","embeddable":true,"href":"https:\/\/abinox-chr-clim.com\/index.php\/wp-json\/wp\/v2\/product_cat?post=69505"},{"taxonomy":"product_tag","embeddable":true,"href":"https:\/\/abinox-chr-clim.com\/index.php\/wp-json\/wp\/v2\/product_tag?post=69505"}],"curies":[{"name":"wp","href":"https:\/\/api.w.org\/{rel}","templated":true}]}}