{"id":69504,"date":"2024-03-22T16:24:47","date_gmt":"2024-03-22T15:24:47","guid":{"rendered":"https:\/\/abinox-chr-clim.com\/index.php\/product\/armoire-chauffante-de-maintien-en-temperature-buffalo-16-x-gn-2-1\/"},"modified":"2026-04-23T09:22:35","modified_gmt":"2026-04-23T07:22:35","slug":"armoire-chauffante-de-maintien-en-temperature-buffalo-16-x-gn-2-1","status":"publish","type":"product","link":"https:\/\/abinox-chr-clim.com\/index.php\/product\/armoire-chauffante-de-maintien-en-temperature-buffalo-16-x-gn-2-1\/","title":{"rendered":"Armoire chauffante de maintien en temp\u00e9rature Buffalo 16 x GN 2\/1"},"content":{"rendered":"<p>Grande capacit\u00e9 pouvant contenir 32 GN 1\/1, id\u00e9ale pour maintenir \u00e0 temp\u00e9rature des pr\u00e9parations en grande quantit\u00e9, pr\u00eates \u00e0 servir. Parfaite pour g\u00e9rer les gros services. Le r\u00e9servoir d&rsquo;eau garantit l&rsquo;humidification des aliments.<br \/>Isolation haute densit\u00e9 75mm. Ouverture \u00e0 plus de 90 \u00b0 pour faciliter le chargement et le d\u00e9chargement. Coins internes arrondis pour un nettoyage facile. Int\u00e9rieur et ext\u00e9rieur en acier inoxydable 304. Bandeau de protection en partie basse. Poign\u00e9es int\u00e9gr\u00e9es pour une mobilit\u00e9 facile. Roulettes pivotantes avec freins r\u00e9sistantes pour un positionnement facile. Portes \u00e0 fermeture automatique pour retenir la chaleur et \u00e9conomiser de l&rsquo;\u00e9nergie. Glissi\u00e8res r\u00e9glables anti-basculement. Syst\u00e8me de chauffe ventil\u00e9 rapide et homog\u00e8ne. Verrouillable. Interrupteur de r\u00e9initialisation automatique pour \u00e9viter la surchauffe. Isolation haute densit\u00e9 75mm.<\/p>\n<p>Caract\u00e9ristiques :<br \/> Dimensions : 1770(H) x 807(L) x 885(P)mm.<br \/> Mati\u00e8re : Inox 304.<br \/> Voltage : 230V.<br \/> Couleur : Acier inoxydable.<br \/> Bac GN : GN 2\/1XY.<\/p>\n","protected":false},"excerpt":{"rendered":"<div><img decoding=\"async\" src=\"https:\/\/abinox-chr-clim.com\/wp-content\/uploads\/2024\/03\/abinox-garantie-1-an.webp\" width=\"150px\"\/><\/div>\n<p>Armoire chauffante de maintien en temp\u00e9rature Buffalo 16 x GN 2\/1<\/p>\n","protected":false},"featured_media":85449,"comment_status":"closed","ping_status":"closed","template":"","meta":[],"product_brand":[],"product_cat":[1191,1160,1296,1179,1187],"product_tag":[],"class_list":{"0":"post-69504","1":"product","2":"type-product","3":"status-publish","4":"has-post-thumbnail","6":"product_cat-divers-petit-materiel","7":"product_cat-materiel-electrique-et-de-cuisson","8":"product_cat-palettisable","9":"product_cat-petit-materiel","10":"product_cat-preparation-des-aliments","12":"first","13":"instock","14":"featured","15":"taxable","16":"shipping-taxable","17":"purchasable","18":"product-type-simple"},"_links":{"self":[{"href":"https:\/\/abinox-chr-clim.com\/index.php\/wp-json\/wp\/v2\/product\/69504","targetHints":{"allow":["GET"]}}],"collection":[{"href":"https:\/\/abinox-chr-clim.com\/index.php\/wp-json\/wp\/v2\/product"}],"about":[{"href":"https:\/\/abinox-chr-clim.com\/index.php\/wp-json\/wp\/v2\/types\/product"}],"replies":[{"embeddable":true,"href":"https:\/\/abinox-chr-clim.com\/index.php\/wp-json\/wp\/v2\/comments?post=69504"}],"wp:featuredmedia":[{"embeddable":true,"href":"https:\/\/abinox-chr-clim.com\/index.php\/wp-json\/wp\/v2\/media\/85449"}],"wp:attachment":[{"href":"https:\/\/abinox-chr-clim.com\/index.php\/wp-json\/wp\/v2\/media?parent=69504"}],"wp:term":[{"taxonomy":"product_brand","embeddable":true,"href":"https:\/\/abinox-chr-clim.com\/index.php\/wp-json\/wp\/v2\/product_brand?post=69504"},{"taxonomy":"product_cat","embeddable":true,"href":"https:\/\/abinox-chr-clim.com\/index.php\/wp-json\/wp\/v2\/product_cat?post=69504"},{"taxonomy":"product_tag","embeddable":true,"href":"https:\/\/abinox-chr-clim.com\/index.php\/wp-json\/wp\/v2\/product_tag?post=69504"}],"curies":[{"name":"wp","href":"https:\/\/api.w.org\/{rel}","templated":true}]}}