{"id":69503,"date":"2024-03-22T16:24:47","date_gmt":"2024-03-22T15:24:47","guid":{"rendered":"https:\/\/abinox-chr-clim.com\/index.php\/product\/rape-a-fromage-electrique-santos\/"},"modified":"2026-04-23T08:15:29","modified_gmt":"2026-04-23T06:15:29","slug":"rape-a-fromage-electrique-santos","status":"publish","type":"product","link":"https:\/\/abinox-chr-clim.com\/index.php\/product\/rape-a-fromage-electrique-santos\/","title":{"rendered":"R\u00e2pe \u00e0 fromage \u00e9lectrique Santos"},"content":{"rendered":"<p>R\u00e2pe \u00e9lectrique puissante avec moteur silencieux et interrupteur de s\u00e9curit\u00e9. Convient  pour les noix, fruits secs, le chocolat et le fromage. Base facile \u00e0 nettoyer, tout comme les accessoires amovibles lavables au lave-vaisselle. Id\u00e9ale pour les supermarch\u00e9s, pizzerias et p\u00e2tisseries.<br \/>Peinture anti-bact\u00e9rienne.Fournie avec un disque \u00e0 r\u00e2per de 3mm.Adapt\u00e9e aux noisettes, fruits secs, au chocolat et fromage. R\u00e9f\u00e9rence soumise \u00e0 une Eco-participation mobilier de 0.84\u20ac par unit\u00e9 vendue.  5 ans de garantie sur le moteur asynchrone. R\u00e9f\u00e9rence soumise \u00e0 une Eco-participation DEEE de 0,04\u20ac par unit\u00e9 vendue. Peinture anti-bact\u00e9rienne. .<br \/> Caract\u00e9ristiques :<br \/> Capacit\u00e9 : 800g.<br \/> Dimensions : 360(H) x 250(L) x 420(P)mm.<br \/> Mati\u00e8re : Aluminium et acier inoxydable.<br \/> Sortie : 50kg\/h.<br \/> Vitesse : 1500tr\/mm.<br \/> Voltage : 230V.<br \/> Couleur : Beige.<br \/> Puissance : 600 W.<\/p>\n","protected":false},"excerpt":{"rendered":"<div><img decoding=\"async\" src=\"https:\/\/abinox-chr-clim.com\/wp-content\/uploads\/2024\/03\/abinox-garantie-1-an.webp\" width=\"150px\"\/><\/div>\n<p>R\u00e2pe \u00e0 fromage \u00e9lectrique Santos<\/p>\n","protected":false},"featured_media":82951,"comment_status":"closed","ping_status":"closed","template":"","meta":[],"product_brand":[],"product_cat":[1191,1160,1297,1179,1187],"product_tag":[],"class_list":{"0":"post-69503","1":"product","2":"type-product","3":"status-publish","4":"has-post-thumbnail","6":"product_cat-divers-petit-materiel","7":"product_cat-materiel-electrique-et-de-cuisson","8":"product_cat-non-palettisable","9":"product_cat-petit-materiel","10":"product_cat-preparation-des-aliments","11":"product_shipping_class-free-shipping","13":"first","14":"instock","15":"featured","16":"taxable","17":"shipping-taxable","18":"purchasable","19":"product-type-simple"},"_links":{"self":[{"href":"https:\/\/abinox-chr-clim.com\/index.php\/wp-json\/wp\/v2\/product\/69503","targetHints":{"allow":["GET"]}}],"collection":[{"href":"https:\/\/abinox-chr-clim.com\/index.php\/wp-json\/wp\/v2\/product"}],"about":[{"href":"https:\/\/abinox-chr-clim.com\/index.php\/wp-json\/wp\/v2\/types\/product"}],"replies":[{"embeddable":true,"href":"https:\/\/abinox-chr-clim.com\/index.php\/wp-json\/wp\/v2\/comments?post=69503"}],"wp:featuredmedia":[{"embeddable":true,"href":"https:\/\/abinox-chr-clim.com\/index.php\/wp-json\/wp\/v2\/media\/82951"}],"wp:attachment":[{"href":"https:\/\/abinox-chr-clim.com\/index.php\/wp-json\/wp\/v2\/media?parent=69503"}],"wp:term":[{"taxonomy":"product_brand","embeddable":true,"href":"https:\/\/abinox-chr-clim.com\/index.php\/wp-json\/wp\/v2\/product_brand?post=69503"},{"taxonomy":"product_cat","embeddable":true,"href":"https:\/\/abinox-chr-clim.com\/index.php\/wp-json\/wp\/v2\/product_cat?post=69503"},{"taxonomy":"product_tag","embeddable":true,"href":"https:\/\/abinox-chr-clim.com\/index.php\/wp-json\/wp\/v2\/product_tag?post=69503"}],"curies":[{"name":"wp","href":"https:\/\/api.w.org\/{rel}","templated":true}]}}