{"id":69501,"date":"2024-03-22T16:24:46","date_gmt":"2024-03-22T15:24:46","guid":{"rendered":"https:\/\/abinox-chr-clim.com\/index.php\/product\/coupe-legumes-1-vitesse-dynamic-cl100-avec-disque-eminceur-25mm-cl1025\/"},"modified":"2026-04-23T09:52:34","modified_gmt":"2026-04-23T07:52:34","slug":"coupe-legumes-1-vitesse-dynamic-cl100-avec-disque-eminceur-25mm-cl1025","status":"publish","type":"product","link":"https:\/\/abinox-chr-clim.com\/index.php\/product\/coupe-legumes-1-vitesse-dynamic-cl100-avec-disque-eminceur-25mm-cl1025\/","title":{"rendered":"Coupe-l\u00e9gumes 1 vitesse Dynamic CL100 avec disque \u00e9minceur 2,5mm CL1025"},"content":{"rendered":"<p>Polyvalent : jusqu&rsquo;\u00e0 28 applications utilisant diff\u00e9rents lames\/disques. Gain de productivit\u00e9 gr\u00e2ce aux disques de grande taille (diam\u00e8tre le plus large du march\u00e9). Facile \u00e0 nettoyer : toutes les pi\u00e8ces en contact avec les aliments passent au lave-vaisselle. Conception : inox et base m\u00e9tallique. Panneau de commande \u00e0 leds. Moteur asynchrone puissant silencieux 50 Db et sans vibrations. Ergonomie : Adapt\u00e9 pour droitiers et gauchers. Mise en place facile du r\u00e9ceptacle et des accessoires. D\u00e9bit Jusqu&rsquo;\u00e0 300 KG \/ HEURE. 1 vitesse 320 tr\/mn. Facile \u00e0 d\u00e9monter. Deux goulottes pour s\u00bfadapter \u00e0 tous les v\u00e9g\u00e9taux. Polyvalent : jusqu&rsquo;\u00e0 28 applications utilisant diff\u00e9rents lames\/disques.<\/p>\n<p>Caract\u00e9ristiques :<br \/> Capacit\u00e9 : 5,4L.<br \/> Mati\u00e8re : .<br \/> Voltage : 220-240V.<br \/> Couleur : Orange.<\/p>\n","protected":false},"excerpt":{"rendered":"<div><img decoding=\"async\" src=\"https:\/\/abinox-chr-clim.com\/wp-content\/uploads\/2024\/03\/abinox-garantie-1-an.webp\" width=\"150px\"\/><\/div>\n<p>Coupe-l\u00e9gumes 1 vitesse Dynamic CL100 avec disque \u00e9minceur 2,5mm CL1025<\/p>\n","protected":false},"featured_media":99701,"comment_status":"closed","ping_status":"closed","template":"","meta":[],"product_brand":[],"product_cat":[1190,1160,1297,1179,1187],"product_tag":[],"class_list":{"0":"post-69501","1":"product","2":"type-product","3":"status-publish","4":"has-post-thumbnail","6":"product_cat-coupe-legumes","7":"product_cat-materiel-electrique-et-de-cuisson","8":"product_cat-non-palettisable","9":"product_cat-petit-materiel","10":"product_cat-preparation-des-aliments","11":"product_shipping_class-free-shipping","13":"first","14":"outofstock","15":"featured","16":"taxable","17":"shipping-taxable","18":"purchasable","19":"product-type-simple"},"_links":{"self":[{"href":"https:\/\/abinox-chr-clim.com\/index.php\/wp-json\/wp\/v2\/product\/69501","targetHints":{"allow":["GET"]}}],"collection":[{"href":"https:\/\/abinox-chr-clim.com\/index.php\/wp-json\/wp\/v2\/product"}],"about":[{"href":"https:\/\/abinox-chr-clim.com\/index.php\/wp-json\/wp\/v2\/types\/product"}],"replies":[{"embeddable":true,"href":"https:\/\/abinox-chr-clim.com\/index.php\/wp-json\/wp\/v2\/comments?post=69501"}],"wp:featuredmedia":[{"embeddable":true,"href":"https:\/\/abinox-chr-clim.com\/index.php\/wp-json\/wp\/v2\/media\/99701"}],"wp:attachment":[{"href":"https:\/\/abinox-chr-clim.com\/index.php\/wp-json\/wp\/v2\/media?parent=69501"}],"wp:term":[{"taxonomy":"product_brand","embeddable":true,"href":"https:\/\/abinox-chr-clim.com\/index.php\/wp-json\/wp\/v2\/product_brand?post=69501"},{"taxonomy":"product_cat","embeddable":true,"href":"https:\/\/abinox-chr-clim.com\/index.php\/wp-json\/wp\/v2\/product_cat?post=69501"},{"taxonomy":"product_tag","embeddable":true,"href":"https:\/\/abinox-chr-clim.com\/index.php\/wp-json\/wp\/v2\/product_tag?post=69501"}],"curies":[{"name":"wp","href":"https:\/\/api.w.org\/{rel}","templated":true}]}}