{"id":69498,"date":"2024-03-22T16:24:45","date_gmt":"2024-03-22T15:24:45","guid":{"rendered":"https:\/\/abinox-chr-clim.com\/index.php\/product\/coupe-batonnets-et-cubes-vogue-lame-95mm\/"},"modified":"2026-04-23T09:31:03","modified_gmt":"2026-04-23T07:31:03","slug":"coupe-batonnets-et-cubes-vogue-lame-95mm","status":"publish","type":"product","link":"https:\/\/abinox-chr-clim.com\/index.php\/product\/coupe-batonnets-et-cubes-vogue-lame-95mm\/","title":{"rendered":"Coupe b\u00e2tonnets et cubes Vogue lame 9,5mm"},"content":{"rendered":"<p>Permet d&rsquo;obtenir des cubes de l\u00e9gumes de taille uniforme rapidement et efficacement. Fonte d&rsquo;aluminium avec lame en acier inoxydable de 9,5 mm.<br \/>Permet de couper une vari\u00e9t\u00e9 de l\u00e9gumes pour les bars \u00e0 salade, les p\u00e2tes, les soupes et autres pr\u00e9parations culinaires. Coupe les produits en d\u00e9s uniformes de 9,5 mm. La construction robuste en fonte d&rsquo;aluminium garantit un appareil fait pour durer. Les lames de pr\u00e9cision en acier inoxydable ne rouillent pas. Permet de couper une vari\u00e9t\u00e9 de l\u00e9gumes pour les bars \u00e0 salade, les p\u00e2tes, les soupes et autres pr\u00e9parations culinaires.<\/p>\n<p>Caract\u00e9ristiques :<br \/> Dimensions : 470(H) x 253(L) x 253(P) mm.<br \/> Mati\u00e8re : Aluminium et inox.<br \/> Couleur : Argent.<\/p>\n","protected":false},"excerpt":{"rendered":"<div><img decoding=\"async\" src=\"https:\/\/abinox-chr-clim.com\/wp-content\/uploads\/2024\/03\/abinox-garantie-1-an.webp\" width=\"150px\"\/><\/div>\n<p>Coupe b\u00e2tonnets et cubes Vogue lame 9,5mm<\/p>\n","protected":false},"featured_media":87434,"comment_status":"closed","ping_status":"closed","template":"","meta":[],"product_brand":[],"product_cat":[1190,1160,1297,1179,1187],"product_tag":[],"class_list":{"0":"post-69498","1":"product","2":"type-product","3":"status-publish","4":"has-post-thumbnail","6":"product_cat-coupe-legumes","7":"product_cat-materiel-electrique-et-de-cuisson","8":"product_cat-non-palettisable","9":"product_cat-petit-materiel","10":"product_cat-preparation-des-aliments","11":"product_shipping_class-free-shipping","13":"first","14":"instock","15":"featured","16":"taxable","17":"shipping-taxable","18":"purchasable","19":"product-type-simple"},"_links":{"self":[{"href":"https:\/\/abinox-chr-clim.com\/index.php\/wp-json\/wp\/v2\/product\/69498","targetHints":{"allow":["GET"]}}],"collection":[{"href":"https:\/\/abinox-chr-clim.com\/index.php\/wp-json\/wp\/v2\/product"}],"about":[{"href":"https:\/\/abinox-chr-clim.com\/index.php\/wp-json\/wp\/v2\/types\/product"}],"replies":[{"embeddable":true,"href":"https:\/\/abinox-chr-clim.com\/index.php\/wp-json\/wp\/v2\/comments?post=69498"}],"wp:featuredmedia":[{"embeddable":true,"href":"https:\/\/abinox-chr-clim.com\/index.php\/wp-json\/wp\/v2\/media\/87434"}],"wp:attachment":[{"href":"https:\/\/abinox-chr-clim.com\/index.php\/wp-json\/wp\/v2\/media?parent=69498"}],"wp:term":[{"taxonomy":"product_brand","embeddable":true,"href":"https:\/\/abinox-chr-clim.com\/index.php\/wp-json\/wp\/v2\/product_brand?post=69498"},{"taxonomy":"product_cat","embeddable":true,"href":"https:\/\/abinox-chr-clim.com\/index.php\/wp-json\/wp\/v2\/product_cat?post=69498"},{"taxonomy":"product_tag","embeddable":true,"href":"https:\/\/abinox-chr-clim.com\/index.php\/wp-json\/wp\/v2\/product_tag?post=69498"}],"curies":[{"name":"wp","href":"https:\/\/api.w.org\/{rel}","templated":true}]}}