{"id":69497,"date":"2024-03-22T16:24:45","date_gmt":"2024-03-22T15:24:45","guid":{"rendered":"https:\/\/abinox-chr-clim.com\/index.php\/product\/coupe-frites-vogue\/"},"modified":"2026-04-23T09:35:07","modified_gmt":"2026-04-23T07:35:07","slug":"coupe-frites-vogue","status":"publish","type":"product","link":"https:\/\/abinox-chr-clim.com\/index.php\/product\/coupe-frites-vogue\/","title":{"rendered":"Coupe-frites Vogue"},"content":{"rendered":"<p>Coupe les l\u00e9gumes en frites de taille r\u00e9guli\u00e8re, id\u00e9al pour les pommes de terre et les patates douces.Coupe les ingr\u00e9dients en d\u00e9s uniformes de 9,5 mm. Construction robuste en fonte d&rsquo;aluminium qui garantit que l&rsquo;appareil est construit pour durer. Les lames en acier inoxydable de pr\u00e9cision ne se corrodent pas. D\u00e9coupe manuelle rapide et efficace.  Coupe les l\u00e9gumes en frites de taille r\u00e9guli\u00e8re, id\u00e9al pour les pommes de terre et les patates douces. .<br \/> Caract\u00e9ristiques :<br \/> Dimensions : 290(H) x 204(L) x 436(P) mm.<br \/> Mati\u00e8re : Aluminium et inox<\/p>\n","protected":false},"excerpt":{"rendered":"<div><img decoding=\"async\" src=\"https:\/\/abinox-chr-clim.com\/wp-content\/uploads\/2024\/03\/abinox-garantie-1-an.webp\" width=\"150px\"\/><\/div>\n<p>Coupe-frites Vogue<\/p>\n","protected":false},"featured_media":87441,"comment_status":"closed","ping_status":"closed","template":"","meta":[],"product_brand":[],"product_cat":[1190,1160,1297,1179,1187],"product_tag":[],"class_list":{"0":"post-69497","1":"product","2":"type-product","3":"status-publish","4":"has-post-thumbnail","6":"product_cat-coupe-legumes","7":"product_cat-materiel-electrique-et-de-cuisson","8":"product_cat-non-palettisable","9":"product_cat-petit-materiel","10":"product_cat-preparation-des-aliments","11":"product_shipping_class-free-shipping","13":"first","14":"instock","15":"featured","16":"taxable","17":"shipping-taxable","18":"purchasable","19":"product-type-simple"},"_links":{"self":[{"href":"https:\/\/abinox-chr-clim.com\/index.php\/wp-json\/wp\/v2\/product\/69497","targetHints":{"allow":["GET"]}}],"collection":[{"href":"https:\/\/abinox-chr-clim.com\/index.php\/wp-json\/wp\/v2\/product"}],"about":[{"href":"https:\/\/abinox-chr-clim.com\/index.php\/wp-json\/wp\/v2\/types\/product"}],"replies":[{"embeddable":true,"href":"https:\/\/abinox-chr-clim.com\/index.php\/wp-json\/wp\/v2\/comments?post=69497"}],"wp:featuredmedia":[{"embeddable":true,"href":"https:\/\/abinox-chr-clim.com\/index.php\/wp-json\/wp\/v2\/media\/87441"}],"wp:attachment":[{"href":"https:\/\/abinox-chr-clim.com\/index.php\/wp-json\/wp\/v2\/media?parent=69497"}],"wp:term":[{"taxonomy":"product_brand","embeddable":true,"href":"https:\/\/abinox-chr-clim.com\/index.php\/wp-json\/wp\/v2\/product_brand?post=69497"},{"taxonomy":"product_cat","embeddable":true,"href":"https:\/\/abinox-chr-clim.com\/index.php\/wp-json\/wp\/v2\/product_cat?post=69497"},{"taxonomy":"product_tag","embeddable":true,"href":"https:\/\/abinox-chr-clim.com\/index.php\/wp-json\/wp\/v2\/product_tag?post=69497"}],"curies":[{"name":"wp","href":"https:\/\/api.w.org\/{rel}","templated":true}]}}