{"id":69493,"date":"2024-03-22T16:24:44","date_gmt":"2024-03-22T15:24:44","guid":{"rendered":"https:\/\/abinox-chr-clim.com\/index.php\/product\/centrifugeuse-santos-miracle-edition-68\/"},"modified":"2026-04-02T09:17:51","modified_gmt":"2026-04-02T07:17:51","slug":"centrifugeuse-santos-miracle-edition-68","status":"publish","type":"product","link":"https:\/\/abinox-chr-clim.com\/index.php\/product\/centrifugeuse-santos-miracle-edition-68\/","title":{"rendered":"Centrifugeuse Santos Miracle Edition 68"},"content":{"rendered":"<p>Centrifugeuse puissante, robuste et facile \u00e0 nettoyer, c&rsquo;est l&rsquo;outil incontournable des bars \u00e0 jus. L&rsquo;\u00e9dition Miracle offre une grande efficacit\u00e9 et est adapt\u00e9e \u00e0 une utilisation intensive. Filtration parfaite pour un jus de grande qualit\u00e9: grand panier avec tamis tr\u00e8s fin. Goulotte d&rsquo;introduction extra large (80 mm de \u00d8), panier amovible et bec de 228mm de haut. Livr\u00e9e avec poussoir alimentaire, brosse de nettoyage et bac r\u00e9cup\u00e9rateur.<br \/>Cuve et panier avec tamis en acier inoxydable. Syst\u00e8me brevet\u00e9 Ezy-clean&#8482; II : couvercle, cuve et panier amovibles (sans outil).Large introduction: 79.5 mm. Laisse passer des fruits et l\u00e9gumes entiers.R\u00e9f\u00e9rence soumise \u00e0 une Eco-participation mobilier de 1.56\u20ac par unit\u00e9 vendue. Hauteur du bec: 228 mm (9&Prime;), pour r\u00e9aliser du jus en continu au pichet ou au verre \u00e0 verre.Moteur asynchrone puissant 1,3kW. Zone alimentaire tout en inox (pas d&rsquo;aluminium). Filtration parfaite pour un jus de grande qualit\u00e9: grand panier avec tamis tr\u00e8s fin (trous de 0.5 mm). R\u00e9f\u00e9rence soumise \u00e0 une Eco-participation DEEE de 0,88\u20ac par unit\u00e9 vendue. Cuve et panier avec tamis en acier inoxydable.<\/p>\n<p>Caract\u00e9ristiques :<br \/> Dimensions : 606(H)x 330(L)x 562(P)mm.<br \/> Mati\u00e8re : Acier inoxydable et aluminium.<br \/> Sortie : 140L\/h.<br \/> Vitesse : 3000 tr\/mn.<br \/> Voltage : 230V.<br \/> Couleur : Argent.<br \/> Puissance : 1.3 kW.<\/p>\n","protected":false},"excerpt":{"rendered":"<div><img decoding=\"async\" src=\"https:\/\/abinox-chr-clim.com\/wp-content\/uploads\/2024\/03\/abinox-garantie-1-an.webp\" width=\"150px\"\/><\/div>\n<p>Centrifugeuse Santos Miracle Edition 68<\/p>\n","protected":false},"featured_media":101837,"comment_status":"closed","ping_status":"closed","template":"","meta":[],"product_brand":[],"product_cat":[1284,1160,1296,1179,1187],"product_tag":[],"class_list":{"0":"post-69493","1":"product","2":"type-product","3":"status-publish","4":"has-post-thumbnail","6":"product_cat-centrifugeuses-preparation-des-aliments","7":"product_cat-materiel-electrique-et-de-cuisson","8":"product_cat-palettisable","9":"product_cat-petit-materiel","10":"product_cat-preparation-des-aliments","12":"first","13":"instock","14":"featured","15":"taxable","16":"shipping-taxable","17":"purchasable","18":"product-type-simple"},"_links":{"self":[{"href":"https:\/\/abinox-chr-clim.com\/index.php\/wp-json\/wp\/v2\/product\/69493","targetHints":{"allow":["GET"]}}],"collection":[{"href":"https:\/\/abinox-chr-clim.com\/index.php\/wp-json\/wp\/v2\/product"}],"about":[{"href":"https:\/\/abinox-chr-clim.com\/index.php\/wp-json\/wp\/v2\/types\/product"}],"replies":[{"embeddable":true,"href":"https:\/\/abinox-chr-clim.com\/index.php\/wp-json\/wp\/v2\/comments?post=69493"}],"wp:featuredmedia":[{"embeddable":true,"href":"https:\/\/abinox-chr-clim.com\/index.php\/wp-json\/wp\/v2\/media\/101837"}],"wp:attachment":[{"href":"https:\/\/abinox-chr-clim.com\/index.php\/wp-json\/wp\/v2\/media?parent=69493"}],"wp:term":[{"taxonomy":"product_brand","embeddable":true,"href":"https:\/\/abinox-chr-clim.com\/index.php\/wp-json\/wp\/v2\/product_brand?post=69493"},{"taxonomy":"product_cat","embeddable":true,"href":"https:\/\/abinox-chr-clim.com\/index.php\/wp-json\/wp\/v2\/product_cat?post=69493"},{"taxonomy":"product_tag","embeddable":true,"href":"https:\/\/abinox-chr-clim.com\/index.php\/wp-json\/wp\/v2\/product_tag?post=69493"}],"curies":[{"name":"wp","href":"https:\/\/api.w.org\/{rel}","templated":true}]}}