{"id":69492,"date":"2024-03-22T16:24:43","date_gmt":"2024-03-22T15:24:43","guid":{"rendered":"https:\/\/abinox-chr-clim.com\/index.php\/product\/centrifugeuse-haut-debit-santos\/"},"modified":"2026-04-02T08:43:41","modified_gmt":"2026-04-02T06:43:41","slug":"centrifugeuse-haut-debit-santos","status":"publish","type":"product","link":"https:\/\/abinox-chr-clim.com\/index.php\/product\/centrifugeuse-haut-debit-santos\/","title":{"rendered":"Centrifugeuse haut d\u00e9bit Santos"},"content":{"rendered":"<p>Le moteur silencieux, mais puissant, produit plus de 1,5 litres de jus de pomme par minute. Gr\u00e2ce \u00e0 la goulotte d&rsquo;alimentation extra large, vous n&rsquo;avez plus besoin de couper les fruits en petits morceaux. Poss\u00e8de le syst\u00e8me Ezy-Clean\u00bf avec bol, panier et couvercle amovibles. Le panier poss\u00e8de des mailles fines. Parfait pour r\u00e9aliser des jus de fruits frais devant les clients.<br \/>Alimentation manuelle. Facile \u00e0 utiliser, nettoyer et entretenir. Bol et lames en acier inoxydable. R\u00e9f\u00e9rence soumise \u00e0 une Eco-participation mobilier de 0.87\u20ac par unit\u00e9 vendue. Garantie constructeur de 5 ans sur moteur asynchrone. Goulotte d&rsquo;alimentation extra large. Hauteur du bec de 200mm adapt\u00e9e pour les pichets.Le syst\u00e8me de filtration performant produit un jus de qualit\u00e9 sup\u00e9rieure. Ejection automatique de la pulpe.R\u00e9f\u00e9rence soumise \u00e0 une Eco-participation DEEE de 0,56\u20ac par unit\u00e9 vendue. Alimentation manuelle.<\/p>\n<p>Caract\u00e9ristiques :<br \/> Dimensions : 450(H)x 260(L)x 470(P)mm.<br \/> Mati\u00e8re : Inox.<br \/> Sortie : 100L\/h.<br \/> Vitesse : 3000tr\/mn.<br \/> Voltage : 230V.<br \/> Couleur : .<br \/> Puissance : 800 W.<\/p>\n","protected":false},"excerpt":{"rendered":"<div><img decoding=\"async\" src=\"https:\/\/abinox-chr-clim.com\/wp-content\/uploads\/2024\/03\/abinox-garantie-1-an.webp\" width=\"150px\"\/><\/div>\n<p>Centrifugeuse haut d\u00e9bit Santos<\/p>\n","protected":false},"featured_media":96130,"comment_status":"closed","ping_status":"closed","template":"","meta":[],"product_brand":[],"product_cat":[1284,1160,1297,1179,1187],"product_tag":[],"class_list":{"0":"post-69492","1":"product","2":"type-product","3":"status-publish","4":"has-post-thumbnail","6":"product_cat-centrifugeuses-preparation-des-aliments","7":"product_cat-materiel-electrique-et-de-cuisson","8":"product_cat-non-palettisable","9":"product_cat-petit-materiel","10":"product_cat-preparation-des-aliments","11":"product_shipping_class-free-shipping","13":"first","14":"instock","15":"featured","16":"taxable","17":"shipping-taxable","18":"purchasable","19":"product-type-simple"},"_links":{"self":[{"href":"https:\/\/abinox-chr-clim.com\/index.php\/wp-json\/wp\/v2\/product\/69492","targetHints":{"allow":["GET"]}}],"collection":[{"href":"https:\/\/abinox-chr-clim.com\/index.php\/wp-json\/wp\/v2\/product"}],"about":[{"href":"https:\/\/abinox-chr-clim.com\/index.php\/wp-json\/wp\/v2\/types\/product"}],"replies":[{"embeddable":true,"href":"https:\/\/abinox-chr-clim.com\/index.php\/wp-json\/wp\/v2\/comments?post=69492"}],"wp:featuredmedia":[{"embeddable":true,"href":"https:\/\/abinox-chr-clim.com\/index.php\/wp-json\/wp\/v2\/media\/96130"}],"wp:attachment":[{"href":"https:\/\/abinox-chr-clim.com\/index.php\/wp-json\/wp\/v2\/media?parent=69492"}],"wp:term":[{"taxonomy":"product_brand","embeddable":true,"href":"https:\/\/abinox-chr-clim.com\/index.php\/wp-json\/wp\/v2\/product_brand?post=69492"},{"taxonomy":"product_cat","embeddable":true,"href":"https:\/\/abinox-chr-clim.com\/index.php\/wp-json\/wp\/v2\/product_cat?post=69492"},{"taxonomy":"product_tag","embeddable":true,"href":"https:\/\/abinox-chr-clim.com\/index.php\/wp-json\/wp\/v2\/product_tag?post=69492"}],"curies":[{"name":"wp","href":"https:\/\/api.w.org\/{rel}","templated":true}]}}