{"id":69491,"date":"2024-03-22T16:24:43","date_gmt":"2024-03-22T15:24:43","guid":{"rendered":"https:\/\/abinox-chr-clim.com\/index.php\/product\/extracteur-de-jus-santos-65a\/"},"modified":"2026-04-02T09:46:43","modified_gmt":"2026-04-02T07:46:43","slug":"extracteur-de-jus-santos-65a","status":"publish","type":"product","link":"https:\/\/abinox-chr-clim.com\/index.php\/product\/extracteur-de-jus-santos-65a\/","title":{"rendered":"Extracteur de jus Santos 65A"},"content":{"rendered":"<p>Pr\u00e9parez des jus frais, press\u00e9s \u00e0 froid, sur demande. Cette nouvelle fa\u00e7on d\u00bfextraire du jus, en pressant tr\u00e8s lentement toutes sortes de fruits, l\u00e9gumes et herbes, permet de pr\u00e9server les vitamines, nutriments, enzymes et min\u00e9raux. Le moteur silencieux permet l&rsquo;extraction de jus directement devant les clients. Pas besoin de couper vos aliments gr\u00e2ce \u00e0 la goulotte XL, ce qui vous laisse plus de temps pour vous concentrer sur le service de vos clients.<br \/>Alimentation manuelle. Facile \u00e0\u00a0utiliser, nettoyer et entretenir. Zone alimentaire en acier inoxydable. R\u00e9f\u00e9rence soumise \u00e0 une Eco-participation mobilier de 1.08\u20ac par unit\u00e9 vendue. Une nouvelle fa\u00e7on d&rsquo;extraire du jus: Ajustez votre vitesse (5 \u00e0 80 tr\/min) et choisissez votre taille de filtre pour obtenir le jus que vous souhaitez. Jus frais, press\u00e9 \u00e0 froid, sur demande. Le jus extrait conserve la quantit\u00e9 maximale de nutriments, d&rsquo;enzymes, de min\u00e9raux et de vitamines. Goulotte XL : Une large goulotte d&rsquo;introduction de 79,5 mm de diam\u00e8tre permet de presser des fruits et l\u00e9gumes entiers. Pas de pr\u00e9-d\u00e9coupe n\u00e9cessaire. Poussoir et syst\u00e8me d&rsquo;extraction amovibles pour un nettoyage facile (lavables au lave-vaisselle). Garantie de 5 ans sur le moteur. Moteur \u00e0 induction robuste. Alimentation manuelle.<\/p>\n<p>Caract\u00e9ristiques :<br \/> Dimensions : 650(H) x 200(L) x 350(P)mm.<br \/> Mati\u00e8re : Aluminium et plastique.<br \/> Voltage : 220-240V.<br \/> Couleur : Gris.<\/p>\n","protected":false},"excerpt":{"rendered":"<div><img decoding=\"async\" src=\"https:\/\/abinox-chr-clim.com\/wp-content\/uploads\/2024\/03\/abinox-garantie-1-an.webp\" width=\"150px\"\/><\/div>\n<p>Extracteur de jus Santos 65A<\/p>\n","protected":false},"featured_media":85237,"comment_status":"closed","ping_status":"closed","template":"","meta":[],"product_brand":[],"product_cat":[1284,1160,1297,1179,1187],"product_tag":[],"class_list":{"0":"post-69491","1":"product","2":"type-product","3":"status-publish","4":"has-post-thumbnail","6":"product_cat-centrifugeuses-preparation-des-aliments","7":"product_cat-materiel-electrique-et-de-cuisson","8":"product_cat-non-palettisable","9":"product_cat-petit-materiel","10":"product_cat-preparation-des-aliments","11":"product_shipping_class-free-shipping","13":"first","14":"instock","15":"featured","16":"taxable","17":"shipping-taxable","18":"purchasable","19":"product-type-simple"},"_links":{"self":[{"href":"https:\/\/abinox-chr-clim.com\/index.php\/wp-json\/wp\/v2\/product\/69491","targetHints":{"allow":["GET"]}}],"collection":[{"href":"https:\/\/abinox-chr-clim.com\/index.php\/wp-json\/wp\/v2\/product"}],"about":[{"href":"https:\/\/abinox-chr-clim.com\/index.php\/wp-json\/wp\/v2\/types\/product"}],"replies":[{"embeddable":true,"href":"https:\/\/abinox-chr-clim.com\/index.php\/wp-json\/wp\/v2\/comments?post=69491"}],"wp:featuredmedia":[{"embeddable":true,"href":"https:\/\/abinox-chr-clim.com\/index.php\/wp-json\/wp\/v2\/media\/85237"}],"wp:attachment":[{"href":"https:\/\/abinox-chr-clim.com\/index.php\/wp-json\/wp\/v2\/media?parent=69491"}],"wp:term":[{"taxonomy":"product_brand","embeddable":true,"href":"https:\/\/abinox-chr-clim.com\/index.php\/wp-json\/wp\/v2\/product_brand?post=69491"},{"taxonomy":"product_cat","embeddable":true,"href":"https:\/\/abinox-chr-clim.com\/index.php\/wp-json\/wp\/v2\/product_cat?post=69491"},{"taxonomy":"product_tag","embeddable":true,"href":"https:\/\/abinox-chr-clim.com\/index.php\/wp-json\/wp\/v2\/product_tag?post=69491"}],"curies":[{"name":"wp","href":"https:\/\/api.w.org\/{rel}","templated":true}]}}