{"id":69490,"date":"2024-03-22T16:24:43","date_gmt":"2024-03-22T15:24:43","guid":{"rendered":"https:\/\/abinox-chr-clim.com\/index.php\/product\/centrifugeuse-professionnelle-santos-28a\/"},"modified":"2026-04-02T09:17:50","modified_gmt":"2026-04-02T07:17:50","slug":"centrifugeuse-professionnelle-santos-28a","status":"publish","type":"product","link":"https:\/\/abinox-chr-clim.com\/index.php\/product\/centrifugeuse-professionnelle-santos-28a\/","title":{"rendered":"Centrifugeuse professionnelle Santos 28A"},"content":{"rendered":"<p>Cuve acier inoxydable amovible facilement nettoyable. Couvercle en aluminium avec goulotte d&rsquo;introduction de large diam\u00e8tre (68mm). Disque de r\u00e2pe en acier inox : \u00d8 165mm, rempla\u00e7able apr\u00e8s usure.Accepte les fruits et l\u00e9gumes entiers (carottes, tomates, raisin, concombres, pommes. .) ou en gros quartiers (ananas, melons. .).  R\u00e9f\u00e9rence soumise \u00e0 une Eco-participation DEEE de 0,96\u20ac par unit\u00e9 vendue. Cuve acier inoxydable amovible facilement nettoyable.<\/p>\n<p>Caract\u00e9ristiques :<br \/> Dimensions : 510(H)x 320(L)x 480(P)mm.<br \/> Mati\u00e8re : Acier inoxydable et aluminium.<br \/> Sortie : 100L\/h.<br \/> Vitesse : 3000 tr\/mn &#8211; 3600 tr\/mn.<br \/> Voltage : 230V<\/p>\n","protected":false},"excerpt":{"rendered":"<div><img decoding=\"async\" src=\"https:\/\/abinox-chr-clim.com\/wp-content\/uploads\/2024\/03\/abinox-garantie-1-an.webp\" width=\"150px\"\/><\/div>\n<p>Centrifugeuse professionnelle Santos 28A<\/p>\n","protected":false},"featured_media":83395,"comment_status":"closed","ping_status":"closed","template":"","meta":[],"product_brand":[],"product_cat":[1284,1160,1297,1179,1187],"product_tag":[],"class_list":{"0":"post-69490","1":"product","2":"type-product","3":"status-publish","4":"has-post-thumbnail","6":"product_cat-centrifugeuses-preparation-des-aliments","7":"product_cat-materiel-electrique-et-de-cuisson","8":"product_cat-non-palettisable","9":"product_cat-petit-materiel","10":"product_cat-preparation-des-aliments","11":"product_shipping_class-free-shipping","13":"first","14":"outofstock","15":"featured","16":"taxable","17":"shipping-taxable","18":"purchasable","19":"product-type-simple"},"_links":{"self":[{"href":"https:\/\/abinox-chr-clim.com\/index.php\/wp-json\/wp\/v2\/product\/69490","targetHints":{"allow":["GET"]}}],"collection":[{"href":"https:\/\/abinox-chr-clim.com\/index.php\/wp-json\/wp\/v2\/product"}],"about":[{"href":"https:\/\/abinox-chr-clim.com\/index.php\/wp-json\/wp\/v2\/types\/product"}],"replies":[{"embeddable":true,"href":"https:\/\/abinox-chr-clim.com\/index.php\/wp-json\/wp\/v2\/comments?post=69490"}],"wp:featuredmedia":[{"embeddable":true,"href":"https:\/\/abinox-chr-clim.com\/index.php\/wp-json\/wp\/v2\/media\/83395"}],"wp:attachment":[{"href":"https:\/\/abinox-chr-clim.com\/index.php\/wp-json\/wp\/v2\/media?parent=69490"}],"wp:term":[{"taxonomy":"product_brand","embeddable":true,"href":"https:\/\/abinox-chr-clim.com\/index.php\/wp-json\/wp\/v2\/product_brand?post=69490"},{"taxonomy":"product_cat","embeddable":true,"href":"https:\/\/abinox-chr-clim.com\/index.php\/wp-json\/wp\/v2\/product_cat?post=69490"},{"taxonomy":"product_tag","embeddable":true,"href":"https:\/\/abinox-chr-clim.com\/index.php\/wp-json\/wp\/v2\/product_tag?post=69490"}],"curies":[{"name":"wp","href":"https:\/\/api.w.org\/{rel}","templated":true}]}}